{"id":19452,"date":"2020-02-13T16:20:13","date_gmt":"2020-02-13T15:20:13","guid":{"rendered":"https:\/\/www.rezidenciahrabovo.sk\/apartament-b401\/"},"modified":"2023-03-31T16:20:07","modified_gmt":"2023-03-31T14:20:07","slug":"apartament-b401","status":"publish","type":"page","link":"https:\/\/www.rezidenciahrabovo.sk\/pl\/apartament-b401\/","title":{"rendered":"Apartament B401"},"content":{"rendered":"<p>[vc_row full_width=&#8221;stretch_row_content_no_spaces&#8221; css=&#8221;.vc_custom_1621168620564{margin-top: -31px !important;background-color: rgba(0,0,0,0.6) !important;*background-color: rgb(0,0,0) !important;}&#8221;][vc_column][vc_single_image image=&#8221;10634&#8243; img_size=&#8221;full&#8221; alignment=&#8221;center&#8221; el_class=&#8221;APD-logo&#8221;][\/vc_column][\/vc_row][vc_row full_width=&#8221;stretch_row_content_no_spaces&#8221; el_class=&#8221;APD-nadpis&#8221;][vc_column]\n\n\t<div class=\"sh-heading sh-heading-style1\" id=\"heading-X6nw7TIJNe\">\n\t\t<h2 class=\"sh-heading-content nadpis-symbol size-l\">\n\t\t\t<\/span>\n<span style=\"text-align: center;\">APARTAMENT B401<\/span>\n<span>\t\t<\/h2>\n\t<\/div>\n\n            <style type=\"text\/css\">\n                #heading-X6nw7TIJNe .sh-heading-content {font-weight: 200!important;}#heading-X6nw7TIJNe .sh-heading-content strong,#heading-X6nw7TIJNe .sh-heading-additional-text strong {font-family: 'Montserrat'!important;}            <\/style>\n        [\/vc_column][\/vc_row][vc_row full_width=&#8221;stretch_row&#8221; max_width_alignment=&#8221;left&#8221; max_width=&#8221;1600&#8243;][vc_column width=&#8221;1\/2&#8243; css=&#8221;.vc_custom_1580291026449{padding-right: 55px !important;}&#8221;][vc_single_image image=&#8221;10964&#8243; img_size=&#8221;full&#8221; alignment=&#8221;center&#8221; el_class=&#8221;apd-podlazie&#8221;][vc_single_image image=&#8221;11042&#8243; img_size=&#8221;full&#8221; alignment=&#8221;center&#8221; onclick=&#8221;custom_link&#8221; css=&#8221;.vc_custom_1621168164295{margin-top: 55px !important;}&#8221; el_class=&#8221;apd-podlazie&#8221; link=&#8221;https:\/\/www.rezidenciahrabovo.sk\/apartmanovy-dom-poschodie-4\/&#8221;][\/vc_column][vc_column width=&#8221;1\/2&#8243; css=&#8221;.vc_custom_1580235070466{margin-top: 15px !important;}&#8221; el_class=&#8221;apartmanovy-dom-pricing-table&#8221;]\n<div class=\"sh-pricing-container\">\n\t<div class=\"sh-pricing sh-pricing-style1 sh-pricing-content-center\" id=\"pricing-c8N2EisCYw\">\n\t\t\n\t\t\t<div class=\"sh-pricing-top\">\n\t\t\t\t<div class=\"sh-table-full\">\n\t\t\t\t\t<div class=\"sh-table-cell\">\n\t\t\t\t\t\t<div class=\"sh-pricing-name\">\n\t\t\t\t\t\t\t\t\t\t\t\t\t<\/div>\n\t\t\t\t\t\t<div class=\"sh-pricing-top-aside\">\n\t\t\t\t\t\t\t\t\t\t\t\t\t\t\t\t\t\t\t\t<\/div>\n\t\t\t\t\t<\/div>\n\t\t\t\t<\/div>\n\t\t\t<\/div>\n\t\t\t<div class=\"sh-pricing-content\">\n\n\t\t\t\t\n\t\t\t\t\t\t\t\t\t<div class=\"sh-pricing-content-item\">\n\t\t\t\t\t\t<i class=\"\"><\/i>\n\t\t\t\t\t\t<span class=\"sh-pricing-amount\">Pok\u00f3j<\/span>\n\t\t\t\t\t\t<span>16.19 m\u00b2<\/span>\n\t\t\t\t\t<\/div>\n\t\t\t\t\t\t\t\t\t<div class=\"sh-pricing-content-item\">\n\t\t\t\t\t\t<i class=\"\"><\/i>\n\t\t\t\t\t\t<span class=\"sh-pricing-amount\">Przedpok\u00f3j<\/span>\n\t\t\t\t\t\t<span>5.61 m\u00b2<\/span>\n\t\t\t\t\t<\/div>\n\t\t\t\t\t\t\t\t\t<div class=\"sh-pricing-content-item\">\n\t\t\t\t\t\t<i class=\"\"><\/i>\n\t\t\t\t\t\t<span class=\"sh-pricing-amount\">\u0141azienka<\/span>\n\t\t\t\t\t\t<span>2.80 m\u00b2<\/span>\n\t\t\t\t\t<\/div>\n\t\t\t\t\t\t\t\t\t<div class=\"sh-pricing-content-item\">\n\t\t\t\t\t\t<i class=\"\"><\/i>\n\t\t\t\t\t\t<span class=\"sh-pricing-amount\">WC<\/span>\n\t\t\t\t\t\t<span>1.28 m\u00b2<\/span>\n\t\t\t\t\t<\/div>\n\t\t\t\t\t\t\t\t\t<div class=\"sh-pricing-content-item\">\n\t\t\t\t\t\t<i class=\"\"><\/i>\n\t\t\t\t\t\t<span class=\"sh-pricing-amount\">Balkon<\/span>\n\t\t\t\t\t\t<span>10.12 m\u00b2<\/span>\n\t\t\t\t\t<\/div>\n\t\t\t\t\t\t\t\t\t<div class=\"sh-pricing-content-item\">\n\t\t\t\t\t\t<i class=\"\"><\/i>\n\t\t\t\t\t\t<span class=\"sh-pricing-amount\">Razem<\/span>\n\t\t\t\t\t\t<span>36.00 m\u00b2<\/span>\n\t\t\t\t\t<\/div>\n\t\t\t\t\n\t\t\t<\/div>\n\n\t\t\t\t\t<div class=\"sh-pricing-bottom\">\n\n\t\t\t\t<a href=\"#\" class=\"sh-pricing-button sh-pricing-button-button1\">\n\t\t\t\t\t<span><\/span>\n\t\t\t\t<\/a>\n\n\t\t\t<\/div>\n\t\t\t<\/div>\n<\/div>\n            <style type=\"text\/css\">\n                #pricing-c8N2EisCYw.sh-pricing-style1 .sh-pricing-top,#pricing-c8N2EisCYw.sh-pricing-style2 .sh-pricing-top,#pricing-c8N2EisCYw.sh-pricing-style4 .sh-pricing-top,#pricing-c8N2EisCYw.sh-pricing-style1 .sh-pricing-name h2,#pricing-c8N2EisCYw.sh-pricing-style2 .sh-pricing-name h2,#pricing-c8N2EisCYw.sh-pricing-style3 .sh-pricing-name h2,#pricing-c8N2EisCYw.sh-pricing-style4 .sh-pricing-name h2 {color: #ffffff!important;}#pricing-c8N2EisCYw .sh-pricing-icon,#pricing-c8N2EisCYw {background-color: #ffffff;}#pricing-c8N2EisCYw,#pricing-c8N2EisCYw .sh-pricing-content-item,#pricing-c8N2EisCYw .sh-pricing-style3 .sh-pricing-content-item:first-child,#pricing-c8N2EisCYw .sh-pricing-style4 .sh-pricing-content-item:first-child {border-color: rgba(0,0,0,0.08)!important;}#pricing-c8N2EisCYw.sh-pricing-style1 .sh-pricing-top,#pricing-c8N2EisCYw.sh-pricing-style2 .sh-pricing-top,#pricing-c8N2EisCYw.sh-pricing-style3 .sh-pricing-name,#pricing-c8N2EisCYw .sh-pricing-button1 {background-color: #ccbca1;}#pricing-c8N2EisCYw.sh-pricing-20 .sh-pricing-name:after {border-top-color: #ccbca1;}#pricing-c8N2EisCYw .sh-pricing-button2 {color: #ccbca1;}            <\/style>\n        \n<div class=\"sh-pricing-container\">\n\t<div class=\"sh-pricing sh-pricing-style1 sh-pricing-content-center\" id=\"pricing-gW2Dt7pu6n\">\n\t\t\n\t\t\t<div class=\"sh-pricing-top\">\n\t\t\t\t<div class=\"sh-table-full\">\n\t\t\t\t\t<div class=\"sh-table-cell\">\n\t\t\t\t\t\t<div class=\"sh-pricing-name\">\n\t\t\t\t\t\t\t\t\t\t\t\t\t<\/div>\n\t\t\t\t\t\t<div class=\"sh-pricing-top-aside\">\n\t\t\t\t\t\t\t\t\t\t\t\t\t\t\t\t\t\t\t\t<\/div>\n\t\t\t\t\t<\/div>\n\t\t\t\t<\/div>\n\t\t\t<\/div>\n\t\t\t<div class=\"sh-pricing-content\">\n\n\t\t\t\t\n\t\t\t\t\t\t\t\t\t<div class=\"sh-pricing-content-item\">\n\t\t\t\t\t\t<i class=\"\"><\/i>\n\t\t\t\t\t\t<span class=\"sh-pricing-amount\">Cena bez podatku VAT<\/span>\n\t\t\t\t\t\t<span>70 536,00 \u20ac<\/span>\n\t\t\t\t\t<\/div>\n\t\t\t\t\t\t\t\t\t<div class=\"sh-pricing-content-item\">\n\t\t\t\t\t\t<i class=\"\"><\/i>\n\t\t\t\t\t\t<span class=\"sh-pricing-amount\">Cena z podatkiem VAT<\/span>\n\t\t\t\t\t\t<span>84 643,20 \u20ac<\/span>\n\t\t\t\t\t<\/div>\n\t\t\t\t\n\t\t\t<\/div>\n\n\t\t\t\t\t<div class=\"sh-pricing-bottom\">\n\n\t\t\t\t<a href=\"#\" class=\"sh-pricing-button sh-pricing-button-button1\">\n\t\t\t\t\t<span><\/span>\n\t\t\t\t<\/a>\n\n\t\t\t<\/div>\n\t\t\t<\/div>\n<\/div>\n            <style type=\"text\/css\">\n                #pricing-gW2Dt7pu6n.sh-pricing-style1 .sh-pricing-top,#pricing-gW2Dt7pu6n.sh-pricing-style2 .sh-pricing-top,#pricing-gW2Dt7pu6n.sh-pricing-style4 .sh-pricing-top,#pricing-gW2Dt7pu6n.sh-pricing-style1 .sh-pricing-name h2,#pricing-gW2Dt7pu6n.sh-pricing-style2 .sh-pricing-name h2,#pricing-gW2Dt7pu6n.sh-pricing-style3 .sh-pricing-name h2,#pricing-gW2Dt7pu6n.sh-pricing-style4 .sh-pricing-name h2 {color: #ffffff!important;}#pricing-gW2Dt7pu6n .sh-pricing-icon,#pricing-gW2Dt7pu6n {background-color: #f8f8f8;}#pricing-gW2Dt7pu6n,#pricing-gW2Dt7pu6n .sh-pricing-content-item,#pricing-gW2Dt7pu6n .sh-pricing-style3 .sh-pricing-content-item:first-child,#pricing-gW2Dt7pu6n .sh-pricing-style4 .sh-pricing-content-item:first-child {border-color: rgba(0,0,0,0.08)!important;}#pricing-gW2Dt7pu6n.sh-pricing-style1 .sh-pricing-top,#pricing-gW2Dt7pu6n.sh-pricing-style2 .sh-pricing-top,#pricing-gW2Dt7pu6n.sh-pricing-style3 .sh-pricing-name,#pricing-gW2Dt7pu6n .sh-pricing-button1 {background-color: #ccbca1;}#pricing-gW2Dt7pu6n.sh-pricing-20 .sh-pricing-name:after {border-top-color: #ccbca1;}#pricing-gW2Dt7pu6n .sh-pricing-button2 {color: #ccbca1;}            <\/style>\n        \n<div class=\"sh-pricing-container\">\n\t<div class=\"sh-pricing sh-pricing-style1 sh-pricing-content-center\" id=\"pricing-ZFSPsgx9JU\">\n\t\t\n\t\t\t<div class=\"sh-pricing-top\">\n\t\t\t\t<div class=\"sh-table-full\">\n\t\t\t\t\t<div class=\"sh-table-cell\">\n\t\t\t\t\t\t<div class=\"sh-pricing-name\">\n\t\t\t\t\t\t\t\t\t\t\t\t\t<\/div>\n\t\t\t\t\t\t<div class=\"sh-pricing-top-aside\">\n\t\t\t\t\t\t\t\t\t\t\t\t\t\t\t\t\t\t\t\t<\/div>\n\t\t\t\t\t<\/div>\n\t\t\t\t<\/div>\n\t\t\t<\/div>\n\t\t\t<div class=\"sh-pricing-content\">\n\n\t\t\t\t\n\t\t\t\t\t\t\t\t\t<div class=\"sh-pricing-content-item\">\n\t\t\t\t\t\t<i class=\"\"><\/i>\n\t\t\t\t\t\t<span class=\"sh-pricing-amount\">Cena bez podatku VAT<\/span>\n\t\t\t\t\t\t<span>105 860,00 \u20ac<\/span>\n\t\t\t\t\t<\/div>\n\t\t\t\t\t\t\t\t\t<div class=\"sh-pricing-content-item\">\n\t\t\t\t\t\t<i class=\"\"><\/i>\n\t\t\t\t\t\t<span class=\"sh-pricing-amount\">Cena z podatkiem VAT<\/span>\n\t\t\t\t\t\t<span>127 032,00 \u20ac<\/span>\n\t\t\t\t\t<\/div>\n\t\t\t\t\n\t\t\t<\/div>\n\n\t\t\t\t\t<div class=\"sh-pricing-bottom\">\n\n\t\t\t\t<a href=\"#\" class=\"sh-pricing-button sh-pricing-button-button1\">\n\t\t\t\t\t<span><\/span>\n\t\t\t\t<\/a>\n\n\t\t\t<\/div>\n\t\t\t<\/div>\n<\/div>\n            <style type=\"text\/css\">\n                #pricing-ZFSPsgx9JU.sh-pricing-style1 .sh-pricing-top,#pricing-ZFSPsgx9JU.sh-pricing-style2 .sh-pricing-top,#pricing-ZFSPsgx9JU.sh-pricing-style4 .sh-pricing-top,#pricing-ZFSPsgx9JU.sh-pricing-style1 .sh-pricing-name h2,#pricing-ZFSPsgx9JU.sh-pricing-style2 .sh-pricing-name h2,#pricing-ZFSPsgx9JU.sh-pricing-style3 .sh-pricing-name h2,#pricing-ZFSPsgx9JU.sh-pricing-style4 .sh-pricing-name h2 {color: #ffffff!important;}#pricing-ZFSPsgx9JU .sh-pricing-icon,#pricing-ZFSPsgx9JU {background-color: #f8f8f8;}#pricing-ZFSPsgx9JU,#pricing-ZFSPsgx9JU .sh-pricing-content-item,#pricing-ZFSPsgx9JU .sh-pricing-style3 .sh-pricing-content-item:first-child,#pricing-ZFSPsgx9JU .sh-pricing-style4 .sh-pricing-content-item:first-child {border-color: rgba(0,0,0,0.08)!important;}#pricing-ZFSPsgx9JU.sh-pricing-style1 .sh-pricing-top,#pricing-ZFSPsgx9JU.sh-pricing-style2 .sh-pricing-top,#pricing-ZFSPsgx9JU.sh-pricing-style3 .sh-pricing-name,#pricing-ZFSPsgx9JU .sh-pricing-button1 {background-color: #ccbca1;}#pricing-ZFSPsgx9JU.sh-pricing-20 .sh-pricing-name:after {border-top-color: #ccbca1;}#pricing-ZFSPsgx9JU .sh-pricing-button2 {color: #ccbca1;}            <\/style>\n        [vc_column_text el_class=&#8221;popis-parkovanie&#8221;]<a class=\"mobx\" href=\"\/wp-content\/uploads\/2020\/02\/suteren-nahlad.png\" data-title=\"P\u00f4dorys - Suter\u00e9n\"><strong>Miejsce parkingowe nr. 34 w piwnicy<\/strong><br \/>\n<strong>Schowek zewn\u0119trzny B401 w piwnicy &#8211; 3,00 m2<\/strong><\/a>[\/vc_column_text][vc_column_text]<div id=\"quform-729e9c\" class=\"quform quform-4 quform-theme-light quform-position-center quform-support-page-caching\"><form id=\"quform-form-729e9c\" class=\"quform-form quform-form-4\" action=\"\/pl\/wp-json\/wp\/v2\/pages\/19452#quform-729e9c\" method=\"post\" enctype=\"multipart\/form-data\" novalidate=\"novalidate\" data-options=\"{&quot;id&quot;:4,&quot;uniqueId&quot;:&quot;729e9c&quot;,&quot;theme&quot;:&quot;light&quot;,&quot;ajax&quot;:true,&quot;logic&quot;:{&quot;logic&quot;:[],&quot;dependents&quot;:[],&quot;elementIds&quot;:[],&quot;dependentElementIds&quot;:[],&quot;animate&quot;:true},&quot;currentPageId&quot;:1,&quot;errorsIcon&quot;:&quot;&quot;,&quot;updateFancybox&quot;:true,&quot;hasPages&quot;:false,&quot;pages&quot;:[1],&quot;pageProgressType&quot;:&quot;percentage&quot;,&quot;tooltipsEnabled&quot;:true,&quot;tooltipClasses&quot;:&quot;qtip-quform-dark qtip-shadow&quot;,&quot;tooltipMy&quot;:&quot;left center&quot;,&quot;tooltipAt&quot;:&quot;right center&quot;,&quot;isRtl&quot;:false,&quot;scrollOffset&quot;:-50,&quot;scrollSpeed&quot;:800}\"><button class=\"quform-default-submit\" name=\"quform_submit\" type=\"submit\" value=\"submit\" aria-hidden=\"true\" tabindex=\"-1\"><\/button><div class=\"quform-form-inner quform-form-inner-4\"><input type=\"hidden\" name=\"quform_form_id\" value=\"4\" \/><input type=\"hidden\" name=\"quform_form_uid\" value=\"729e9c\" \/><input type=\"hidden\" name=\"quform_count\" value=\"1\" \/><input type=\"hidden\" name=\"form_url\" value=\"https:\/\/www.rezidenciahrabovo.sk\/pl\/wp-json\/wp\/v2\/pages\/19452\" \/><input type=\"hidden\" name=\"referring_url\" value=\"\" \/><input type=\"hidden\" name=\"post_id\" value=\"\" \/><input type=\"hidden\" name=\"post_title\" value=\"\" \/><input type=\"hidden\" name=\"quform_current_page_id\" value=\"1\" \/><input type=\"hidden\" name=\"quform_loaded\" value=\"1775412456|5d0942f188c8ce32f0823e397ea553bd\" \/><input type=\"hidden\" name=\"quform_csrf_token\" value=\"FyRpKwTzp4OQMV75yOLhDjScnEmuRY0d6ZzvtksM\" \/><div class=\"quform-elements quform-elements-4 quform-cf quform-responsive-elements-phone-landscape\"><div class=\"quform-element quform-element-page quform-page-1 quform-page-4_1 quform-cf quform-group-style-plain quform-first-page quform-last-page quform-current-page\"><div class=\"quform-child-elements\"><input type=\"hidden\" name=\"quform_4_11\" value=\"b401\" \/><div class=\"quform-element quform-element-name quform-element-4_3 quform-cf quform-element-required\"><div class=\"quform-spacer\"><div class=\"quform-label quform-label-4_3\"><label class=\"quform-label-text\" id=\"quform_4_3_729e9c_label\">Twoje imi\u0119 i nazwisko<\/label><\/div><div class=\"quform-inner quform-inner-name quform-inner-4_3 quform-field-size-slim\"><div class=\"quform-input quform-input-name quform-input-4_3 quform-cf\"><div class=\"quform-element-row quform-1-columns quform-element-row-size-fixed quform-responsive-columns-phone-landscape\"><div class=\"quform-element-column\"><div class=\"quform-element quform-element-text quform-element-4_3_2 quform-cf quform-element-required\"><div class=\"quform-spacer\"><div class=\"quform-inner quform-inner-text quform-inner-4_3_2 quform-field-size-slim\"><div class=\"quform-input quform-input-text quform-input-4_3_2 quform-cf\"><input type=\"text\" id=\"quform_4_3_2_729e9c\" name=\"quform_4_3[2]\" class=\"quform-field quform-field-text quform-field-4_3_2\" aria-labelledby=\"quform_4_3_729e9c_label\" \/><\/div><\/div><\/div><\/div><\/div><\/div><\/div><\/div><\/div><\/div><div class=\"quform-element quform-element-text quform-element-4_8 quform-cf quform-element-required\"><div class=\"quform-spacer\"><div class=\"quform-label quform-label-4_8\"><label class=\"quform-label-text\" for=\"quform_4_8_729e9c\">Numer telefonu<\/label><\/div><div class=\"quform-inner quform-inner-text quform-inner-4_8 quform-field-size-slim\"><div class=\"quform-input quform-input-text quform-input-4_8 quform-cf\"><input type=\"text\" id=\"quform_4_8_729e9c\" name=\"quform_4_8\" class=\"quform-field quform-field-text quform-field-4_8\" \/><\/div><\/div><\/div><\/div><div class=\"quform-element quform-element-email quform-element-4_9 quform-cf quform-element-optional\"><div class=\"quform-spacer\"><div class=\"quform-label quform-label-4_9\"><label class=\"quform-label-text\" for=\"quform_4_9_729e9c\">Email<\/label><\/div><div class=\"quform-inner quform-inner-email quform-inner-4_9 quform-field-size-slim\"><div class=\"quform-input quform-input-email quform-input-4_9 quform-cf\"><input type=\"email\" id=\"quform_4_9_729e9c\" name=\"quform_4_9\" class=\"quform-field quform-field-email quform-field-4_9\" \/><\/div><\/div><\/div><\/div><div class=\"quform-element quform-element-textarea quform-element-4_6 quform-cf quform-element-optional\"><div class=\"quform-spacer\"><div class=\"quform-label quform-label-4_6\"><label class=\"quform-label-text\" for=\"quform_4_6_729e9c\">Chcesz nas o co\u015b zapyta\u0107?<\/label><\/div><div class=\"quform-inner quform-inner-textarea quform-inner-4_6 quform-field-size-slim\"><div class=\"quform-input quform-input-textarea quform-input-4_6 quform-cf\"><textarea id=\"quform_4_6_729e9c\" name=\"quform_4_6\" class=\"quform-field quform-field-textarea quform-field-4_6\"><\/textarea><\/div><\/div><\/div><\/div><div class=\"quform-element quform-element-checkbox quform-element-4_7 quform-cf quform-element-required\"><div class=\"quform-spacer\"><div class=\"quform-inner quform-inner-checkbox quform-inner-4_7 quform-field-size-slim\"><div class=\"quform-input quform-input-checkbox quform-input-4_7 quform-cf\"><div class=\"quform-options quform-cf quform-options-block quform-options-simple\"><div class=\"quform-option\"><input type=\"checkbox\" name=\"quform_4_7[]\" id=\"quform_4_7_729e9c_0\" class=\"quform-field quform-field-checkbox quform-field-4_7 quform-field-4_7_0\" value=\"\" \/><label for=\"quform_4_7_729e9c_0\" class=\"quform-option-label quform-option-label-4_7_0\"><span class=\"quform-option-text\">Prosimy o wyra\u017cenie zgody na przetwarzanie Twoich danych osobowych zgodnie z prawem <a href=\"https:\/\/www.zakonypreludi.sk\/zz\/2018-18\" target=\"_blank\">\u010d. 18\/2018 Z.z.<\/a><\/span><\/label><\/div><\/div><\/div><\/div><\/div><\/div><div class=\"quform-element quform-element-submit quform-element-4_2 quform-cf quform-button-style-theme quform-button-size-medium quform-button-width-full\"><div class=\"quform-button-submit quform-button-submit-default quform-button-submit-4_2\"><button name=\"quform_submit\" type=\"submit\" class=\"quform-submit\" value=\"submit\"><span class=\"quform-button-text quform-button-submit-text\">Niewi\u0105\u017c\u0105ca rezerwacja apartamentu<\/span><\/button><\/div><div class=\"quform-loading quform-loading-position-right quform-loading-type-spinner-1\"><div class=\"quform-loading-inner\"><div class=\"quform-loading-spinner\"><div class=\"quform-loading-spinner-inner\"><\/div><\/div><\/div><\/div><\/div><div class=\"quform-element quform-element-textarea quform-element-4_288259 quform-sr-only quform-cf\" style=\"clip: rect(1px, 1px, 1px, 1px); clip-path: inset(50%); position: absolute !important; height: 1px; width: 1px; overflow: hidden;\"><div class=\"quform-spacer\"><div class=\"quform-label quform-label-4_288259\"><label class=\"quform-label-text\" for=\"quform_4_288259_729e9c\">Phone Number<\/label><\/div><div class=\"quform-inner quform-inner-4_288259\"><textarea id=\"quform_4_288259_729e9c\" name=\"quform_4_288259\" class=\"quform-field quform-field-textarea quform-field-4_288259\" tabindex=\"-1\" autocomplete=\"new-password\"><\/textarea><\/div><\/div><\/div><\/div><\/div><\/div><\/div><\/form><\/div>[\/vc_column_text][\/vc_column][\/vc_row][vc_row disable_element=&#8221;yes&#8221;][vc_column][vc_raw_html css=&#8221;.vc_custom_1621168637088{margin-top: 20px !important;}&#8221; el_class=&#8221;rezervacia-apd-raw&#8221;]PGJ1dHRvbiBvbmNsaWNrPSJ3aW5kb3cubG9jYXRpb24uaHJlZj0nL3JlemVydmFjbnktZm9ybXVsYXItYXBhcnRtYW5vdnktZG9tP2FwYXJ0bWFuPWI0MDEnIiBjbGFzcz0ibWFwa2EtcmV6ZXJ2b3ZhdCI+PGEgaHJlZj0iaHR0cHM6Ly93d3cucmV6aWRlbmNpYWhyYWJvdm8uc2svcGwvZm9ybXVsYXJ6LXJlemVyd2FjamktYXBhcnRhbWVudHktZG9teS8\/YXBhcnRtYW49YjQwMSI+Tmlld2nEhcW8xIVjYSByZXplcndhY2phIGFwYXJ0YW1lbnR1PC9hPjwvYnV0dG9uPg==[\/vc_raw_html][\/vc_column][\/vc_row]<\/p>\n","protected":false},"excerpt":{"rendered":"<p>[vc_row full_width=&#8221;stretch_row_content_no_spaces&#8221; css=&#8221;.vc_custom_1621168620564{margin-top: -31px !important;background-color: rgba(0,0,0,0.6) !important;*background-color: rgb(0,0,0) !important;}&#8221;][vc_column][vc_single_image image=&#8221;10634&#8243; img_size=&#8221;full&#8221; alignment=&#8221;center&#8221; el_class=&#8221;APD-logo&#8221;][\/vc_column][\/vc_row][vc_row full_width=&#8221;stretch_row_content_no_spaces&#8221; el_class=&#8221;APD-nadpis&#8221;][vc_column] APARTAMENT B401 [\/vc_column][\/vc_row][vc_row full_width=&#8221;stretch_row&#8221; max_width_alignment=&#8221;left&#8221; max_width=&#8221;1600&#8243;][vc_column width=&#8221;1\/2&#8243; css=&#8221;.vc_custom_1580291026449{padding-right: 55px !important;}&#8221;][vc_single_image image=&#8221;10964&#8243; img_size=&#8221;full&#8221; alignment=&#8221;center&#8221; el_class=&#8221;apd-podlazie&#8221;][vc_single_image image=&#8221;11042&#8243; img_size=&#8221;full&#8221; alignment=&#8221;center&#8221; onclick=&#8221;custom_link&#8221; css=&#8221;.vc_custom_1621168164295{margin-top: 55px !important;}&#8221; el_class=&#8221;apd-podlazie&#8221; link=&#8221;https:\/\/www.rezidenciahrabovo.sk\/apartmanovy-dom-poschodie-4\/&#8221;][\/vc_column][vc_column width=&#8221;1\/2&#8243; css=&#8221;.vc_custom_1580235070466{margin-top: 15px !important;}&#8221; el_class=&#8221;apartmanovy-dom-pricing-table&#8221;] Pok\u00f3j 16.19&#8230;<\/p>\n","protected":false},"author":1,"featured_media":0,"parent":0,"menu_order":0,"comment_status":"closed","ping_status":"closed","template":"","meta":{"footnotes":""},"class_list":["post-19452","page","type-page","status-publish","hentry"],"_links":{"self":[{"href":"https:\/\/www.rezidenciahrabovo.sk\/pl\/wp-json\/wp\/v2\/pages\/19452","targetHints":{"allow":["GET"]}}],"collection":[{"href":"https:\/\/www.rezidenciahrabovo.sk\/pl\/wp-json\/wp\/v2\/pages"}],"about":[{"href":"https:\/\/www.rezidenciahrabovo.sk\/pl\/wp-json\/wp\/v2\/types\/page"}],"author":[{"embeddable":true,"href":"https:\/\/www.rezidenciahrabovo.sk\/pl\/wp-json\/wp\/v2\/users\/1"}],"replies":[{"embeddable":true,"href":"https:\/\/www.rezidenciahrabovo.sk\/pl\/wp-json\/wp\/v2\/comments?post=19452"}],"version-history":[{"count":2,"href":"https:\/\/www.rezidenciahrabovo.sk\/pl\/wp-json\/wp\/v2\/pages\/19452\/revisions"}],"predecessor-version":[{"id":19454,"href":"https:\/\/www.rezidenciahrabovo.sk\/pl\/wp-json\/wp\/v2\/pages\/19452\/revisions\/19454"}],"wp:attachment":[{"href":"https:\/\/www.rezidenciahrabovo.sk\/pl\/wp-json\/wp\/v2\/media?parent=19452"}],"curies":[{"name":"wp","href":"https:\/\/api.w.org\/{rel}","templated":true}]}}