{"id":16870,"date":"2021-04-06T23:04:34","date_gmt":"2021-04-06T21:04:34","guid":{"rendered":"https:\/\/www.rezidenciahrabovo.sk\/chalet-b36\/"},"modified":"2022-03-20T13:20:39","modified_gmt":"2022-03-20T12:20:39","slug":"chalet-b36","status":"publish","type":"page","link":"https:\/\/www.rezidenciahrabovo.sk\/pl\/chalet-b36\/","title":{"rendered":"Chalet B36"},"content":{"rendered":"<p>[vc_row full_width=&#8221;stretch_row_content&#8221; el_class=&#8221;vyber-apartmanu&#8221;][vc_column][vc_row_inner][vc_column_inner]\n\n\t<div class=\"sh-heading sh-heading-style1\" id=\"heading-KAnVu8li6W\">\n\t\t<h2 class=\"sh-heading-content nadpis-symbol size-l\">\n\t\t\t<\/span>\n<span style=\"text-align: center;\">CHALET B36<\/span>\n<span>\t\t<\/h2>\n\t<\/div>\n\n            <style type=\"text\/css\">\n                #heading-KAnVu8li6W .sh-heading-content {font-weight: 200!important;}#heading-KAnVu8li6W .sh-heading-content strong,#heading-KAnVu8li6W .sh-heading-additional-text strong {font-family: 'Montserrat'!important;}            <\/style>\n        [\/vc_column_inner][\/vc_row_inner][vc_row_inner css=&#8221;.vc_custom_1618045598065{margin-top: 50px !important;}&#8221;][vc_column_inner width=&#8221;1\/3&#8243; css=&#8221;.vc_custom_1618045640497{padding-right: 40px !important;padding-left: 80px !important;}&#8221;]\n\n\t<div class=\"sh-heading sh-heading-style1\" id=\"heading-TS5mgbRGZa\">\n\t\t<h3 class=\"sh-heading-content chalet-apartman size-m\">\n\t\t\t<\/span>\n<span style=\"text-align: center;\"><a href=\"https:\/\/www.rezidenciahrabovo.sk\/pl\/apartamenty-w-domkach\/\">POWR\u00d3T DO WYBORU TERENU<\/a><\/span>\n<span>\t\t<\/h3>\n\t<\/div>\n\n            <style type=\"text\/css\">\n                #heading-TS5mgbRGZa {margin: 0px 0px 20px 0px;}#heading-TS5mgbRGZa .sh-heading-content {font-weight: 200!important;}#heading-TS5mgbRGZa .sh-heading-content strong,#heading-TS5mgbRGZa .sh-heading-additional-text strong {font-family: 'Montserrat'!important;}            <\/style>\n        [vc_single_image image=&#8221;12549&#8243; img_size=&#8221;full&#8221; alignment=&#8221;center&#8221; onclick=&#8221;custom_link&#8221; el_class=&#8221;apd-podlazie&#8221; link=&#8221;https:\/\/www.rezidenciahrabovo.sk\/pl\/apartamenty-w-domkach\/&#8221; css=&#8221;.vc_custom_1647504318704{margin-top: 5px !important;}&#8221;][\/vc_column_inner][vc_column_inner el_class=&#8221;pricing-table-apartmany&#8221; width=&#8221;1\/3&#8243;]\n\n\t<div class=\"sh-heading sh-heading-style1\" id=\"heading-xkilPImVgF\">\n\t\t<h3 class=\"sh-heading-content chalet-apartman size-m\">\n\t\t\t<\/span>\n<span style=\"text-align: center;\">WYBIERZ SWOJE MIESZKANIE<\/span>\n<span>\t\t<\/h3>\n\t<\/div>\n\n            <style type=\"text\/css\">\n                #heading-xkilPImVgF .sh-heading-content {font-weight: 200!important;}#heading-xkilPImVgF .sh-heading-content strong,#heading-xkilPImVgF .sh-heading-additional-text strong {font-family: 'Montserrat'!important;}            <\/style>\n        [vc_column_text el_class=&#8221;max-width-500&#8243;]<\/p>\n<p style=\"text-align: center;\"><div id=\"mapsvg-12698\" data-id=\"12698\" class=\"mapsvg\" data-autoload=\"true\" data-load-db=\"true\" data-loading-text=\"Na\u010d\u00edtavam apartm\u00e1ny...\" style=\"width: 100%; height: 0; padding-bottom: 74.39%\"><\/div>\n<p>[\/vc_column_text][\/vc_column_inner][vc_column_inner width=&#8221;1\/3&#8243; css=&#8221;.vc_custom_1618045620025{padding-right: 80px !important;padding-left: 40px !important;}&#8221;]\n\n\t<div class=\"sh-heading sh-heading-style1\" id=\"heading-khejpg1mft\">\n\t\t<h3 class=\"sh-heading-content chalet-apartman size-m\">\n\t\t\t<\/span>\n<span style=\"text-align: center;\">APARTAMENT &#8211; TYP B<\/span>\n<span>\t\t<\/h3>\n\t<\/div>\n\n            <style type=\"text\/css\">\n                #heading-khejpg1mft .sh-heading-content {font-weight: 200!important;}#heading-khejpg1mft .sh-heading-content strong,#heading-khejpg1mft .sh-heading-additional-text strong {font-family: 'Montserrat'!important;}            <\/style>\n        [vc_column_text el_class=&#8221;max-width-500&#8243; css=&#8221;.vc_custom_1617565010862{margin-top: 25px !important;}&#8221;]\n\t\t<!-- MasterSlider -->\n\t\t<div id=\"P_MS69d01f26ac491\" class=\"master-slider-parent ms-parent-id-42\"  >\n\n\t\t\t\n\t\t\t<!-- MasterSlider Main -->\n\t\t\t<div id=\"MS69d01f26ac491\" class=\"master-slider ms-skin-default\" >\n\t\t\t\t \t\t\t\t \n\t\t\t<div id=\"3\" class=\"ms-slide masterslider\" data-delay=\"6\" data-fill-mode=\"fill\"   >\n\t\t\t\t\t<img decoding=\"async\" src=\"https:\/\/www.rezidenciahrabovo.sk\/wp-content\/plugins\/masterslider\/public\/assets\/css\/blank.gif\" alt=\"\" title=\"\" data-src=\"https:\/\/www.rezidenciahrabovo.sk\/wp-content\/uploads\/2019\/11\/VIZUALIZACIA-B-1-660x450.jpg\" \/>\n\t<a href=\"https:\/\/www.rezidenciahrabovo.sk\/wp-content\/uploads\/2019\/11\/VIZUALIZACIA-B-1.jpg\" target=\"_self\" data-rel=\"typ-a-slide\" title=\"1\" class=\"1\" id=\"1\" data-thumb=\"https:\/\/www.rezidenciahrabovo.sk\/wp-content\/uploads\/2019\/11\/VIZUALIZACIA-B-1.jpg\" ><\/a>\n\n\n\t\t\t\t<\/div>\n\t\t\t<div id=\"3\" class=\"ms-slide masterslider\" data-delay=\"6\" data-fill-mode=\"fill\"   >\n\t\t\t\t\t<img decoding=\"async\" src=\"https:\/\/www.rezidenciahrabovo.sk\/wp-content\/plugins\/masterslider\/public\/assets\/css\/blank.gif\" alt=\"\" title=\"\" data-src=\"https:\/\/www.rezidenciahrabovo.sk\/wp-content\/uploads\/2021\/04\/b1-2-660x450.jpg\" \/>\n\t<a href=\"https:\/\/www.rezidenciahrabovo.sk\/wp-content\/uploads\/2021\/04\/b1-2.jpg\" target=\"_self\" data-rel=\"typ-a-slide\" title=\"1\" class=\"1\" id=\"1\" data-thumb=\"https:\/\/www.rezidenciahrabovo.sk\/wp-content\/uploads\/2021\/04\/b1-2.jpg\" ><\/a>\n\n\n\t\t\t\t<\/div>\n\t\t\t<div id=\"3\" class=\"ms-slide masterslider\" data-delay=\"6\" data-fill-mode=\"fill\"   >\n\t\t\t\t\t<img decoding=\"async\" src=\"https:\/\/www.rezidenciahrabovo.sk\/wp-content\/plugins\/masterslider\/public\/assets\/css\/blank.gif\" alt=\"\" title=\"\" data-src=\"https:\/\/www.rezidenciahrabovo.sk\/wp-content\/uploads\/2021\/04\/b3-3-660x450.jpg\" \/>\n\t<a href=\"https:\/\/www.rezidenciahrabovo.sk\/wp-content\/uploads\/2021\/04\/b3-3.jpg\" target=\"_self\" data-rel=\"typ-a-slide\" title=\"1\" class=\"1\" id=\"1\" data-thumb=\"https:\/\/www.rezidenciahrabovo.sk\/wp-content\/uploads\/2021\/04\/b3-3.jpg\" ><\/a>\n\n\n\t\t\t\t<\/div>\n\t\t\t<div id=\"3\" class=\"ms-slide masterslider\" data-delay=\"6\" data-fill-mode=\"fill\"   >\n\t\t\t\t\t<img decoding=\"async\" src=\"https:\/\/www.rezidenciahrabovo.sk\/wp-content\/plugins\/masterslider\/public\/assets\/css\/blank.gif\" alt=\"\" title=\"\" data-src=\"https:\/\/www.rezidenciahrabovo.sk\/wp-content\/uploads\/2021\/04\/b3-7-660x450.jpg\" \/>\n\t<a href=\"https:\/\/www.rezidenciahrabovo.sk\/wp-content\/uploads\/2021\/04\/b3-7.jpg\" target=\"_self\" data-rel=\"typ-a-slide\" title=\"1\" class=\"1\" id=\"1\" data-thumb=\"https:\/\/www.rezidenciahrabovo.sk\/wp-content\/uploads\/2021\/04\/b3-7.jpg\" ><\/a>\n\n\n\t\t\t\t<\/div>\n\t\t\t<div id=\"3\" class=\"ms-slide masterslider\" data-delay=\"6\" data-fill-mode=\"fill\"   >\n\t\t\t\t\t<img decoding=\"async\" src=\"https:\/\/www.rezidenciahrabovo.sk\/wp-content\/plugins\/masterslider\/public\/assets\/css\/blank.gif\" alt=\"\" title=\"\" data-src=\"https:\/\/www.rezidenciahrabovo.sk\/wp-content\/uploads\/2021\/04\/b3-9-660x450.jpg\" \/>\n\t<a href=\"https:\/\/www.rezidenciahrabovo.sk\/wp-content\/uploads\/2021\/04\/b3-9.jpg\" target=\"_self\" data-rel=\"typ-a-slide\" title=\"1\" class=\"1\" id=\"1\" data-thumb=\"https:\/\/www.rezidenciahrabovo.sk\/wp-content\/uploads\/2021\/04\/b3-9.jpg\" ><\/a>\n\n\n\t\t\t\t<\/div>\n\n\t\t\t<\/div>\n\t\t\t<!-- END MasterSlider Main -->\n\n\t\t\t \n\t\t<\/div>\n\t\t<!-- END MasterSlider -->\n\n\t\t<script>\n\t\t( window.MSReady = window.MSReady || [] ).push( function( $ ) {\n\n\t\t\t\"use strict\";\n\t\t\tvar masterslider_c491 = new MasterSlider();\n\n\t\t\t\/\/ slider controls\n\t\t\tmasterslider_c491.control('arrows'     ,{ autohide:false, overVideo:true  });\n\t\t\tmasterslider_c491.control('bullets'    ,{ autohide:true, overVideo:true, dir:'h', align:'bottom', space:6 , margin:10  });\n\t\t\t\/\/ slider setup\n\t\t\tmasterslider_c491.setup(\"MS69d01f26ac491\", {\n\t\t\t\twidth           : 660,\n\t\t\t\theight          : 450,\n\t\t\t\tminHeight       : 0,\n\t\t\t\tspace           : 0,\n\t\t\t\tstart           : 1,\n\t\t\t\tgrabCursor      : true,\n\t\t\t\tswipe           : false,\n\t\t\t\tmouse           : true,\n\t\t\t\tkeyboard        : false,\n\t\t\t\tlayout          : \"fillwidth\",\n\t\t\t\twheel           : false,\n\t\t\t\tautoplay        : true,\n                instantStartLayers:false,\n\t\t\t\tmobileBGVideo:false,\n\t\t\t\tloop            : true,\n\t\t\t\tshuffle         : false,\n\t\t\t\tpreload         : 0,\n\t\t\t\theightLimit     : true,\n\t\t\t\tautoHeight      : true,\n\t\t\t\tsmoothHeight    : true,\n\t\t\t\tendPause        : false,\n\t\t\t\toverPause       : true,\n\t\t\t\tfillMode        : \"fill\",\n\t\t\t\tcenterControls  : true,\n\t\t\t\tstartOnAppear   : false,\n\t\t\t\tlayersMode      : \"center\",\n\t\t\t\tautofillTarget  : \"\",\n\t\t\t\thideLayers      : false,\n\t\t\t\tfullscreenMargin: 0,\n\t\t\t\tspeed           : 8,\n\t\t\t\tdir             : \"h\",\n\t\t\t\tview            : \"scale\"\n\t\t\t});\n\n\t\t\t\n\t\t\twindow.masterslider_instances = window.masterslider_instances || [];\n\t\t\twindow.masterslider_instances.push( masterslider_c491 );\n\t\t});\n\t\t<\/script>\n\n[\/vc_column_text][\/vc_column_inner][\/vc_row_inner][\/vc_column][\/vc_row]<\/p>\n","protected":false},"excerpt":{"rendered":"<p>[vc_row full_width=&#8221;stretch_row_content&#8221; el_class=&#8221;vyber-apartmanu&#8221;][vc_column][vc_row_inner][vc_column_inner] CHALET B36 [\/vc_column_inner][\/vc_row_inner][vc_row_inner css=&#8221;.vc_custom_1618045598065{margin-top: 50px !important;}&#8221;][vc_column_inner width=&#8221;1\/3&#8243; css=&#8221;.vc_custom_1618045640497{padding-right: 40px !important;padding-left: 80px !important;}&#8221;] POWR\u00d3T DO WYBORU TERENU [vc_single_image image=&#8221;12549&#8243; img_size=&#8221;full&#8221; alignment=&#8221;center&#8221; onclick=&#8221;custom_link&#8221; el_class=&#8221;apd-podlazie&#8221; link=&#8221;https:\/\/www.rezidenciahrabovo.sk\/pl\/apartamenty-w-domkach\/&#8221; css=&#8221;.vc_custom_1647504318704{margin-top: 5px !important;}&#8221;][\/vc_column_inner][vc_column_inner el_class=&#8221;pricing-table-apartmany&#8221; width=&#8221;1\/3&#8243;] WYBIERZ SWOJE MIESZKANIE [vc_column_text el_class=&#8221;max-width-500&#8243;] [\/vc_column_text][\/vc_column_inner][vc_column_inner width=&#8221;1\/3&#8243; css=&#8221;.vc_custom_1618045620025{padding-right: 80px !important;padding-left: 40px !important;}&#8221;] APARTAMENT &#8211;&#8230;<\/p>\n","protected":false},"author":1,"featured_media":0,"parent":0,"menu_order":0,"comment_status":"closed","ping_status":"closed","template":"","meta":{"footnotes":""},"class_list":["post-16870","page","type-page","status-publish","hentry"],"_links":{"self":[{"href":"https:\/\/www.rezidenciahrabovo.sk\/pl\/wp-json\/wp\/v2\/pages\/16870","targetHints":{"allow":["GET"]}}],"collection":[{"href":"https:\/\/www.rezidenciahrabovo.sk\/pl\/wp-json\/wp\/v2\/pages"}],"about":[{"href":"https:\/\/www.rezidenciahrabovo.sk\/pl\/wp-json\/wp\/v2\/types\/page"}],"author":[{"embeddable":true,"href":"https:\/\/www.rezidenciahrabovo.sk\/pl\/wp-json\/wp\/v2\/users\/1"}],"replies":[{"embeddable":true,"href":"https:\/\/www.rezidenciahrabovo.sk\/pl\/wp-json\/wp\/v2\/comments?post=16870"}],"version-history":[{"count":17,"href":"https:\/\/www.rezidenciahrabovo.sk\/pl\/wp-json\/wp\/v2\/pages\/16870\/revisions"}],"predecessor-version":[{"id":18002,"href":"https:\/\/www.rezidenciahrabovo.sk\/pl\/wp-json\/wp\/v2\/pages\/16870\/revisions\/18002"}],"wp:attachment":[{"href":"https:\/\/www.rezidenciahrabovo.sk\/pl\/wp-json\/wp\/v2\/media?parent=16870"}],"curies":[{"name":"wp","href":"https:\/\/api.w.org\/{rel}","templated":true}]}}