{"id":16718,"date":"2021-04-07T04:48:01","date_gmt":"2021-04-07T02:48:01","guid":{"rendered":"https:\/\/www.rezidenciahrabovo.sk\/chalet-a48\/"},"modified":"2022-03-20T13:12:36","modified_gmt":"2022-03-20T12:12:36","slug":"chalet-a48","status":"publish","type":"page","link":"https:\/\/www.rezidenciahrabovo.sk\/pl\/chalet-a48\/","title":{"rendered":"Chalet A48"},"content":{"rendered":"<p>[vc_row full_width=&#8221;stretch_row_content&#8221; el_class=&#8221;vyber-apartmanu&#8221;][vc_column][vc_row_inner][vc_column_inner]\n\n\t<div class=\"sh-heading sh-heading-style1\" id=\"heading-K8gnDVxuLO\">\n\t\t<h2 class=\"sh-heading-content nadpis-symbol size-l\">\n\t\t\t<\/span>\n<span style=\"text-align: center;\">CHALET A48<\/span>\n<span>\t\t<\/h2>\n\t<\/div>\n\n            <style type=\"text\/css\">\n                #heading-K8gnDVxuLO .sh-heading-content {font-weight: 200!important;}#heading-K8gnDVxuLO .sh-heading-content strong,#heading-K8gnDVxuLO .sh-heading-additional-text strong {font-family: 'Montserrat'!important;}            <\/style>\n        [\/vc_column_inner][\/vc_row_inner][vc_row_inner css=&#8221;.vc_custom_1618045598065{margin-top: 50px !important;}&#8221;][vc_column_inner width=&#8221;1\/3&#8243; css=&#8221;.vc_custom_1618045640497{padding-right: 40px !important;padding-left: 80px !important;}&#8221;]\n\n\t<div class=\"sh-heading sh-heading-style1\" id=\"heading-JgME59RS0j\">\n\t\t<h3 class=\"sh-heading-content chalet-apartman size-m\">\n\t\t\t<\/span>\n<span style=\"text-align: center;\"><a href=\"https:\/\/www.rezidenciahrabovo.sk\/pl\/apartamenty-w-domkach\/\">POWR\u00d3T DO WYBORU TERENU<\/a><\/span>\n<span>\t\t<\/h3>\n\t<\/div>\n\n            <style type=\"text\/css\">\n                #heading-JgME59RS0j {margin: 0px 0px 20px 0px;}#heading-JgME59RS0j .sh-heading-content {font-weight: 200!important;}#heading-JgME59RS0j .sh-heading-content strong,#heading-JgME59RS0j .sh-heading-additional-text strong {font-family: 'Montserrat'!important;}            <\/style>\n        [vc_single_image image=&#8221;12549&#8243; img_size=&#8221;full&#8221; alignment=&#8221;center&#8221; onclick=&#8221;custom_link&#8221; el_class=&#8221;apd-podlazie&#8221; link=&#8221;https:\/\/www.rezidenciahrabovo.sk\/pl\/apartamenty-w-domkach\/&#8221; css=&#8221;.vc_custom_1647503454770{margin-top: 5px !important;}&#8221;][\/vc_column_inner][vc_column_inner el_class=&#8221;pricing-table-apartmany&#8221; width=&#8221;1\/3&#8243;]\n\n\t<div class=\"sh-heading sh-heading-style1\" id=\"heading-1pZfuXLO9c\">\n\t\t<h3 class=\"sh-heading-content chalet-apartman size-m\">\n\t\t\t<\/span>\n<span style=\"text-align: center;\">WYBIERZ SWOJE MIESZKANIE<\/span>\n<span>\t\t<\/h3>\n\t<\/div>\n\n            <style type=\"text\/css\">\n                #heading-1pZfuXLO9c .sh-heading-content {font-weight: 200!important;}#heading-1pZfuXLO9c .sh-heading-content strong,#heading-1pZfuXLO9c .sh-heading-additional-text strong {font-family: 'Montserrat'!important;}            <\/style>\n        [vc_column_text el_class=&#8221;max-width-500&#8243;]<\/p>\n<p style=\"text-align: center;\"><div id=\"mapsvg-12692\" data-id=\"12692\" class=\"mapsvg\" data-autoload=\"true\" data-load-db=\"true\" data-loading-text=\"Na\u010d\u00edtavam apartm\u00e1ny...\" style=\"width: 100%; height: 0; padding-bottom: 74%\"><\/div>\n<p>[\/vc_column_text][\/vc_column_inner][vc_column_inner width=&#8221;1\/3&#8243; css=&#8221;.vc_custom_1618045620025{padding-right: 80px !important;padding-left: 40px !important;}&#8221;]\n\n\t<div class=\"sh-heading sh-heading-style1\" id=\"heading-JkZjxGiD8M\">\n\t\t<h3 class=\"sh-heading-content chalet-apartman size-m\">\n\t\t\t<\/span>\n<span style=\"text-align: center;\">APARTAMENT &#8211; TYP A<\/span>\n<span>\t\t<\/h3>\n\t<\/div>\n\n            <style type=\"text\/css\">\n                #heading-JkZjxGiD8M .sh-heading-content {font-weight: 200!important;}#heading-JkZjxGiD8M .sh-heading-content strong,#heading-JkZjxGiD8M .sh-heading-additional-text strong {font-family: 'Montserrat'!important;}            <\/style>\n        [vc_column_text el_class=&#8221;max-width-500&#8243; css=&#8221;.vc_custom_1617743646265{margin-top: 25px !important;}&#8221;]\n\t\t<!-- MasterSlider -->\n\t\t<div id=\"P_MS69d29fcd89082\" class=\"master-slider-parent ms-parent-id-41\"  >\n\n\t\t\t\n\t\t\t<!-- MasterSlider Main -->\n\t\t\t<div id=\"MS69d29fcd89082\" class=\"master-slider ms-skin-default\" >\n\t\t\t\t \t\t\t\t \n\t\t\t<div id=\"3\" class=\"ms-slide masterslider\" data-delay=\"6\" data-fill-mode=\"fill\"   >\n\t\t\t\t\t<img decoding=\"async\" src=\"https:\/\/www.rezidenciahrabovo.sk\/wp-content\/plugins\/masterslider\/public\/assets\/css\/blank.gif\" alt=\"\" title=\"\" data-src=\"https:\/\/www.rezidenciahrabovo.sk\/wp-content\/uploads\/2021\/04\/dom-A_\u00faprava-660x450.jpg\" \/>\n\t<a href=\"https:\/\/www.rezidenciahrabovo.sk\/wp-content\/uploads\/2021\/04\/dom-A_\u00faprava.jpg\" target=\"_self\" data-rel=\"typ-a-slide\" title=\"1\" class=\"1\" id=\"1\" data-thumb=\"https:\/\/www.rezidenciahrabovo.sk\/wp-content\/uploads\/2021\/04\/dom-A_\u00faprava.jpg\" ><\/a>\n\n\n\t\t\t\t<\/div>\n\t\t\t<div id=\"3\" class=\"ms-slide masterslider\" data-delay=\"6\" data-fill-mode=\"fill\"   >\n\t\t\t\t\t<img decoding=\"async\" src=\"https:\/\/www.rezidenciahrabovo.sk\/wp-content\/plugins\/masterslider\/public\/assets\/css\/blank.gif\" alt=\"\" title=\"\" data-src=\"https:\/\/www.rezidenciahrabovo.sk\/wp-content\/uploads\/2021\/04\/a2-6-660x450.jpg\" \/>\n\t<a href=\"https:\/\/www.rezidenciahrabovo.sk\/wp-content\/uploads\/2021\/04\/a2-6.jpg\" target=\"_self\" data-rel=\"typ-a-slide\" title=\"1\" class=\"1\" id=\"1\" data-thumb=\"https:\/\/www.rezidenciahrabovo.sk\/wp-content\/uploads\/2021\/04\/a2-6.jpg\" ><\/a>\n\n\n\t\t\t\t<\/div>\n\t\t\t<div id=\"3\" class=\"ms-slide masterslider\" data-delay=\"6\" data-fill-mode=\"fill\"   >\n\t\t\t\t\t<img decoding=\"async\" src=\"https:\/\/www.rezidenciahrabovo.sk\/wp-content\/plugins\/masterslider\/public\/assets\/css\/blank.gif\" alt=\"\" title=\"\" data-src=\"https:\/\/www.rezidenciahrabovo.sk\/wp-content\/uploads\/2021\/04\/a3-4-660x450.jpg\" \/>\n\t<a href=\"https:\/\/www.rezidenciahrabovo.sk\/wp-content\/uploads\/2021\/04\/a3-4.jpg\" target=\"_self\" data-rel=\"typ-a-slide\" title=\"1\" class=\"1\" id=\"1\" data-thumb=\"https:\/\/www.rezidenciahrabovo.sk\/wp-content\/uploads\/2021\/04\/a3-4.jpg\" ><\/a>\n\n\n\t\t\t\t<\/div>\n\t\t\t<div id=\"3\" class=\"ms-slide masterslider\" data-delay=\"6\" data-fill-mode=\"fill\"   >\n\t\t\t\t\t<img decoding=\"async\" src=\"https:\/\/www.rezidenciahrabovo.sk\/wp-content\/plugins\/masterslider\/public\/assets\/css\/blank.gif\" alt=\"\" title=\"\" data-src=\"https:\/\/www.rezidenciahrabovo.sk\/wp-content\/uploads\/2021\/04\/a3-3-660x450.jpg\" \/>\n\t<a href=\"https:\/\/www.rezidenciahrabovo.sk\/wp-content\/uploads\/2021\/04\/a3-3.jpg\" target=\"_self\" data-rel=\"typ-a-slide\" title=\"1\" class=\"1\" id=\"1\" data-thumb=\"https:\/\/www.rezidenciahrabovo.sk\/wp-content\/uploads\/2021\/04\/a3-3.jpg\" ><\/a>\n\n\n\t\t\t\t<\/div>\n\t\t\t<div id=\"3\" class=\"ms-slide masterslider\" data-delay=\"6\" data-fill-mode=\"fill\"   >\n\t\t\t\t\t<img decoding=\"async\" src=\"https:\/\/www.rezidenciahrabovo.sk\/wp-content\/plugins\/masterslider\/public\/assets\/css\/blank.gif\" alt=\"\" title=\"\" data-src=\"https:\/\/www.rezidenciahrabovo.sk\/wp-content\/uploads\/2021\/04\/a2-5-660x450.jpg\" \/>\n\t<a href=\"https:\/\/www.rezidenciahrabovo.sk\/wp-content\/uploads\/2021\/04\/a2-5.jpg\" target=\"_self\" data-rel=\"typ-a-slide\" title=\"1\" class=\"1\" id=\"1\" data-thumb=\"https:\/\/www.rezidenciahrabovo.sk\/wp-content\/uploads\/2021\/04\/a2-5.jpg\" ><\/a>\n\n\n\t\t\t\t<\/div>\n\n\t\t\t<\/div>\n\t\t\t<!-- END MasterSlider Main -->\n\n\t\t\t \n\t\t<\/div>\n\t\t<!-- END MasterSlider -->\n\n\t\t<script>\n\t\t( window.MSReady = window.MSReady || [] ).push( function( $ ) {\n\n\t\t\t\"use strict\";\n\t\t\tvar masterslider_9082 = new MasterSlider();\n\n\t\t\t\/\/ slider controls\n\t\t\tmasterslider_9082.control('arrows'     ,{ autohide:false, overVideo:true  });\n\t\t\tmasterslider_9082.control('bullets'    ,{ autohide:true, overVideo:true, dir:'h', align:'bottom', space:6 , margin:10  });\n\t\t\t\/\/ slider setup\n\t\t\tmasterslider_9082.setup(\"MS69d29fcd89082\", {\n\t\t\t\twidth           : 660,\n\t\t\t\theight          : 450,\n\t\t\t\tminHeight       : 0,\n\t\t\t\tspace           : 0,\n\t\t\t\tstart           : 1,\n\t\t\t\tgrabCursor      : true,\n\t\t\t\tswipe           : false,\n\t\t\t\tmouse           : true,\n\t\t\t\tkeyboard        : false,\n\t\t\t\tlayout          : \"fillwidth\",\n\t\t\t\twheel           : false,\n\t\t\t\tautoplay        : true,\n                instantStartLayers:false,\n\t\t\t\tmobileBGVideo:false,\n\t\t\t\tloop            : true,\n\t\t\t\tshuffle         : false,\n\t\t\t\tpreload         : 0,\n\t\t\t\theightLimit     : true,\n\t\t\t\tautoHeight      : true,\n\t\t\t\tsmoothHeight    : true,\n\t\t\t\tendPause        : false,\n\t\t\t\toverPause       : true,\n\t\t\t\tfillMode        : \"fill\",\n\t\t\t\tcenterControls  : true,\n\t\t\t\tstartOnAppear   : false,\n\t\t\t\tlayersMode      : \"center\",\n\t\t\t\tautofillTarget  : \"\",\n\t\t\t\thideLayers      : false,\n\t\t\t\tfullscreenMargin: 0,\n\t\t\t\tspeed           : 8,\n\t\t\t\tdir             : \"h\",\n\t\t\t\tview            : \"scale\"\n\t\t\t});\n\n\t\t\t\n\t\t\twindow.masterslider_instances = window.masterslider_instances || [];\n\t\t\twindow.masterslider_instances.push( masterslider_9082 );\n\t\t});\n\t\t<\/script>\n\n[\/vc_column_text][\/vc_column_inner][\/vc_row_inner][\/vc_column][\/vc_row]<\/p>\n","protected":false},"excerpt":{"rendered":"<p>[vc_row full_width=&#8221;stretch_row_content&#8221; el_class=&#8221;vyber-apartmanu&#8221;][vc_column][vc_row_inner][vc_column_inner] CHALET A48 [\/vc_column_inner][\/vc_row_inner][vc_row_inner css=&#8221;.vc_custom_1618045598065{margin-top: 50px !important;}&#8221;][vc_column_inner width=&#8221;1\/3&#8243; css=&#8221;.vc_custom_1618045640497{padding-right: 40px !important;padding-left: 80px !important;}&#8221;] POWR\u00d3T DO WYBORU TERENU [vc_single_image image=&#8221;12549&#8243; img_size=&#8221;full&#8221; alignment=&#8221;center&#8221; onclick=&#8221;custom_link&#8221; el_class=&#8221;apd-podlazie&#8221; link=&#8221;https:\/\/www.rezidenciahrabovo.sk\/pl\/apartamenty-w-domkach\/&#8221; css=&#8221;.vc_custom_1647503454770{margin-top: 5px !important;}&#8221;][\/vc_column_inner][vc_column_inner el_class=&#8221;pricing-table-apartmany&#8221; width=&#8221;1\/3&#8243;] WYBIERZ SWOJE MIESZKANIE [vc_column_text el_class=&#8221;max-width-500&#8243;] [\/vc_column_text][\/vc_column_inner][vc_column_inner width=&#8221;1\/3&#8243; css=&#8221;.vc_custom_1618045620025{padding-right: 80px !important;padding-left: 40px !important;}&#8221;] APARTAMENT &#8211;&#8230;<\/p>\n","protected":false},"author":1,"featured_media":0,"parent":0,"menu_order":0,"comment_status":"closed","ping_status":"closed","template":"","meta":{"footnotes":""},"class_list":["post-16718","page","type-page","status-publish","hentry"],"_links":{"self":[{"href":"https:\/\/www.rezidenciahrabovo.sk\/pl\/wp-json\/wp\/v2\/pages\/16718","targetHints":{"allow":["GET"]}}],"collection":[{"href":"https:\/\/www.rezidenciahrabovo.sk\/pl\/wp-json\/wp\/v2\/pages"}],"about":[{"href":"https:\/\/www.rezidenciahrabovo.sk\/pl\/wp-json\/wp\/v2\/types\/page"}],"author":[{"embeddable":true,"href":"https:\/\/www.rezidenciahrabovo.sk\/pl\/wp-json\/wp\/v2\/users\/1"}],"replies":[{"embeddable":true,"href":"https:\/\/www.rezidenciahrabovo.sk\/pl\/wp-json\/wp\/v2\/comments?post=16718"}],"version-history":[{"count":14,"href":"https:\/\/www.rezidenciahrabovo.sk\/pl\/wp-json\/wp\/v2\/pages\/16718\/revisions"}],"predecessor-version":[{"id":17399,"href":"https:\/\/www.rezidenciahrabovo.sk\/pl\/wp-json\/wp\/v2\/pages\/16718\/revisions\/17399"}],"wp:attachment":[{"href":"https:\/\/www.rezidenciahrabovo.sk\/pl\/wp-json\/wp\/v2\/media?parent=16718"}],"curies":[{"name":"wp","href":"https:\/\/api.w.org\/{rel}","templated":true}]}}