{"id":16534,"date":"2021-04-15T16:57:13","date_gmt":"2021-04-15T14:57:13","guid":{"rendered":"https:\/\/www.rezidenciahrabovo.sk\/stan-deweloperski-specyfikacja\/"},"modified":"2022-03-14T18:51:45","modified_gmt":"2022-03-14T17:51:45","slug":"stan-deweloperski-specyfikacja","status":"publish","type":"page","link":"https:\/\/www.rezidenciahrabovo.sk\/pl\/stan-deweloperski-specyfikacja\/","title":{"rendered":"Stan deweloperski &#8211; specyfikacja"},"content":{"rendered":"<p>[vc_row css=&#8221;.vc_custom_1617225152113{margin-top: 80px !important;}&#8221;][vc_column]\n\n\t<div class=\"sh-heading sh-heading-style1\" id=\"heading-rUyQzBqClu\">\n\t\t<h2 class=\"sh-heading-content nadpis-symbol size-l\">\n\t\t\t<\/span>\n<span style=\"text-align: left;\">STAN DEWELOPERSKI &#8211; SPECYFIKACJA<\/span>\n<span>\t\t<\/h2>\n\t<\/div>\n\n            <style type=\"text\/css\">\n                #heading-rUyQzBqClu .sh-heading-content {font-weight: 200!important;}#heading-rUyQzBqClu .sh-heading-content strong,#heading-rUyQzBqClu .sh-heading-additional-text strong {font-family: 'Montserrat'!important;}            <\/style>\n        [vc_column_text css=&#8221;.vc_custom_1619167250209{margin-top: -10px !important;}&#8221;]<\/p>\n<p style=\"text-align: left;\"><strong>opis sprz\u0119tu i wyko\u0144czenia <\/strong><\/p>\n<p>[\/vc_column_text][\/vc_column][\/vc_row][vc_row full_width=&#8221;stretch_row&#8221; max_width_alignment=&#8221;left&#8221; css=&#8221;.vc_custom_1617225217594{margin-top: 50px !important;}&#8221; max_width=&#8221;1600&#8243; el_class=&#8221;opacity&#8221;][vc_column css=&#8221;.vc_custom_1565182833752{margin-top: 20px !important;padding-right: 25px !important;}&#8221;][vc_column_text]<strong>Drzwi<\/strong><\/p>\n<ul>\n<li>Drzwi wej\u015bciowe do mieszkania wraz z elektronicznym systemem dost\u0119pu<\/li>\n<\/ul>\n<p><strong>Pod\u0142ogi <\/strong><\/p>\n<ul>\n<li>Pod\u0142ogi w mieszkaniu wyko\u0144czone wylewk\u0105 betonow\u0105<\/li>\n<\/ul>\n<p><strong>Obr\u00f3bka powierzchniowa<\/strong><\/p>\n<ul>\n<li>Tynki wapienne, farba wewn\u0119trzna 2 x kolor bia\u0142y<\/li>\n<li>W \u0142azience i WC powierzchnie \u015bcian i sufit\u00f3w &#8211; tynk wapienno-gipsowy bez farby<\/li>\n<\/ul>\n<p><strong>Sprz\u0119t kuchenny<\/strong><\/p>\n<ul>\n<li>Przygotowanie instalacji elektrycznej pod p\u0142yt\u0119 i okap<\/li>\n<li>Przygotowanie instalacji elektrycznej do lod\u00f3wki<\/li>\n<li>Przygotowanie hydrauliki do baterii kuchennej i zlewu<\/li>\n<\/ul>\n<p><strong>Wyposa\u017cenie \u0142azienek i toalet <\/strong><\/p>\n<ul>\n<li>Monta\u017c modu\u0142u podtynkowego z wbudowanym zbiornikiem WC<\/li>\n<li>Przygotowanie hydrauliki pod bateri\u0119 natryskow\u0105, umywalkow\u0105 i umywalk\u0119<\/li>\n<\/ul>\n<p><strong>Ogrzewanie i przygotowanie instalacji pod ciep\u0142\u0105 wod\u0119<\/strong><\/p>\n<ul>\n<li>Elektryczne ogrzewanie pod\u0142ogowe NanoHeat + regulacja wifi<\/li>\n<li>Kocio\u0142 elektryczny do przygotowania ciep\u0142ej wody<\/li>\n<li>Korpus komina i zaprojektowane miejsce na kominek, za wyj\u0105tkiem mieszkania B1<\/li>\n<\/ul>\n<p><strong>Klatka schodowa (wewn\u0105trz mieszkania) <\/strong><\/p>\n<ul>\n<li>Bez ostatniej warstwy pod\u0142ogi<\/li>\n<\/ul>\n<p><strong>Wentylacja<\/strong><\/p>\n<ul>\n<li>Wentylacja naturalna w pomieszczeniach mieszkalnych<\/li>\n<li>Przygotowanie do wentylacji wymuszonej w toaletach i \u0142azienkach, gdzie nie ma wentylacji naturalnej<\/li>\n<\/ul>\n<p><strong>Sanitariaty <\/strong><\/p>\n<ul>\n<li>Przy\u0142\u0105cze wody z szybem wodomierza (bez wodomierza)<\/li>\n<li>Przy\u0142\u0105cze kanalizacyjne z szybem rewizyjnym<\/li>\n<\/ul>\n<p><strong>Elektroinstalacja<\/strong><\/p>\n<ul>\n<li>Po\u0142\u0105czenie elektryczne ze skrzynk\u0105 licznikow\u0105 (bez licznika)<\/li>\n<li>Domowa rozdzielnia \u015bredniego i niskiego napi\u0119cia<\/li>\n<li>Przygotowanie do po\u0142\u0105czenia internetu w mieszkaniu<\/li>\n<\/ul>\n<p><strong>WSP\u00d3LNE POMIESZCZENIA DOMU &#8211; WN\u0118TRZE<\/strong><\/p>\n<ul>\n<li>Chalet A &#8211; wsp\u00f3lny budynek SKI &amp; BIKE z wyposa\u017ceniem na dzia\u0142ce domku A<\/li>\n<li>Chalet B \u2013 wsp\u00f3lne pomieszczenie SKI &amp; BIKE z wyposa\u017ceniem<\/li>\n<li>Tynki wapienno-gipsowe, farba wewn\u0119trzna 2x kolor bia\u0142y<\/li>\n<li>Ko\u0144cowa warstwa pod\u0142ogi<\/li>\n<li>Drzwi wej\u015bciowe do cz\u0119\u015bci wsp\u00f3lnych, w tym elektroniczny system dost\u0119pu<\/li>\n<li>Tablica rozdzielcza zasilania, w tym o\u015bwietlenie<\/li>\n<\/ul>\n<p><strong>WSP\u00d3LNE POMIESZCZENIE DOMU &#8211; ZEWN\u0118TRZNE<\/strong><\/p>\n<ul>\n<li>Tablica rozdzielcza \u015bredniego napi\u0119cia, w tym o\u015bwietlenie domu<\/li>\n<li>Konserwacja terenu i chodniki<\/li>\n<li>Utwardzone tereny trawiaste do parkowania<\/li>\n<\/ul>\n<ul>\n<li style=\"list-style-type: none;\"><\/li>\n<\/ul>\n<p>[\/vc_column_text][\/vc_column][\/vc_row]<\/p>\n","protected":false},"excerpt":{"rendered":"<p>[vc_row css=&#8221;.vc_custom_1617225152113{margin-top: 80px !important;}&#8221;][vc_column] STAN DEWELOPERSKI &#8211; SPECYFIKACJA [vc_column_text css=&#8221;.vc_custom_1619167250209{margin-top: -10px !important;}&#8221;] opis sprz\u0119tu i wyko\u0144czenia [\/vc_column_text][\/vc_column][\/vc_row][vc_row full_width=&#8221;stretch_row&#8221; max_width_alignment=&#8221;left&#8221; css=&#8221;.vc_custom_1617225217594{margin-top: 50px !important;}&#8221; max_width=&#8221;1600&#8243; el_class=&#8221;opacity&#8221;][vc_column css=&#8221;.vc_custom_1565182833752{margin-top: 20px !important;padding-right: 25px !important;}&#8221;][vc_column_text]Drzwi Drzwi wej\u015bciowe do mieszkania wraz z elektronicznym systemem dost\u0119pu Pod\u0142ogi Pod\u0142ogi w mieszkaniu wyko\u0144czone wylewk\u0105 betonow\u0105&#8230;<\/p>\n","protected":false},"author":1,"featured_media":0,"parent":0,"menu_order":0,"comment_status":"closed","ping_status":"closed","template":"","meta":{"footnotes":""},"class_list":["post-16534","page","type-page","status-publish","hentry"],"_links":{"self":[{"href":"https:\/\/www.rezidenciahrabovo.sk\/pl\/wp-json\/wp\/v2\/pages\/16534","targetHints":{"allow":["GET"]}}],"collection":[{"href":"https:\/\/www.rezidenciahrabovo.sk\/pl\/wp-json\/wp\/v2\/pages"}],"about":[{"href":"https:\/\/www.rezidenciahrabovo.sk\/pl\/wp-json\/wp\/v2\/types\/page"}],"author":[{"embeddable":true,"href":"https:\/\/www.rezidenciahrabovo.sk\/pl\/wp-json\/wp\/v2\/users\/1"}],"replies":[{"embeddable":true,"href":"https:\/\/www.rezidenciahrabovo.sk\/pl\/wp-json\/wp\/v2\/comments?post=16534"}],"version-history":[{"count":3,"href":"https:\/\/www.rezidenciahrabovo.sk\/pl\/wp-json\/wp\/v2\/pages\/16534\/revisions"}],"predecessor-version":[{"id":16537,"href":"https:\/\/www.rezidenciahrabovo.sk\/pl\/wp-json\/wp\/v2\/pages\/16534\/revisions\/16537"}],"wp:attachment":[{"href":"https:\/\/www.rezidenciahrabovo.sk\/pl\/wp-json\/wp\/v2\/media?parent=16534"}],"curies":[{"name":"wp","href":"https:\/\/api.w.org\/{rel}","templated":true}]}}