{"id":16456,"date":"2019-03-30T15:34:39","date_gmt":"2019-03-30T14:34:39","guid":{"rendered":"https:\/\/www.rezidenciahrabovo.sk\/wellness-2\/"},"modified":"2022-03-14T16:09:26","modified_gmt":"2022-03-14T15:09:26","slug":"wellness-2","status":"publish","type":"page","link":"https:\/\/www.rezidenciahrabovo.sk\/pl\/wellness-2\/","title":{"rendered":"Wellness"},"content":{"rendered":"<p>[vc_row full_width=&#8221;stretch_row&#8221; max_width_alignment=&#8221;left&#8221; css=&#8221;.vc_custom_1565786960755{margin-top: 60px !important;}&#8221; max_width=&#8221;1600&#8243;][vc_column width=&#8221;1\/2&#8243; css=&#8221;.vc_custom_1565182833752{margin-top: 20px !important;padding-right: 25px !important;}&#8221;]\n\n\t<div class=\"sh-heading sh-heading-style1\" id=\"heading-8hLHiswRNd\">\n\t\t<h2 class=\"sh-heading-content nadpis-symbol size-l\">\n\t\t\t<\/span>\n<span style=\"text-align: left;\">WELLNESS<\/span>\n<span>\t\t<\/h2>\n\t<\/div>\n\n            <style type=\"text\/css\">\n                #heading-8hLHiswRNd .sh-heading-content {font-weight: 200!important;}#heading-8hLHiswRNd .sh-heading-content strong,#heading-8hLHiswRNd .sh-heading-additional-text strong {font-family: 'Montserrat'!important;}            <\/style>\n        [vc_column_text]Chcemy da\u0107 Ci chwil\u0119 tylko dla siebie. Na\u0142adowanie si\u0142, energii i pi\u0119kna to cel empirycznego wellness SKY, kt\u00f3ry dla Ciebie przygotowujemy, w kt\u00f3rym czas minie.[\/vc_column_text][vc_column_text el_class=&#8221;text-druhy&#8221;]Mamy niesamowit\u0105 ilo\u015b\u0107 pomys\u0142\u00f3w, jak umili\u0107 ka\u017cd\u0105 chwil\u0119 odpoczynku i relaksu w przestrzeni, kt\u00f3ra zwielokrotni Twoje emocje podczas pobytu w Hrabowskiej Dolinie. SKY wellness na dachu kamienicy b\u0119dzie dowodem naszych roszcze\u0144.[\/vc_column_text][\/vc_column][vc_column width=&#8221;1\/2&#8243; css=&#8221;.vc_custom_1565182856719{margin-top: 15px !important;}&#8221;][vc_single_image image=&#8221;9890&#8243; img_size=&#8221;full&#8221; alignment=&#8221;center&#8221;][\/vc_column][\/vc_row][vc_row css=&#8221;.vc_custom_1565786974117{margin-bottom: 45px !important;}&#8221;][vc_column][vc_btn title=&#8221;FOTOGALERIA&#8221; shape=&#8221;square&#8221; align=&#8221;center&#8221; button_block=&#8221;true&#8221; el_class=&#8221;button-prehliadka&#8221; css=&#8221;.vc_custom_1578668612210{margin-top: 40px !important;}&#8221; link=&#8221;url:https%3A%2F%2Fwww.rezidenciahrabovo.sk%2Fpl%2Ffotogaleria-2%2F|title:Fotogaleria|&#8221;][\/vc_column][\/vc_row]<\/p>\n","protected":false},"excerpt":{"rendered":"<p>[vc_row full_width=&#8221;stretch_row&#8221; max_width_alignment=&#8221;left&#8221; css=&#8221;.vc_custom_1565786960755{margin-top: 60px !important;}&#8221; max_width=&#8221;1600&#8243;][vc_column width=&#8221;1\/2&#8243; css=&#8221;.vc_custom_1565182833752{margin-top: 20px !important;padding-right: 25px !important;}&#8221;] WELLNESS [vc_column_text]Chcemy da\u0107 Ci chwil\u0119 tylko dla siebie. Na\u0142adowanie si\u0142, energii i pi\u0119kna to cel empirycznego wellness SKY, kt\u00f3ry dla Ciebie przygotowujemy, w kt\u00f3rym czas minie.[\/vc_column_text][vc_column_text el_class=&#8221;text-druhy&#8221;]Mamy niesamowit\u0105 ilo\u015b\u0107 pomys\u0142\u00f3w, jak umili\u0107&#8230;<\/p>\n","protected":false},"author":1,"featured_media":0,"parent":0,"menu_order":0,"comment_status":"closed","ping_status":"closed","template":"","meta":{"footnotes":""},"class_list":["post-16456","page","type-page","status-publish","hentry"],"_links":{"self":[{"href":"https:\/\/www.rezidenciahrabovo.sk\/pl\/wp-json\/wp\/v2\/pages\/16456","targetHints":{"allow":["GET"]}}],"collection":[{"href":"https:\/\/www.rezidenciahrabovo.sk\/pl\/wp-json\/wp\/v2\/pages"}],"about":[{"href":"https:\/\/www.rezidenciahrabovo.sk\/pl\/wp-json\/wp\/v2\/types\/page"}],"author":[{"embeddable":true,"href":"https:\/\/www.rezidenciahrabovo.sk\/pl\/wp-json\/wp\/v2\/users\/1"}],"replies":[{"embeddable":true,"href":"https:\/\/www.rezidenciahrabovo.sk\/pl\/wp-json\/wp\/v2\/comments?post=16456"}],"version-history":[{"count":5,"href":"https:\/\/www.rezidenciahrabovo.sk\/pl\/wp-json\/wp\/v2\/pages\/16456\/revisions"}],"predecessor-version":[{"id":16473,"href":"https:\/\/www.rezidenciahrabovo.sk\/pl\/wp-json\/wp\/v2\/pages\/16456\/revisions\/16473"}],"wp:attachment":[{"href":"https:\/\/www.rezidenciahrabovo.sk\/pl\/wp-json\/wp\/v2\/media?parent=16456"}],"curies":[{"name":"wp","href":"https:\/\/api.w.org\/{rel}","templated":true}]}}