{"id":16413,"date":"2021-03-07T21:05:45","date_gmt":"2021-03-07T20:05:45","guid":{"rendered":"https:\/\/www.rezidenciahrabovo.sk\/fotogaleria-2\/zewnetrzny\/"},"modified":"2022-03-14T14:31:42","modified_gmt":"2022-03-14T13:31:42","slug":"zewnetrzny","status":"publish","type":"page","link":"https:\/\/www.rezidenciahrabovo.sk\/pl\/fotogaleria-2\/zewnetrzny\/","title":{"rendered":"ZEWN\u0118TRZNY"},"content":{"rendered":"<p>[vc_row css=&#8221;.vc_custom_1574246390011{margin-top: 55px !important;}&#8221;][vc_column]\n\n\t<div class=\"sh-heading sh-heading-style1\" id=\"heading-P3jcl1gZ6A\">\n\t\t<h2 class=\"sh-heading-content nadpis-symbol size-default\">\n\t\t\t<\/span>\n<span style=\"text-align: left;\">GALERIA ZDJ\u0118\u0106 &#8211; ZEWN\u0118TRZNE<\/span>\n<span>\t\t<\/h2>\n\t<\/div>\n\n            <style type=\"text\/css\">\n                #heading-P3jcl1gZ6A .sh-heading-content {font-weight: 300!important;}#heading-P3jcl1gZ6A .sh-heading-content strong,#heading-P3jcl1gZ6A .sh-heading-additional-text strong {font-family: 'Montserrat'!important;}            <\/style>\n        [\/vc_column][\/vc_row][vc_row css=&#8221;.vc_custom_1574246419532{margin-top: 20px !important;margin-bottom: 80px !important;}&#8221;][vc_column]<div style=\"color: red; text-align: center; font-weight: bold;\" >Gallery Factory error: The folder\/album with ID 3 was not found.<\/div>[\/vc_column][\/vc_row]<\/p>\n","protected":false},"excerpt":{"rendered":"<p>[vc_row css=&#8221;.vc_custom_1574246390011{margin-top: 55px !important;}&#8221;][vc_column] GALERIA ZDJ\u0118\u0106 &#8211; ZEWN\u0118TRZNE [\/vc_column][\/vc_row][vc_row css=&#8221;.vc_custom_1574246419532{margin-top: 20px !important;margin-bottom: 80px !important;}&#8221;][vc_column]Gallery Factory error: The folder\/album with ID 3 was not found.[\/vc_column][\/vc_row]<\/p>\n","protected":false},"author":1,"featured_media":14990,"parent":16019,"menu_order":0,"comment_status":"closed","ping_status":"closed","template":"","meta":{"footnotes":""},"class_list":["post-16413","page","type-page","status-publish","has-post-thumbnail","hentry"],"_links":{"self":[{"href":"https:\/\/www.rezidenciahrabovo.sk\/pl\/wp-json\/wp\/v2\/pages\/16413","targetHints":{"allow":["GET"]}}],"collection":[{"href":"https:\/\/www.rezidenciahrabovo.sk\/pl\/wp-json\/wp\/v2\/pages"}],"about":[{"href":"https:\/\/www.rezidenciahrabovo.sk\/pl\/wp-json\/wp\/v2\/types\/page"}],"author":[{"embeddable":true,"href":"https:\/\/www.rezidenciahrabovo.sk\/pl\/wp-json\/wp\/v2\/users\/1"}],"replies":[{"embeddable":true,"href":"https:\/\/www.rezidenciahrabovo.sk\/pl\/wp-json\/wp\/v2\/comments?post=16413"}],"version-history":[{"count":2,"href":"https:\/\/www.rezidenciahrabovo.sk\/pl\/wp-json\/wp\/v2\/pages\/16413\/revisions"}],"predecessor-version":[{"id":16415,"href":"https:\/\/www.rezidenciahrabovo.sk\/pl\/wp-json\/wp\/v2\/pages\/16413\/revisions\/16415"}],"up":[{"embeddable":true,"href":"https:\/\/www.rezidenciahrabovo.sk\/pl\/wp-json\/wp\/v2\/pages\/16019"}],"wp:featuredmedia":[{"embeddable":true,"href":"https:\/\/www.rezidenciahrabovo.sk\/pl\/wp-json\/wp\/v2\/media\/14990"}],"wp:attachment":[{"href":"https:\/\/www.rezidenciahrabovo.sk\/pl\/wp-json\/wp\/v2\/media?parent=16413"}],"curies":[{"name":"wp","href":"https:\/\/api.w.org\/{rel}","templated":true}]}}