{"id":16267,"date":"2019-02-27T16:13:38","date_gmt":"2019-02-27T15:13:38","guid":{"rendered":"https:\/\/www.rezidenciahrabovo.sk\/zysk-z-inwestycji\/"},"modified":"2022-03-11T10:06:41","modified_gmt":"2022-03-11T09:06:41","slug":"zysk-z-inwestycji","status":"publish","type":"page","link":"https:\/\/www.rezidenciahrabovo.sk\/pl\/zysk-z-inwestycji\/","title":{"rendered":"Zysk z inwestycji"},"content":{"rendered":"<p>[vc_row full_width=&#8221;stretch_row&#8221; max_width_alignment=&#8221;left&#8221; css=&#8221;.vc_custom_1551279043059{margin-top: 60px !important;margin-bottom: 45px !important;}&#8221; max_width=&#8221;1600&#8243;][vc_column width=&#8221;1\/2&#8243; css=&#8221;.vc_custom_1551279036461{margin-top: 10px !important;}&#8221;]\n\n\t<div class=\"sh-heading sh-heading-style1\" id=\"heading-XyrFse4dnC\">\n\t\t<h2 class=\"sh-heading-content nadpis-symbol size-l\">\n\t\t\t<\/span>\n<span style=\"text-align: left;\">CIESZ SI\u0118 DOCHODEM Z WYNAJMU<\/span>\n<span>\t\t<\/h2>\n\t<\/div>\n\n            <style type=\"text\/css\">\n                #heading-XyrFse4dnC .sh-heading-content {font-weight: 200!important;}#heading-XyrFse4dnC .sh-heading-content strong,#heading-XyrFse4dnC .sh-heading-additional-text strong {font-family: 'Montserrat'!important;}            <\/style>\n        [vc_column_text]<\/p>\n<p>Je\u015bli jeste\u015b zainteresowany wynajmem swojej nieruchomo\u015bci, kupuj\u0105cy ma 2 sposoby korzystania ze swojego domu:<\/p>\n<p>[\/vc_column_text][vc_column_text]<\/p>\n<p><strong>1. Opcja<\/strong><\/p>\n<p>W\u0142a\u015bciciel domu zapewnia jego ob\u0142o\u017cenie i korzysta z niego bez ogranicze\u0144.<\/p>\n<p>[\/vc_column_text][vc_column_text]<\/p>\n<p><strong>2. Opcja<\/strong><\/p>\n<p>W przypadku zainteresowania, zaoferujemy w\u0142a\u015bcicielom mo\u017cliwo\u015b\u0107 wykorzystania ich maj\u0105tku w naszej administracji, zgodnie z wcze\u015bniej ustalonymi warunkami umownymi<\/p>\n<p>[\/vc_column_text][\/vc_column][vc_column width=&#8221;1\/2&#8243;][vc_single_image image=&#8221;9048&#8243; img_size=&#8221;full&#8221; alignment=&#8221;center&#8221;][\/vc_column][\/vc_row]<\/p>\n","protected":false},"excerpt":{"rendered":"<p>[vc_row full_width=&#8221;stretch_row&#8221; max_width_alignment=&#8221;left&#8221; css=&#8221;.vc_custom_1551279043059{margin-top: 60px !important;margin-bottom: 45px !important;}&#8221; max_width=&#8221;1600&#8243;][vc_column width=&#8221;1\/2&#8243; css=&#8221;.vc_custom_1551279036461{margin-top: 10px !important;}&#8221;] CIESZ SI\u0118 DOCHODEM Z WYNAJMU [vc_column_text] Je\u015bli jeste\u015b zainteresowany wynajmem swojej nieruchomo\u015bci, kupuj\u0105cy ma 2 sposoby korzystania ze swojego domu: [\/vc_column_text][vc_column_text] 1. Opcja W\u0142a\u015bciciel domu zapewnia jego ob\u0142o\u017cenie i korzysta z niego&#8230;<\/p>\n","protected":false},"author":1,"featured_media":0,"parent":0,"menu_order":0,"comment_status":"closed","ping_status":"closed","template":"","meta":{"footnotes":""},"class_list":["post-16267","page","type-page","status-publish","hentry"],"_links":{"self":[{"href":"https:\/\/www.rezidenciahrabovo.sk\/pl\/wp-json\/wp\/v2\/pages\/16267","targetHints":{"allow":["GET"]}}],"collection":[{"href":"https:\/\/www.rezidenciahrabovo.sk\/pl\/wp-json\/wp\/v2\/pages"}],"about":[{"href":"https:\/\/www.rezidenciahrabovo.sk\/pl\/wp-json\/wp\/v2\/types\/page"}],"author":[{"embeddable":true,"href":"https:\/\/www.rezidenciahrabovo.sk\/pl\/wp-json\/wp\/v2\/users\/1"}],"replies":[{"embeddable":true,"href":"https:\/\/www.rezidenciahrabovo.sk\/pl\/wp-json\/wp\/v2\/comments?post=16267"}],"version-history":[{"count":2,"href":"https:\/\/www.rezidenciahrabovo.sk\/pl\/wp-json\/wp\/v2\/pages\/16267\/revisions"}],"predecessor-version":[{"id":16269,"href":"https:\/\/www.rezidenciahrabovo.sk\/pl\/wp-json\/wp\/v2\/pages\/16267\/revisions\/16269"}],"wp:attachment":[{"href":"https:\/\/www.rezidenciahrabovo.sk\/pl\/wp-json\/wp\/v2\/media?parent=16267"}],"curies":[{"name":"wp","href":"https:\/\/api.w.org\/{rel}","templated":true}]}}