{"id":16038,"date":"2019-12-27T14:14:15","date_gmt":"2019-12-27T13:14:15","guid":{"rendered":"https:\/\/www.rezidenciahrabovo.sk\/program-hotelowy\/"},"modified":"2022-03-16T14:37:30","modified_gmt":"2022-03-16T13:37:30","slug":"program-hotelowy","status":"publish","type":"page","link":"https:\/\/www.rezidenciahrabovo.sk\/pl\/program-hotelowy\/","title":{"rendered":"Program hotelowy"},"content":{"rendered":"<p>[vc_row css=&#8221;.vc_custom_1617225152113{margin-top: 80px !important;}&#8221;][vc_column]\n\n\t<div class=\"sh-heading sh-heading-style1\" id=\"heading-D1pO39SMdB\">\n\t\t<h2 class=\"sh-heading-content nadpis-symbol size-l\">\n\t\t\t<\/span>\n<span style=\"text-align: left;\">PROGRAM ADMINISTRACYJNY<\/span>\n<span>\t\t<\/h2>\n\t<\/div>\n\n            <style type=\"text\/css\">\n                #heading-D1pO39SMdB .sh-heading-content {font-weight: 200!important;}#heading-D1pO39SMdB .sh-heading-content strong,#heading-D1pO39SMdB .sh-heading-additional-text strong {font-family: 'Montserrat'!important;}            <\/style>\n        [\/vc_column][\/vc_row][vc_row full_width=&#8221;stretch_row&#8221; max_width_alignment=&#8221;left&#8221; css=&#8221;.vc_custom_1617225217594{margin-top: 50px !important;}&#8221; max_width=&#8221;1600&#8243; el_class=&#8221;opacity&#8221;][vc_column width=&#8221;1\/2&#8243; css=&#8221;.vc_custom_1565182833752{margin-top: 20px !important;padding-right: 25px !important;}&#8221;][vc_column_text]<\/p>\n<ul>\n<li><strong>Rzetelno\u015b\u0107 &#8211;<\/strong> ca\u0142oroczne ob\u0142o\u017cenie twojego mieszkania, kt\u00f3re po przekazaniu do programu staje si\u0119 jego cz\u0119\u015bci\u0105.<\/li>\n<li><strong>Elastyczno\u015b\u0107 &#8211;<\/strong> mo\u017cesz cieszy\u0107 si\u0119 pobytem we w\u0142asnym mieszkaniu w wybranym przez siebie czasie o ka\u017cdej porze roku.<\/li>\n<li><strong>Bezstresowo\u015b\u0107 &#8211;<\/strong> owszystko za\u0142atwimy bez twojego bezpo\u015bredniego udzia\u0142u, o nic nie musisz si\u0119 martwi\u0107, firma zarz\u0105dzaj\u0105ca zrobi to za ciebie.<\/li>\n<li><strong>Porz\u0105dek i utrzymanie &#8211;<\/strong> pracownicy zarz\u0105dcy rezydencji zadbaj\u0105 o porz\u0105dek w mieszkaniach i rezydencji, zagospodarowanie terenu i ca\u0142oroczne funkcjonowanie infrastruktury.<\/li>\n<li><strong>Us\u0142ugi &#8211; <\/strong> restauracja, kawiarnia, wellness, k\u0105cik dla dzieci i nie tylko<\/li>\n<\/ul>\n<p>[\/vc_column_text][\/vc_column][vc_column width=&#8221;1\/2&#8243; css=&#8221;.vc_custom_1565182856719{margin-top: 15px !important;}&#8221;][vc_single_image image=&#8221;11856&#8243; img_size=&#8221;large&#8221; alignment=&#8221;center&#8221;][\/vc_column][\/vc_row][vc_row full_width=&#8221;stretch_row&#8221; disable_element=&#8221;yes&#8221; max_width_alignment=&#8221;left&#8221; css=&#8221;.vc_custom_1619104621738{margin-top: 50px !important;}&#8221; max_width=&#8221;1600&#8243; el_class=&#8221;opacity&#8221;][vc_column css=&#8221;.vc_custom_1565182833752{margin-top: 20px !important;padding-right: 25px !important;}&#8221;][vc_column_text]<\/p>\n<p style=\"text-align: center;\"><strong>Korzy\u015bci wynikaj\u0105ce z uczestnictwa w programie hotelowym Hrabovo Residence<\/strong><\/p>\n<p>[\/vc_column_text][\/vc_column][\/vc_row][vc_row full_width=&#8221;stretch_row&#8221; max_width_alignment=&#8221;left&#8221; max_width=&#8221;1600&#8243; el_class=&#8221;opacity&#8221;][vc_column width=&#8221;1\/2&#8243; css=&#8221;.vc_custom_1565182833752{margin-top: 20px !important;padding-right: 25px !important;}&#8221;][vc_single_image image=&#8221;11855&#8243; img_size=&#8221;large&#8221; alignment=&#8221;center&#8221;][\/vc_column][vc_column width=&#8221;1\/2&#8243; css=&#8221;.vc_custom_1565182856719{margin-top: 15px !important;}&#8221;][vc_column_text]<strong>RZETELNO\u015a\u0106<\/strong><\/p>\n<ul>\n<li>Wynajmowanie lokali tak, aby wszystkie by\u0142y r\u00f3wnomiernie zaj\u0119te<\/li>\n<li>Polityka cenowa &#8211; aktywne zarz\u0105dzanie cenami mieszka\u0144 w ci\u0105gu roku w celu maksymalizacji ob\u0142o\u017cenia i rentowno\u015bci<\/li>\n<li>Wp\u0142ywy z wynajmu mieszka\u0144 \u2013 w\u0142a\u015bciciel mieszkania otrzyma 60% podstawowego dobowego czynszu. Wszystkie koszty zwi\u0105zane z eksploatacj\u0105 mieszkania (energia, telewizja, internet, podstawowa administracja) uj\u0119te s\u0105 w programie zarz\u0105dzania.<\/li>\n<\/ul>\n<p>[\/vc_column_text][\/vc_column][\/vc_row][vc_row full_width=&#8221;stretch_row&#8221; max_width_alignment=&#8221;left&#8221; max_width=&#8221;1600&#8243; el_class=&#8221;opacity&#8221;][vc_column width=&#8221;1\/2&#8243; css=&#8221;.vc_custom_1565182833752{margin-top: 20px !important;padding-right: 25px !important;}&#8221;][vc_single_image image=&#8221;11859&#8243; img_size=&#8221;large&#8221; alignment=&#8221;center&#8221;][\/vc_column][vc_column width=&#8221;1\/2&#8243; css=&#8221;.vc_custom_1565182856719{margin-top: 15px !important;}&#8221;][vc_column_text]<strong>ELASTYCZNO\u015a\u0106<\/strong><\/p>\n<p><strong>W\u0142a\u015bciciel mieszkania mo\u017ce z niego skorzysta\u0107:<\/strong><\/p>\n<ul>\n<li>2 tygodnie latem<\/li>\n<li>2 tygodnie jesieni\u0105<\/li>\n<li>2 tygodnie zim\u0105 (z wyj\u0105tkiem tygodnia od 30.12. do 6.1.)<\/li>\n<li>2 tygodnie na wiosn\u0119 (opr\u00f3cz Wielkanocy)<\/li>\n<\/ul>\n<p>[\/vc_column_text][\/vc_column][\/vc_row][vc_row full_width=&#8221;stretch_row&#8221; max_width_alignment=&#8221;left&#8221; max_width=&#8221;1600&#8243; el_class=&#8221;opacity&#8221;][vc_column width=&#8221;1\/2&#8243; css=&#8221;.vc_custom_1565182833752{margin-top: 20px !important;padding-right: 25px !important;}&#8221;][vc_single_image image=&#8221;11861&#8243; img_size=&#8221;large&#8221; alignment=&#8221;center&#8221;][\/vc_column][vc_column width=&#8221;1\/2&#8243; css=&#8221;.vc_custom_1565182856719{margin-top: 15px !important;}&#8221;][vc_column_text]<strong>BEZSTRESOWO\u015a\u0106<\/strong><\/p>\n<ul>\n<li>Wszystkie koszty operacyjne zwi\u0105zane z eksploatacj\u0105 mieszkania (energia, telewizja, internet, podstawowa administracja) s\u0105 cz\u0119\u015bci\u0105 programu zarz\u0105dzania.<\/li>\n<li>Jednolity design we wszystkich apartamentach z nutk\u0105 liptowskiej atmosfery<\/li>\n<li>Projekt zosta\u0142 przygotowany przez renomowanych architekt\u00f3w<\/li>\n<li>Elastyczne ob\u0142o\u017cenie mieszka\u0144:\n<ul>\n<li>Nasz zesp\u00f3\u0142 to profesjonali\u015bci z wieloletnim do\u015bwiadczeniem w prowadzeniu hoteli<\/li>\n<li>Channel manager &#8211; wykorzystanie wszystkich nowoczesnych sposob\u00f3w wynajmowania mieszka\u0144<\/li>\n<li>Marketing nieruchomo\u015bci<\/li>\n<\/ul>\n<\/li>\n<li>Imprezy marketingowe w celu maksymalizacji ruchu w o\u015brodku<\/li>\n<\/ul>\n<p>[\/vc_column_text][\/vc_column][\/vc_row][vc_row full_width=&#8221;stretch_row&#8221; max_width_alignment=&#8221;left&#8221; max_width=&#8221;1600&#8243; el_class=&#8221;opacity&#8221;][vc_column width=&#8221;1\/2&#8243; css=&#8221;.vc_custom_1565182833752{margin-top: 20px !important;padding-right: 25px !important;}&#8221;][vc_single_image image=&#8221;11860&#8243; img_size=&#8221;large&#8221; alignment=&#8221;center&#8221;][\/vc_column][vc_column width=&#8221;1\/2&#8243; css=&#8221;.vc_custom_1565182856719{margin-top: 15px !important;}&#8221;][vc_column_text]<strong>PORZ\u0104DEK I OBS\u0141UGA<\/strong><\/p>\n<ul>\n<li>Utrzymanie mieszka\u0144 i uzupe\u0142nianie materia\u0142\u00f3w eksploatacyjnych<\/li>\n<li>Profesjonalna opieka nad nieruchomo\u015bciami<\/li>\n<li>Twoja nieruchomo\u015b\u0107 b\u0119dzie pod opiek\u0105 przez ca\u0142\u0105 dob\u0119<\/li>\n<li>Konserwacja wn\u0119trz, piel\u0119gnacja kominka i przechowywanie nart<\/li>\n<\/ul>\n<p>[\/vc_column_text][\/vc_column][\/vc_row][vc_row full_width=&#8221;stretch_row&#8221; max_width_alignment=&#8221;left&#8221; max_width=&#8221;1600&#8243; el_class=&#8221;opacity&#8221;][vc_column width=&#8221;1\/2&#8243; css=&#8221;.vc_custom_1565182833752{margin-top: 20px !important;padding-right: 25px !important;}&#8221;][vc_single_image image=&#8221;11877&#8243; img_size=&#8221;large&#8221; alignment=&#8221;center&#8221;][\/vc_column][vc_column width=&#8221;1\/2&#8243; css=&#8221;.vc_custom_1565182856719{margin-top: 15px !important;}&#8221;][vc_column_text]<strong>US\u0141UGI DODATKOWE<\/strong><\/p>\n<ul>\n<li>Us\u0142ugi recepcyjne &#8211; recepcja fizyczna, recepcja online (aplikacja, internet)<\/li>\n<li>Dodatkowe zni\u017cki na us\u0142ugi dla w\u0142a\u015bcicieli apartament\u00f3w\n<ul>\n<li>Wellness<\/li>\n<li>Wypo\u017cyczalnia nart i rower\u00f3w<\/li>\n<li>Wypo\u017cyczalnia nart i rower\u00f3w<\/li>\n<li>Tworzenie wydarze\u0144 i kampanii marketingowych\n<ul>\n<li>Pakiety pobytowe<\/li>\n<li>Imprezy tematyczne w O\u015brodku (sportowe, wielkanocne, bo\u017conarodzeniowe itp.)<\/li>\n<\/ul>\n<\/li>\n<\/ul>\n<\/li>\n<\/ul>\n<p>[\/vc_column_text][\/vc_column][\/vc_row][vc_row css=&#8221;.vc_custom_1619104822680{margin-top: 10px !important;}&#8221;][vc_column][vc_column_text]<\/p>\n<div>Sp\u00f3\u0142ka Zarz\u0105dzaj\u0105ca zaleca zakup naszego wn\u0119trza Standard lub Deluxe z nast\u0119puj\u0105cych powod\u00f3w:<\/div>\n<ul>\n<li>ten sam projekt z motywem Liptova<\/li>\n<li>wy\u017cszy standard zakwaterowania, co mo\u017ce pozytywnie wp\u0142yn\u0105\u0107 na popyt na mieszkanie, a tym samym na jego ob\u0142o\u017cenie<\/li>\n<li>niepowtarzalny nastr\u00f3j Liptowa w Rezydencji Hrabovo stworzonej przez uznanych projektant\u00f3w<\/li>\n<\/ul>\n<div><\/div>\n<p>[\/vc_column_text][vc_column_text]<\/p>\n<div>Przygotowujemy:<\/div>\n<ul>\n<li>z ka\u017cdym w\u0142a\u015bcicielem mieszkania wkr\u00f3tce skontaktuje si\u0119 Rezidencia Hrabovo:\n<ul>\n<li>z projektem Umowy o podstawowej administracji<\/li>\n<li>projekt umowy o przysz\u0142ej umowie w sprawie programu zarz\u0105dzania<\/li>\n<\/ul>\n<\/li>\n<\/ul>\n<p>[\/vc_column_text][\/vc_column][\/vc_row]<\/p>\n","protected":false},"excerpt":{"rendered":"<p>[vc_row css=&#8221;.vc_custom_1617225152113{margin-top: 80px !important;}&#8221;][vc_column] PROGRAM ADMINISTRACYJNY [\/vc_column][\/vc_row][vc_row full_width=&#8221;stretch_row&#8221; max_width_alignment=&#8221;left&#8221; css=&#8221;.vc_custom_1617225217594{margin-top: 50px !important;}&#8221; max_width=&#8221;1600&#8243; el_class=&#8221;opacity&#8221;][vc_column width=&#8221;1\/2&#8243; css=&#8221;.vc_custom_1565182833752{margin-top: 20px !important;padding-right: 25px !important;}&#8221;][vc_column_text] Rzetelno\u015b\u0107 &#8211; ca\u0142oroczne ob\u0142o\u017cenie twojego mieszkania, kt\u00f3re po przekazaniu do programu staje si\u0119 jego cz\u0119\u015bci\u0105. Elastyczno\u015b\u0107 &#8211; mo\u017cesz cieszy\u0107 si\u0119 pobytem we w\u0142asnym mieszkaniu w&#8230;<\/p>\n","protected":false},"author":1,"featured_media":0,"parent":0,"menu_order":0,"comment_status":"closed","ping_status":"closed","template":"","meta":{"footnotes":""},"class_list":["post-16038","page","type-page","status-publish","hentry"],"_links":{"self":[{"href":"https:\/\/www.rezidenciahrabovo.sk\/pl\/wp-json\/wp\/v2\/pages\/16038","targetHints":{"allow":["GET"]}}],"collection":[{"href":"https:\/\/www.rezidenciahrabovo.sk\/pl\/wp-json\/wp\/v2\/pages"}],"about":[{"href":"https:\/\/www.rezidenciahrabovo.sk\/pl\/wp-json\/wp\/v2\/types\/page"}],"author":[{"embeddable":true,"href":"https:\/\/www.rezidenciahrabovo.sk\/pl\/wp-json\/wp\/v2\/users\/1"}],"replies":[{"embeddable":true,"href":"https:\/\/www.rezidenciahrabovo.sk\/pl\/wp-json\/wp\/v2\/comments?post=16038"}],"version-history":[{"count":16,"href":"https:\/\/www.rezidenciahrabovo.sk\/pl\/wp-json\/wp\/v2\/pages\/16038\/revisions"}],"predecessor-version":[{"id":17101,"href":"https:\/\/www.rezidenciahrabovo.sk\/pl\/wp-json\/wp\/v2\/pages\/16038\/revisions\/17101"}],"wp:attachment":[{"href":"https:\/\/www.rezidenciahrabovo.sk\/pl\/wp-json\/wp\/v2\/media?parent=16038"}],"curies":[{"name":"wp","href":"https:\/\/api.w.org\/{rel}","templated":true}]}}