{"id":16023,"date":"2021-03-07T22:09:48","date_gmt":"2021-03-07T21:09:48","guid":{"rendered":"https:\/\/www.rezidenciahrabovo.sk\/wyjatkowa-lokalizacja\/"},"modified":"2022-03-16T12:25:41","modified_gmt":"2022-03-16T11:25:41","slug":"wyjatkowa-lokalizacja","status":"publish","type":"page","link":"https:\/\/www.rezidenciahrabovo.sk\/pl\/wyjatkowa-lokalizacja\/","title":{"rendered":"Lokalizacja"},"content":{"rendered":"<p>[vc_row full_width=&#8221;stretch_row&#8221; css=&#8221;.vc_custom_1617226805509{margin-top: -31px !important;background-color: #031323 !important;}&#8221;][vc_column][vc_column_text]<a class=\"mobx\" href=\"https:\/\/www.rezidenciahrabovo.sk\/wp-content\/uploads\/2021\/03\/lokalita-mapka.jpg\"><img loading=\"lazy\" decoding=\"async\" class=\"aligncenter wp-image-11704 size-full\" src=\"https:\/\/www.rezidenciahrabovo.sk\/wp-content\/uploads\/2021\/04\/lokalita-mapka-bez-loga.jpg\" alt=\"\" width=\"2048\" height=\"1360\" \/><\/a><br \/>\n[\/vc_column_text][\/vc_column][\/vc_row][vc_row full_width=&#8221;stretch_row&#8221; max_width_alignment=&#8221;left&#8221; css=&#8221;.vc_custom_1615151864142{margin-top: 10px !important;margin-bottom: 45px !important;}&#8221; max_width=&#8221;1600&#8243;][vc_column width=&#8221;1\/2&#8243; css=&#8221;.vc_custom_1565183342138{margin-top: 10px !important;padding-right: 25px !important;}&#8221;]\n\n\t<div class=\"sh-heading sh-heading-style1\" id=\"heading-CLWAFHENfe\">\n\t\t<h2 class=\"sh-heading-content size-default\">\n\t\t\t<\/span>\n<span style=\"text-align: left;\">WYJ\u0104TKOWA LOKALIZACJA<\/span>\n<span>\t\t<\/h2>\n\t<\/div>\n\n            <style type=\"text\/css\">\n                #heading-CLWAFHENfe .sh-heading-content {font-weight: 700!important;}#heading-CLWAFHENfe .sh-heading-content strong,#heading-CLWAFHENfe .sh-heading-additional-text strong {font-family: 'Montserrat'!important;}            <\/style>\n        [vc_column_text]Usytuowanie rezydencji bezpo\u015brednio u podn\u00f3\u017ca stoku narciarskiego, umo\u017cliwia mieszka\u0144com dojazd na nartach pod sam dom (SKI in &#8211; SKI out).[\/vc_column_text][vc_column_text el_class=&#8221;text-druhy&#8221;]W miesi\u0105cach zimowych o\u015brodek narciarski Malin\u00f4-Brdo oferuje park snowboardowy, narciarstwo skiturowe i trasy narciarstwa biegowego, a tak\u017ce narciarstwo zjazdowe. W sezonie letnim oferuje szlaki turystyczne, \u015bcie\u017cki rowerowe, wypo\u017cyczalnie rower\u00f3w, hulajn\u00f3g i tr\u00f3jko\u0142owc\u00f3w, park zjazdowy do zjazd\u00f3w rowerowych oraz k\u0105piel i p\u0142ywanie \u0142\u00f3dk\u0105 po jeziorze. To raj zar\u00f3wno dla zwyk\u0142ych turyst\u00f3w, jak i dla biegaczy sportowych. Malin\u00f4 Brdo jest cz\u0119\u015bci\u0105 grani Wielkiej Fatry, kt\u00f3r\u0105 mi\u0142o\u015bnicy turystyki pieszej mog\u0105 dotrze\u0107 do Smrekovicy i Kr\u00ed\u017enej.[\/vc_column_text][\/vc_column][vc_column width=&#8221;1\/2&#8243; css=&#8221;.vc_custom_1565183362564{margin-top: 15px !important;}&#8221;][rev_slider_vc alias=&#8221;lokalita&#8221;][\/vc_column][\/vc_row][vc_row][vc_column][vc_empty_space height=&#8221;40px&#8221;]\n\n\t<div class=\"sh-heading sh-heading-style1\" id=\"heading-mnWgYhDbti\">\n\t\t<h2 class=\"sh-heading-content size-l\">\n\t\t\t<\/span>\n<span style=\"text-align: center;\">ODPOCZYWAJCIE NA LIPTOVIE<\/span>\n<span>\t\t<\/h2>\n\t<\/div>\n\n            <style type=\"text\/css\">\n                #heading-mnWgYhDbti .sh-heading-content {font-weight: 200!important;}#heading-mnWgYhDbti .sh-heading-content strong,#heading-mnWgYhDbti .sh-heading-additional-text strong {font-family: 'Montserrat'!important;}            <\/style>\n        [vc_empty_space height=&#8221;40px&#8221;][vc_row_inner][vc_column_inner width=&#8221;1\/3&#8243;][vc_btn title=&#8221;W\u0119dr\u00f3wki po Liptowie&#8221; shape=&#8221;square&#8221; align=&#8221;center&#8221; button_block=&#8221;true&#8221; link=&#8221;url:https%3A%2F%2Fwww.visitliptov.sk%2Fzazitky%2Fturistika%2F|target:%20_blank|&#8221; el_class=&#8221;button-prehliadka&#8221; css=&#8221;.vc_custom_1615568817930{margin-top: 20px !important;}&#8221;][\/vc_column_inner][vc_column_inner width=&#8221;1\/3&#8243;][vc_btn title=&#8221;Trasy rowerowe na Liptowie&#8221; shape=&#8221;square&#8221; align=&#8221;center&#8221; button_block=&#8221;true&#8221; link=&#8221;url:https%3A%2F%2Fwww.visitliptov.sk%2Fzazitky%2Fcyklistika%2F|target:%20_blank|&#8221; el_class=&#8221;button-prehliadka&#8221; css=&#8221;.vc_custom_1615568827679{margin-top: 20px !important;}&#8221;][\/vc_column_inner][vc_column_inner width=&#8221;1\/3&#8243;][vc_btn title=&#8221;Wydarzenia na Liptowie&#8221; shape=&#8221;square&#8221; align=&#8221;center&#8221; button_block=&#8221;true&#8221; link=&#8221;url:https%3A%2F%2Fwww.visitliptov.sk%2Fzazitky%2Fpodujatia%2F|target:%20_blank|&#8221; el_class=&#8221;button-prehliadka&#8221; css=&#8221;.vc_custom_1615568836749{margin-top: 20px !important;}&#8221;][\/vc_column_inner][\/vc_row_inner][\/vc_column][\/vc_row][vc_row][vc_column][vc_empty_space height=&#8221;80px&#8221;][\/vc_column][\/vc_row][vc_row full_width=&#8221;stretch_row_content&#8221; css=&#8221;.vc_custom_1615152217443{padding-bottom: 50px !important;}&#8221;][vc_column][vc_row_inner][vc_column_inner width=&#8221;1\/5&#8243;][vc_single_image image=&#8221;11760&#8243; img_size=&#8221;full&#8221; alignment=&#8221;center&#8221;]\n\n\t<div class=\"sh-heading sh-heading-style1\" id=\"heading-TCeE03pGHc\">\n\t\t<h3 class=\"sh-heading-content size-m\">\n\t\t\t<\/span>\n<span style=\"text-align: center;\">Thermal park Be\u0161e\u0148ov\u00e1<\/span>\n<span>\t\t<\/h3>\n\t<\/div>\n\n            <style type=\"text\/css\">\n                #heading-TCeE03pGHc .sh-heading-content {font-weight: 200!important;color: #998e70;}#heading-TCeE03pGHc .sh-heading-content strong,#heading-TCeE03pGHc .sh-heading-additional-text strong {font-family: 'Montserrat'!important;}            <\/style>\n        [vc_column_text]<\/p>\n<p style=\"text-align: center;\">15 minut samochodem<\/p>\n<p>[\/vc_column_text][\/vc_column_inner][vc_column_inner width=&#8221;1\/5&#8243;][vc_single_image image=&#8221;11761&#8243; img_size=&#8221;full&#8221; alignment=&#8221;center&#8221;]\n\n\t<div class=\"sh-heading sh-heading-style1\" id=\"heading-ulSWhkt5ZL\">\n\t\t<h3 class=\"sh-heading-content size-m\">\n\t\t\t<\/span>\n<span style=\"text-align: center;\">\u010cutkovsk\u00e1 Dolina<\/span>\n<span>\t\t<\/h3>\n\t<\/div>\n\n            <style type=\"text\/css\">\n                #heading-ulSWhkt5ZL .sh-heading-content {font-weight: 200!important;color: #998e70;}#heading-ulSWhkt5ZL .sh-heading-content strong,#heading-ulSWhkt5ZL .sh-heading-additional-text strong {font-family: 'Montserrat'!important;}            <\/style>\n        [vc_column_text]<\/p>\n<p style=\"text-align: center;\">15 minut pieszo<\/p>\n<p>[\/vc_column_text][\/vc_column_inner][vc_column_inner width=&#8221;1\/5&#8243;][vc_single_image image=&#8221;11762&#8243; img_size=&#8221;full&#8221; alignment=&#8221;center&#8221;]\n\n\t<div class=\"sh-heading sh-heading-style1\" id=\"heading-xtXV9bKjwR\">\n\t\t<h3 class=\"sh-heading-content size-m\">\n\t\t\t<\/span>\n<span style=\"text-align: center;\">Dem\u00e4novsk\u00e1 jasky\u0148a slobody<\/span>\n<span>\t\t<\/h3>\n\t<\/div>\n\n            <style type=\"text\/css\">\n                #heading-xtXV9bKjwR .sh-heading-content {font-weight: 200!important;color: #998e70;}#heading-xtXV9bKjwR .sh-heading-content strong,#heading-xtXV9bKjwR .sh-heading-additional-text strong {font-family: 'Montserrat'!important;}            <\/style>\n        [vc_column_text]<\/p>\n<p style=\"text-align: center;\">35 minut samochodem<\/p>\n<p>[\/vc_column_text][\/vc_column_inner][vc_column_inner width=&#8221;1\/5&#8243;][vc_single_image image=&#8221;11763&#8243; img_size=&#8221;full&#8221; alignment=&#8221;center&#8221;]\n\n\t<div class=\"sh-heading sh-heading-style1\" id=\"heading-IMTNuGarKX\">\n\t\t<h3 class=\"sh-heading-content size-m\">\n\t\t\t<\/span>\n<span style=\"text-align: center;\">Park Snow Donovaly<\/span>\n<span>\t\t<\/h3>\n\t<\/div>\n\n            <style type=\"text\/css\">\n                #heading-IMTNuGarKX .sh-heading-content {font-weight: 200!important;color: #998e70;}#heading-IMTNuGarKX .sh-heading-content strong,#heading-IMTNuGarKX .sh-heading-additional-text strong {font-family: 'Montserrat'!important;}            <\/style>\n        [vc_column_text]<\/p>\n<p style=\"text-align: center;\">35 minut samochodem<\/p>\n<p>[\/vc_column_text][\/vc_column_inner][vc_column_inner width=&#8221;1\/5&#8243;][vc_single_image image=&#8221;11764&#8243; img_size=&#8221;full&#8221; alignment=&#8221;center&#8221;]\n\n\t<div class=\"sh-heading sh-heading-style1\" id=\"heading-ILw94O6Trv\">\n\t\t<h3 class=\"sh-heading-content size-m\">\n\t\t\t<\/span>\n<span style=\"text-align: center;\">Gothal Liptovsk\u00e1 Osada<\/span>\n<span>\t\t<\/h3>\n\t<\/div>\n\n            <style type=\"text\/css\">\n                #heading-ILw94O6Trv .sh-heading-content {font-weight: 200!important;color: #998e70;}#heading-ILw94O6Trv .sh-heading-content strong,#heading-ILw94O6Trv .sh-heading-additional-text strong {font-family: 'Montserrat'!important;}            <\/style>\n        [vc_column_text]<\/p>\n<p style=\"text-align: center;\">20 minut samochodem<\/p>\n<p>[\/vc_column_text][\/vc_column_inner][\/vc_row_inner][vc_row_inner][vc_column_inner width=&#8221;1\/5&#8243;][vc_single_image image=&#8221;11765&#8243; img_size=&#8221;full&#8221; alignment=&#8221;center&#8221;]\n\n\t<div class=\"sh-heading sh-heading-style1\" id=\"heading-vAE2mInqsG\">\n\t\t<h3 class=\"sh-heading-content size-m\">\n\t\t\t<\/span>\n<span style=\"text-align: center;\">Ly\u017eiarske stredisko Jasn\u00e1<br \/>\nN\u00edzke Tatry<\/span>\n<span>\t\t<\/h3>\n\t<\/div>\n\n            <style type=\"text\/css\">\n                #heading-vAE2mInqsG .sh-heading-content {font-weight: 200!important;color: #998e70;}#heading-vAE2mInqsG .sh-heading-content strong,#heading-vAE2mInqsG .sh-heading-additional-text strong {font-family: 'Montserrat'!important;}            <\/style>\n        [vc_column_text]<\/p>\n<p style=\"text-align: center;\">40 minut samochodem<\/p>\n<p>[\/vc_column_text][\/vc_column_inner][vc_column_inner width=&#8221;1\/5&#8243;][vc_single_image image=&#8221;11766&#8243; img_size=&#8221;full&#8221; alignment=&#8221;center&#8221;]\n\n\t<div class=\"sh-heading sh-heading-style1\" id=\"heading-6uLK4SMmr0\">\n\t\t<h3 class=\"sh-heading-content size-m\">\n\t\t\t<\/span>\n<span style=\"text-align: center;\">Ski Park Kub\u00ednska Ho\u013ea<\/span>\n<span>\t\t<\/h3>\n\t<\/div>\n\n            <style type=\"text\/css\">\n                #heading-6uLK4SMmr0 .sh-heading-content {font-weight: 200!important;color: #998e70;}#heading-6uLK4SMmr0 .sh-heading-content strong,#heading-6uLK4SMmr0 .sh-heading-additional-text strong {font-family: 'Montserrat'!important;}            <\/style>\n        [vc_column_text]<\/p>\n<p style=\"text-align: center;\">25 minut samochodem<\/p>\n<p>[\/vc_column_text][\/vc_column_inner][vc_column_inner width=&#8221;1\/5&#8243;][vc_single_image image=&#8221;11767&#8243; img_size=&#8221;full&#8221; alignment=&#8221;center&#8221;]\n\n\t<div class=\"sh-heading sh-heading-style1\" id=\"heading-ISKwsNTP60\">\n\t\t<h3 class=\"sh-heading-content size-m\">\n\t\t\t<\/span>\n<span style=\"text-align: center;\">K\u00fapele L\u00fa\u010dky<\/span>\n<span>\t\t<\/h3>\n\t<\/div>\n\n            <style type=\"text\/css\">\n                #heading-ISKwsNTP60 .sh-heading-content {font-weight: 200!important;color: #998e70;}#heading-ISKwsNTP60 .sh-heading-content strong,#heading-ISKwsNTP60 .sh-heading-additional-text strong {font-family: 'Montserrat'!important;}            <\/style>\n        [vc_column_text]<\/p>\n<p style=\"text-align: center;\">20 minut samochodem<\/p>\n<p>[\/vc_column_text][\/vc_column_inner][vc_column_inner width=&#8221;1\/5&#8243;][vc_single_image image=&#8221;11768&#8243; img_size=&#8221;full&#8221; alignment=&#8221;center&#8221;]\n\n\t<div class=\"sh-heading sh-heading-style1\" id=\"heading-GOYw1K8vUd\">\n\t\t<h3 class=\"sh-heading-content size-m\">\n\t\t\t<\/span>\n<span style=\"text-align: center;\">Kva\u010dianska dolina<\/span>\n<span>\t\t<\/h3>\n\t<\/div>\n\n            <style type=\"text\/css\">\n                #heading-GOYw1K8vUd .sh-heading-content {font-weight: 200!important;color: #998e70;}#heading-GOYw1K8vUd .sh-heading-content strong,#heading-GOYw1K8vUd .sh-heading-additional-text strong {font-family: 'Montserrat'!important;}            <\/style>\n        [vc_column_text]<\/p>\n<p style=\"text-align: center;\">35 minut samochodem<\/p>\n<p>[\/vc_column_text][\/vc_column_inner][vc_column_inner width=&#8221;1\/5&#8243;][vc_single_image image=&#8221;11769&#8243; img_size=&#8221;full&#8221; alignment=&#8221;center&#8221;]\n\n\t<div class=\"sh-heading sh-heading-style1\" id=\"heading-1SxDjQcOmy\">\n\t\t<h3 class=\"sh-heading-content size-m\">\n\t\t\t<\/span>\n<span style=\"text-align: center;\">Liptovsk\u00e1 Mara<\/span>\n<span>\t\t<\/h3>\n\t<\/div>\n\n            <style type=\"text\/css\">\n                #heading-1SxDjQcOmy .sh-heading-content {font-weight: 200!important;color: #998e70;}#heading-1SxDjQcOmy .sh-heading-content strong,#heading-1SxDjQcOmy .sh-heading-additional-text strong {font-family: 'Montserrat'!important;}            <\/style>\n        [vc_column_text]<\/p>\n<p style=\"text-align: center;\">25 minut samochodem<\/p>\n<p>[\/vc_column_text][\/vc_column_inner][\/vc_row_inner][vc_row_inner][vc_column_inner width=&#8221;1\/5&#8243;][vc_single_image image=&#8221;11770&#8243; img_size=&#8221;full&#8221; alignment=&#8221;center&#8221;]\n\n\t<div class=\"sh-heading sh-heading-style1\" id=\"heading-rUuwha9pEA\">\n\t\t<h3 class=\"sh-heading-content size-m\">\n\t\t\t<\/span>\n<span style=\"text-align: center;\">K\u00fapalisko Liptovsk\u00fd J\u00e1n<\/span>\n<span>\t\t<\/h3>\n\t<\/div>\n\n            <style type=\"text\/css\">\n                #heading-rUuwha9pEA .sh-heading-content {font-weight: 200!important;color: #998e70;}#heading-rUuwha9pEA .sh-heading-content strong,#heading-rUuwha9pEA .sh-heading-additional-text strong {font-family: 'Montserrat'!important;}            <\/style>\n        [vc_column_text]<\/p>\n<p style=\"text-align: center;\">35 minut samochodem<\/p>\n<p>[\/vc_column_text][\/vc_column_inner][vc_column_inner width=&#8221;1\/5&#8243;][vc_single_image image=&#8221;11771&#8243; img_size=&#8221;full&#8221; alignment=&#8221;center&#8221;]\n\n\t<div class=\"sh-heading sh-heading-style1\" id=\"heading-GkUOE960u5\">\n\t\t<h3 class=\"sh-heading-content size-m\">\n\t\t\t<\/span>\n<span style=\"text-align: center;\">\u013dubochnianska Dolina<\/span>\n<span>\t\t<\/h3>\n\t<\/div>\n\n            <style type=\"text\/css\">\n                #heading-GkUOE960u5 .sh-heading-content {font-weight: 200!important;color: #998e70;}#heading-GkUOE960u5 .sh-heading-content strong,#heading-GkUOE960u5 .sh-heading-additional-text strong {font-family: 'Montserrat'!important;}            <\/style>\n        [vc_column_text]<\/p>\n<p style=\"text-align: center;\">15 minut samochodem<\/p>\n<p>[\/vc_column_text][\/vc_column_inner][vc_column_inner width=&#8221;1\/5&#8243;][vc_single_image image=&#8221;11772&#8243; img_size=&#8221;full&#8221; alignment=&#8221;center&#8221;]\n\n\t<div class=\"sh-heading sh-heading-style1\" id=\"heading-IpucFyfGlo\">\n\t\t<h3 class=\"sh-heading-content size-m\">\n\t\t\t<\/span>\n<span style=\"text-align: center;\">Ski &amp; Bike Park Malin\u00f4 Brdo<\/span>\n<span>\t\t<\/h3>\n\t<\/div>\n\n            <style type=\"text\/css\">\n                #heading-IpucFyfGlo .sh-heading-content {font-weight: 200!important;color: #998e70;}#heading-IpucFyfGlo .sh-heading-content strong,#heading-IpucFyfGlo .sh-heading-additional-text strong {font-family: 'Montserrat'!important;}            <\/style>\n        [vc_column_text]<\/p>\n<p style=\"text-align: center;\">1 minuta spacerkiem<\/p>\n<p>[\/vc_column_text][\/vc_column_inner][vc_column_inner width=&#8221;1\/5&#8243;][vc_single_image image=&#8221;11773&#8243; img_size=&#8221;full&#8221; alignment=&#8221;center&#8221;]\n\n\t<div class=\"sh-heading sh-heading-style1\" id=\"heading-cH76v4impJ\">\n\t\t<h3 class=\"sh-heading-content size-m\">\n\t\t\t<\/span>\n<span style=\"text-align: center;\">Aquapark Tatralandia<\/span>\n<span>\t\t<\/h3>\n\t<\/div>\n\n            <style type=\"text\/css\">\n                #heading-cH76v4impJ .sh-heading-content {font-weight: 200!important;color: #998e70;}#heading-cH76v4impJ .sh-heading-content strong,#heading-cH76v4impJ .sh-heading-additional-text strong {font-family: 'Montserrat'!important;}            <\/style>\n        [vc_column_text]<\/p>\n<p style=\"text-align: center;\">30 minut samochodem<\/p>\n<p>[\/vc_column_text][\/vc_column_inner][vc_column_inner width=&#8221;1\/5&#8243;][vc_single_image image=&#8221;11774&#8243; img_size=&#8221;full&#8221; alignment=&#8221;center&#8221;]\n\n\t<div class=\"sh-heading sh-heading-style1\" id=\"heading-ZG85oFjTM6\">\n\t\t<h3 class=\"sh-heading-content size-m\">\n\t\t\t<\/span>\n<span style=\"text-align: center;\">Vlkol\u00ednec<\/span>\n<span>\t\t<\/h3>\n\t<\/div>\n\n            <style type=\"text\/css\">\n                #heading-ZG85oFjTM6 .sh-heading-content {font-weight: 200!important;color: #998e70;}#heading-ZG85oFjTM6 .sh-heading-content strong,#heading-ZG85oFjTM6 .sh-heading-additional-text strong {font-family: 'Montserrat'!important;}            <\/style>\n        [vc_column_text]<\/p>\n<p style=\"text-align: center;\">90 minut pieszo<\/p>\n<p>[\/vc_column_text][\/vc_column_inner][\/vc_row_inner][\/vc_column][\/vc_row]<\/p>\n","protected":false},"excerpt":{"rendered":"<p>[vc_row full_width=&#8221;stretch_row&#8221; css=&#8221;.vc_custom_1617226805509{margin-top: -31px !important;background-color: #031323 !important;}&#8221;][vc_column][vc_column_text] [\/vc_column_text][\/vc_column][\/vc_row][vc_row full_width=&#8221;stretch_row&#8221; max_width_alignment=&#8221;left&#8221; css=&#8221;.vc_custom_1615151864142{margin-top: 10px !important;margin-bottom: 45px !important;}&#8221; max_width=&#8221;1600&#8243;][vc_column width=&#8221;1\/2&#8243; css=&#8221;.vc_custom_1565183342138{margin-top: 10px !important;padding-right: 25px !important;}&#8221;] WYJ\u0104TKOWA LOKALIZACJA [vc_column_text]Usytuowanie rezydencji bezpo\u015brednio u podn\u00f3\u017ca stoku narciarskiego, umo\u017cliwia mieszka\u0144com dojazd na nartach pod sam dom (SKI in &#8211; SKI out).[\/vc_column_text][vc_column_text el_class=&#8221;text-druhy&#8221;]W&#8230;<\/p>\n","protected":false},"author":1,"featured_media":0,"parent":0,"menu_order":0,"comment_status":"closed","ping_status":"closed","template":"","meta":{"footnotes":""},"class_list":["post-16023","page","type-page","status-publish","hentry"],"_links":{"self":[{"href":"https:\/\/www.rezidenciahrabovo.sk\/pl\/wp-json\/wp\/v2\/pages\/16023","targetHints":{"allow":["GET"]}}],"collection":[{"href":"https:\/\/www.rezidenciahrabovo.sk\/pl\/wp-json\/wp\/v2\/pages"}],"about":[{"href":"https:\/\/www.rezidenciahrabovo.sk\/pl\/wp-json\/wp\/v2\/types\/page"}],"author":[{"embeddable":true,"href":"https:\/\/www.rezidenciahrabovo.sk\/pl\/wp-json\/wp\/v2\/users\/1"}],"replies":[{"embeddable":true,"href":"https:\/\/www.rezidenciahrabovo.sk\/pl\/wp-json\/wp\/v2\/comments?post=16023"}],"version-history":[{"count":19,"href":"https:\/\/www.rezidenciahrabovo.sk\/pl\/wp-json\/wp\/v2\/pages\/16023\/revisions"}],"predecessor-version":[{"id":17048,"href":"https:\/\/www.rezidenciahrabovo.sk\/pl\/wp-json\/wp\/v2\/pages\/16023\/revisions\/17048"}],"wp:attachment":[{"href":"https:\/\/www.rezidenciahrabovo.sk\/pl\/wp-json\/wp\/v2\/media?parent=16023"}],"curies":[{"name":"wp","href":"https:\/\/api.w.org\/{rel}","templated":true}]}}