{"id":16007,"date":"2019-02-27T14:40:28","date_gmt":"2019-02-27T13:40:28","guid":{"rendered":"https:\/\/www.rezidenciahrabovo.sk\/o-projekcie\/"},"modified":"2022-03-15T08:20:09","modified_gmt":"2022-03-15T07:20:09","slug":"o-projekcie","status":"publish","type":"page","link":"https:\/\/www.rezidenciahrabovo.sk\/pl\/o-projekcie\/","title":{"rendered":"O projekcie"},"content":{"rendered":"<p>[vc_row full_width=&#8221;stretch_row&#8221; max_width_alignment=&#8221;left&#8221; css=&#8221;.vc_custom_1646996364537{margin-top: 60px !important;}&#8221; max_width=&#8221;1600&#8243;][vc_column css=&#8221;.vc_custom_1565182833752{margin-top: 20px !important;padding-right: 25px !important;}&#8221;]\n\n\t<div class=\"sh-heading sh-heading-style1\" id=\"heading-dAtJGpfeEP\">\n\t\t<h2 class=\"sh-heading-content nadpis-symbol size-default\">\n\t\t\tO PROJEKCIE\t\t<\/h2>\n\t<\/div>\n\n            <style type=\"text\/css\">\n                #heading-dAtJGpfeEP .sh-heading-content {font-weight: 700!important;}#heading-dAtJGpfeEP .sh-heading-content strong,#heading-dAtJGpfeEP .sh-heading-additional-text strong {font-family: 'Montserrat'!important;}            <\/style>\n        [vc_column_text]Rezydencja Hrabovo to <b>186 inwestycyjnych apartament\u00f3w w 62 domkach g\u00f3rskich &#8211; chaletach<\/b>. Obecnie oferujemy zakup mieszka\u0144, kt\u00f3re s\u0105 idealn\u0105 inwestycj\u0105 i jednocze\u015bnie miejscem wyjazdu z miasta do pi\u0119knej przyrody Liptowa. Sam wybierasz, ile czasu w nim sp\u0119dzasz i mo\u017cesz go wynaj\u0105\u0107 na reszt\u0119 roku. W naszym programie zarz\u0105dzania apartamentami staje si\u0119 on idealn\u0105 inwestycj\u0105 i narz\u0119dziem dla twojego d\u0142ugoterminowego dochodu.[\/vc_column_text][vc_column_text]<\/p>\n<div>Obecnie w budowie i sprzeda\u017cy s\u0105 <b>62 domy typu A i Bdomov typu A a B<\/b> . R\u00f3\u017cni\u0105 si\u0119 one wielko\u015bci\u0105. R\u00f3\u017cni\u0105 si\u0119 one wielko\u015bci\u0105. Dom B jest wi\u0119kszy i zawiera wi\u0119ksze mieszkania. Ka\u017cdy <b>dom ma 3 pi\u0119tra<\/b>. <b>Ka\u017cde pi\u0119tro to osobne mieszkanie<\/b> z osobnym wej\u015bciem i prywatnym tarasem. Ka\u017cdy apartament posiada w\u0142asne miejsce parkingowe oraz miejsce we wsp\u00f3lnej przechowalni nart i rower\u00f3w.<\/div>\n<p>[\/vc_column_text][vc_column_text]<\/p>\n<div class=\"x_-257807507gmail_signature\">W <b><em>drugim etapie<\/em><\/b> zbudujemy dla Pa\u0144stwa kolejne apartamenty w apartamentowcu &#8211; apartamenty SKY, w kt\u00f3rych znajdzie si\u0119 r\u00f3wnie\u017c wellness, kawiarnia, restauracja i k\u0105cik dla dzieci.<\/div>\n<p>[\/vc_column_text][\/vc_column][\/vc_row][vc_row full_width=&#8221;stretch_row&#8221; max_width_alignment=&#8221;left&#8221; max_width=&#8221;1600&#8243;][vc_column width=&#8221;1\/2&#8243; css=&#8221;.vc_custom_1565182833752{margin-top: 20px !important;padding-right: 25px !important;}&#8221;]\n\n\t<div class=\"sh-heading sh-heading-style1\" id=\"heading-KRyLlcoJ5V\">\n\t\t<h2 class=\"sh-heading-content size-default\">\n\t\t\t<\/span>\n<span style=\"text-align: left;\">O PROJEKCIE<\/span>\n<span>\t\t<\/h2>\n\t<\/div>\n\n            <style type=\"text\/css\">\n                #heading-KRyLlcoJ5V .sh-heading-content {font-weight: 700!important;}#heading-KRyLlcoJ5V .sh-heading-content strong,#heading-KRyLlcoJ5V .sh-heading-additional-text strong {font-family: 'Montserrat'!important;}            <\/style>\n        [vc_column_text]Rezydencja Hrabovo w wyniku po\u0142\u0105czenia natury z nowoczesn\u0105, ponadczasow\u0105 architektur\u0105 tworzy niepowtarzalny obraz idealnego relaksu, kt\u00f3rego autorem jest ikona nowoczesnej architektury s\u0142owackiej in\u017c. arch. P.C Abonyi &#8211; zdobywca nagrody D. Jurkovi\u010da, budynek roku, Kryszta\u0142owe Skrzyd\u0142o, a tak\u017ce presti\u017cowej nagrody architektonicznej CE.ZA.AR.[\/vc_column_text][vc_column_text]Projekt oferuje apartamenty w scenerii Hrabowskiej doliny pod Malinom Brdom w standardowych, nowoczesnych domkach na powierzchni 40 000 m2. Pere\u0142k\u0105 architektoniczn\u0105 b\u0119dzie SKY &#8211; apartamentowiec z wellness, kt\u00f3ry przygotowujemy dla Pa\u0144stwa i planujemy rozpocz\u0105\u0107 jego realizacj\u0119 w 2022 roku.[\/vc_column_text][vc_column_text]<\/p>\n<p style=\"text-align: justify;\">My\u015blisz o zakupie mieszkania? Martwisz si\u0119, \u017ce nie wykorzystasz go wystarczaj\u0105co? Te kwestie s\u0105 zawsze obecne przed sam\u0105 decyzj\u0105 inwestycyjn\u0105. W\u0142\u0105czenie nowego mieszkania do programu zarz\u0105dzania Rezydencji Hrabovo zapewni jego bezproblemowy wynajem i sta\u0142y doch\u00f3d.<\/p>\n<p>[\/vc_column_text][vc_raw_html]PCEtLSA8YSBjbGFzcz0ibW9ieCIgZGF0YS1yZWw9ImhvdGVsb3Z5LXByb2dyYW0temFrbGFkIiBocmVmPSJodHRwczovL3d3dy5yZXppZGVuY2lhaHJhYm92by5zay9ob3RlbG92eS1wcm9ncmFtLyIgZGF0YS10eXBlPSJpZnJhbWUiIGRhdGEtdGl0bGU9IkhvdGVsb3bDvSBwcm9ncmFtICYgdsO9aG9keSBpbnZlc3TDrWNpZSI+SG90ZWxvdsO9IHByb2dyYW08L2E+Ci0tPg==[\/vc_raw_html][vc_raw_html]PCEtLSA8YSBjbGFzcz0ibW9ieCIgZGF0YS1yZWw9ImRpemFqbi1tYW51YWwiIGRhdGEtc3JjPSJodHRwczovL2RvY3MuZ29vZ2xlLmNvbS9ndmlldz91cmw9aHR0cHM6Ly93d3cucmV6aWRlbmNpYWhyYWJvdm8uc2svd3AtY29udGVudC91cGxvYWRzLzIwMTkvMTIvZGl6YWpuLW1hbnVhbC1sZW4tbmEtdWthemt1LnBkZiZlbWJlZGRlZD10cnVlIiBkYXRhLXR5cGU9ImlmcmFtZSIgZGF0YS10aXRsZT0iRElaQUpOIE1BTlXDgUwiPkRpemFqbiBNYW51w6FsPC9hPgotLT4=[\/vc_raw_html][\/vc_column][vc_column width=&#8221;1\/2&#8243;][vc_single_image image=&#8221;10084&#8243; img_size=&#8221;full&#8221; alignment=&#8221;center&#8221; css=&#8221;.vc_custom_1621182775413{margin-top: 30px !important;}&#8221;][\/vc_column][\/vc_row][vc_row full_width=&#8221;stretch_row&#8221; css=&#8221;.vc_custom_1618501261448{margin-top: 20px !important;margin-bottom: 0px !important;background-color: #ededed !important;}&#8221;][vc_column]\n\n\t<div class=\"sh-heading sh-heading-style1\" id=\"heading-vZPq2e6nt0\">\n\t\t<h2 class=\"sh-heading-content nadpis-symbol size-l\">\n\t\t\t<\/span>\n<span style=\"text-align: left;\">Peter C. Abonyi &#8211; architekt projektu Rezidencie Hrabovo<\/span>\n<span>\t\t<\/h2>\n\t<\/div>\n\n            <style type=\"text\/css\">\n                #heading-vZPq2e6nt0 .sh-heading-content {font-weight: 200!important;}#heading-vZPq2e6nt0 .sh-heading-content strong,#heading-vZPq2e6nt0 .sh-heading-additional-text strong {font-family: 'Montserrat'!important;}            <\/style>\n        [vc_row_inner css=&#8221;.vc_custom_1618499560707{margin-top: 30px !important;}&#8221;][vc_column_inner width=&#8221;1\/5&#8243;][vc_single_image image=&#8221;9174&#8243; img_size=&#8221;full&#8221; alignment=&#8221;center&#8221;][vc_column_text css=&#8221;.vc_custom_1558092249147{margin-top: -30px !important;}&#8221; el_class=&#8221;popis-ceny&#8221;]<\/p>\n<p style=\"text-align: center;\">Kryszta\u0142owe Skrzyd\u0142o 2012<br \/>\nw kategorii Architektura<\/p>\n<p>[\/vc_column_text][\/vc_column_inner][vc_column_inner width=&#8221;1\/5&#8243;][vc_single_image image=&#8221;9172&#8243; img_size=&#8221;full&#8221; alignment=&#8221;center&#8221;][vc_column_text css=&#8221;.vc_custom_1644246704427{margin-top: -30px !important;}&#8221; el_class=&#8221;popis-ceny&#8221;]<\/p>\n<p style=\"text-align: center;\"><b>CE*ZA*AR<\/b> 2012<\/p>\n<p>[\/vc_column_text][\/vc_column_inner][vc_column_inner width=&#8221;1\/5&#8243;][vc_single_image image=&#8221;9166&#8243; img_size=&#8221;full&#8221; alignment=&#8221;center&#8221;][vc_column_text css=&#8221;.vc_custom_1558093294547{margin-top: -30px !important;}&#8221; el_class=&#8221;citacia&#8221;]<\/p>\n<p style=\"text-align: center;\">\u201cArchitektura jest syntetyczna<br \/>\nwska\u017anik kultury i cywilizacji.\u201d<\/p>\n<p>[\/vc_column_text][\/vc_column_inner][vc_column_inner width=&#8221;1\/5&#8243;][vc_single_image image=&#8221;9173&#8243; img_size=&#8221;full&#8221; alignment=&#8221;center&#8221;][vc_column_text css=&#8221;.vc_custom_1558092169920{margin-top: -30px !important;}&#8221; el_class=&#8221;popis-ceny&#8221;]<\/p>\n<p style=\"text-align: center;\">Cena Du\u0161ana Jurkovi\u010da<\/p>\n<p>[\/vc_column_text][\/vc_column_inner][vc_column_inner width=&#8221;1\/5&#8243;][vc_single_image image=&#8221;9175&#8243; img_size=&#8221;full&#8221; alignment=&#8221;center&#8221;][vc_column_text css=&#8221;.vc_custom_1558092279902{margin-top: -30px !important;}&#8221; el_class=&#8221;popis-ceny&#8221;]<\/p>\n<p style=\"text-align: center;\">Budowa roku<\/p>\n<p>[\/vc_column_text][\/vc_column_inner][\/vc_row_inner][\/vc_column][\/vc_row][vc_row full_width=&#8221;stretch_row&#8221; css=&#8221;.vc_custom_1618501299337{padding-top: 30px !important;padding-right: 40px !important;padding-bottom: 50px !important;padding-left: 40px !important;background-color: #f4f2ec !important;}&#8221;][vc_column][vc_column_text]<\/p>\n<h2 class=\"nadpis-symbol\" style=\"text-align: left;\">PROGRAM ADMINISTRACYJNY<\/h2>\n<p><strong>Rzetelno\u015b\u0107 &#8211;<\/strong> ca\u0142oroczne ob\u0142o\u017cenie twojego mieszkania, kt\u00f3re po przekazaniu do programu staje si\u0119 jego cz\u0119\u015bci\u0105.<\/p>\n<p><strong>Elastyczno\u015b\u0107 &#8211;<\/strong> mo\u017cesz cieszy\u0107 si\u0119 pobytem we w\u0142asnym mieszkaniu w wybranym przez siebie czasie o ka\u017cdej porze roku.<\/p>\n<p><strong>Bezstresowo\u015b\u0107 &#8211;<\/strong> owszystko za\u0142atwimy bez twojego bezpo\u015bredniego udzia\u0142u, o nic nie musisz si\u0119 martwi\u0107, firma zarz\u0105dzaj\u0105ca zrobi to za ciebie.<\/p>\n<p><strong>Porz\u0105dek i utrzymanie &#8211; <\/strong> pracownicy zarz\u0105dcy rezydencji zadbaj\u0105 o porz\u0105dek w mieszkaniach i rezydencji, zagospodarowanie terenu i ca\u0142oroczne funkcjonowanie infrastruktury.<\/p>\n<p><strong>Us\u0142ugi &#8211;<\/strong> zni\u017cka na wypo\u017cyczenie nart, rower\u00f3w, lekcje jazdy na nartach, pakiety wellness, opieka nad dzie\u0107mi i wiele wi\u0119cej\u2026[\/vc_column_text][vc_row_inner css=&#8221;.vc_custom_1617143048354{padding-top: 10px !important;}&#8221;][vc_column_inner width=&#8221;1\/6&#8243;][\/vc_column_inner][vc_column_inner width=&#8221;2\/3&#8243;][vc_raw_html]JTNDZGl2JTIwY2xhc3MlM0QlMjJidXR0b24tcHJlaGxpYWRrYSUyMiUzRSUwQSUzQ2ElMjBjbGFzcyUzRCUyMm1vYnglMjB2Y19nZW5lcmFsJTIwdmNfYnRuMyUyMHZjX2J0bjMtc2l6ZS1tZCUyMHZjX2J0bjMtc2hhcGUtc3F1YXJlJTIwdmNfYnRuMy1zdHlsZS1tb2Rlcm4lMjB2Y19idG4zLWJsb2NrJTIwdmNfYnRuMy1jb2xvci1ncmV5JTIyJTIwZGF0YS1yZWwlM0QlMjJob3RlbG92eS1wcm9ncmFtLXpha2xhZCUyMiUyMGhyZWYlM0QlMjJodHRwcyUzQSUyRiUyRnd3dy5yZXppZGVuY2lhaHJhYm92by5zayUyRnBsJTJGaG90ZWxvdnktcHJvZ3JhbSUyRiUyMiUyMGRhdGEtdHlwZSUzRCUyMmlmcmFtZSUyMiUyMGRhdGEtdGl0bGUlM0QlMjJIb3RlbG92JUMzJUJEJTIwcHJvZ3JhbSUyMCUyNmFtcCUzQiUyMHYlQzMlQkRob2R5JTIwaW52ZXN0JUMzJUFEY2llJTIyJTNFV0klQzQlOThDRUolMjBJTkZPUk1BQ0pJJTNDJTJGYSUzRSUwQSUzQyUyRmRpdiUzRQ==[\/vc_raw_html][\/vc_column_inner][vc_column_inner width=&#8221;1\/6&#8243;][\/vc_column_inner][\/vc_row_inner][\/vc_column][\/vc_row][vc_row disable_element=&#8221;yes&#8221; css=&#8221;.vc_custom_1615146001991{margin-bottom: 45px !important;}&#8221;][vc_column width=&#8221;1\/2&#8243;][vc_btn title=&#8221;PROGRAM HOTELOWY&#8221; shape=&#8221;square&#8221; align=&#8221;center&#8221; button_block=&#8221;true&#8221; el_class=&#8221;button-prehliadka&#8221; css=&#8221;.vc_custom_1592379133998{margin-top: 40px !important;}&#8221; link=&#8221;url:https%3A%2F%2Fwww.rezidenciahrabovo.sk%2Fpl%2Fprogram-hotelowy%2F|title:Program%20hotelowy|target:%20_blank|&#8221;][\/vc_column][vc_column width=&#8221;1\/2&#8243;][vc_btn title=&#8221;FOTOGALERIA&#8221; shape=&#8221;square&#8221; align=&#8221;center&#8221; button_block=&#8221;true&#8221; el_class=&#8221;button-prehliadka&#8221; css=&#8221;.vc_custom_1577531304090{margin-top: 40px !important;}&#8221; link=&#8221;url:https%3A%2F%2Fwww.rezidenciahrabovo.sk%2Fpl%2Ffotogaleria-2%2F|title:Fotogaleria|&#8221;][\/vc_column][\/vc_row][vc_row full_width=&#8221;stretch_row&#8221; disable_element=&#8221;yes&#8221; max_width_alignment=&#8221;left&#8221; css=&#8221;.vc_custom_1616436342982{margin-top: 60px !important;padding-top: 40px !important;padding-bottom: 60px !important;background-color: #e8e8e8 !important;}&#8221; max_width=&#8221;1600&#8243;][vc_column css=&#8221;.vc_custom_1565182856719{margin-top: 15px !important;}&#8221;][vc_row_inner][vc_column_inner width=&#8221;1\/2&#8243;][vc_single_image image=&#8221;10278&#8243; img_size=&#8221;full&#8221; alignment=&#8221;center&#8221;][\/vc_column_inner][vc_column_inner width=&#8221;1\/2&#8243;]\n\n\t<div class=\"sh-heading sh-heading-style1\" id=\"heading-BRZgyTHQ1f\">\n\t\t<h2 class=\"sh-heading-content nadpis-symbol size-l\">\n\t\t\t<\/span>\n<span style=\"text-align: left;\">PROGRAM ADMINISTRACYJNY<\/span>\n<span>\t\t<\/h2>\n\t<\/div>\n\n            <style type=\"text\/css\">\n                #heading-BRZgyTHQ1f .sh-heading-content {font-weight: 200!important;}#heading-BRZgyTHQ1f .sh-heading-content strong,#heading-BRZgyTHQ1f .sh-heading-additional-text strong {font-family: 'Montserrat'!important;}            <\/style>\n        [vc_column_text]Zastanawiasz si\u0119 nad kupnem domku lub mieszkania? Martwisz si\u0119, \u017ce nie wykorzystasz go wystarczaj\u0105co? Te kwestie s\u0105 zawsze obecne przed sam\u0105 decyzj\u0105 inwestycyjn\u0105. W\u0142\u0105czenie Twojej inwestycji do programu hotelowego zapewni jej beztroski wynajem, a Ty uzyskasz doch\u00f3d z tego wynajmu, po potr\u0105ceniu koszt\u00f3w i prowizji.<\/p>\n<p>Firma zarz\u0105dzaj\u0105ca Rezidencie Hrabovo zajmie si\u0119 wszystkimi Pa\u0144stwa zmartwieniami zwi\u0105zanymi z wynajmem, a jednocze\u015bnie b\u0119dzie odpowiedzialna za maksymalizacj\u0119 dochod\u00f3w w\u0142a\u015bcicieli domk\u00f3w i mieszka\u0144. Zapewni r\u00f3wnie\u017c wymagany standard obs\u0142ugi dla w\u0142a\u015bciciela lub innych pobyt\u00f3w.[\/vc_column_text][\/vc_column_inner][\/vc_row_inner]\n\n\t<div class=\"sh-heading sh-heading-style1\" id=\"heading-WTOzYB29hx\">\n\t\t<h2 class=\"sh-heading-content nadpis-symbol size-l\">\n\t\t\t<\/span>\n<span style=\"text-align: left;\">KORZY\u015aCI Z INWESTYCJI<\/span>\n<span>\t\t<\/h2>\n\t<\/div>\n\n            <style type=\"text\/css\">\n                #heading-WTOzYB29hx .sh-heading-content {font-weight: 200!important;}#heading-WTOzYB29hx .sh-heading-content strong,#heading-WTOzYB29hx .sh-heading-additional-text strong {font-family: 'Montserrat'!important;}            <\/style>\n        [vc_column_text]<strong>Elastyczno\u015b\u0107 &#8211;<\/strong> Mo\u017cesz u\u017cywa\u0107 swojej nieruchomo\u015bci tylko do swoich potrzeb lub mo\u017cesz j\u0105 wynaj\u0105\u0107 za po\u015brednictwem firmy zarz\u0105dzaj\u0105cej, kt\u00f3ra b\u0119dzie prowadzi\u0107 rezydencj\u0119.<\/p>\n<p><strong>Bezstresowo\u015b\u0107 &#8211;<\/strong> owszystko za\u0142atwimy bez twojego bezpo\u015bredniego udzia\u0142u, o nic nie musisz si\u0119 martwi\u0107, firma zarz\u0105dzaj\u0105ca zrobi to za ciebie.<\/p>\n<p><strong>Porz\u0105dek i utrzymanie &#8211; <\/strong> pracownicy zarz\u0105dcy rezydencji zadbaj\u0105 o porz\u0105dek w mieszkaniach i rezydencji, zagospodarowanie terenu i ca\u0142oroczne funkcjonowanie infrastruktury.<\/p>\n<p><strong>Us\u0142ugi &#8211; <\/strong> restauracja, kawiarnia, wellness, k\u0105cik dla dzieci i nie tylko<\/p>\n<p><strong>Aktywno\u015bci &#8211;<\/strong> NARCIARSKIE I ROWEROWE I WELLNESS I TURYSTYKA PRZYRODNICZA[\/vc_column_text][\/vc_column][\/vc_row]<\/p>\n","protected":false},"excerpt":{"rendered":"<p>[vc_row full_width=&#8221;stretch_row&#8221; max_width_alignment=&#8221;left&#8221; css=&#8221;.vc_custom_1646996364537{margin-top: 60px !important;}&#8221; max_width=&#8221;1600&#8243;][vc_column css=&#8221;.vc_custom_1565182833752{margin-top: 20px !important;padding-right: 25px !important;}&#8221;] O PROJEKCIE [vc_column_text]Rezydencja Hrabovo to 186 inwestycyjnych apartament\u00f3w w 62 domkach g\u00f3rskich &#8211; chaletach. Obecnie oferujemy zakup mieszka\u0144, kt\u00f3re s\u0105 idealn\u0105 inwestycj\u0105 i jednocze\u015bnie miejscem wyjazdu z miasta do pi\u0119knej przyrody Liptowa. Sam&#8230;<\/p>\n","protected":false},"author":1,"featured_media":0,"parent":0,"menu_order":0,"comment_status":"closed","ping_status":"closed","template":"","meta":{"footnotes":""},"class_list":["post-16007","page","type-page","status-publish","hentry"],"_links":{"self":[{"href":"https:\/\/www.rezidenciahrabovo.sk\/pl\/wp-json\/wp\/v2\/pages\/16007","targetHints":{"allow":["GET"]}}],"collection":[{"href":"https:\/\/www.rezidenciahrabovo.sk\/pl\/wp-json\/wp\/v2\/pages"}],"about":[{"href":"https:\/\/www.rezidenciahrabovo.sk\/pl\/wp-json\/wp\/v2\/types\/page"}],"author":[{"embeddable":true,"href":"https:\/\/www.rezidenciahrabovo.sk\/pl\/wp-json\/wp\/v2\/users\/1"}],"replies":[{"embeddable":true,"href":"https:\/\/www.rezidenciahrabovo.sk\/pl\/wp-json\/wp\/v2\/comments?post=16007"}],"version-history":[{"count":52,"href":"https:\/\/www.rezidenciahrabovo.sk\/pl\/wp-json\/wp\/v2\/pages\/16007\/revisions"}],"predecessor-version":[{"id":16573,"href":"https:\/\/www.rezidenciahrabovo.sk\/pl\/wp-json\/wp\/v2\/pages\/16007\/revisions\/16573"}],"wp:attachment":[{"href":"https:\/\/www.rezidenciahrabovo.sk\/pl\/wp-json\/wp\/v2\/media?parent=16007"}],"curies":[{"name":"wp","href":"https:\/\/api.w.org\/{rel}","templated":true}]}}