{"id":19473,"date":"2020-02-13T16:20:13","date_gmt":"2020-02-13T15:20:13","guid":{"rendered":"https:\/\/www.rezidenciahrabovo.sk\/apartman-b401\/"},"modified":"2023-03-31T16:28:45","modified_gmt":"2023-03-31T14:28:45","slug":"apartman-b401","status":"publish","type":"page","link":"https:\/\/www.rezidenciahrabovo.sk\/hu\/apartman-b401\/","title":{"rendered":"Apartman B401"},"content":{"rendered":"<p>[vc_row full_width=&#8221;stretch_row_content_no_spaces&#8221; css=&#8221;.vc_custom_1621168620564{margin-top: -31px !important;background-color: rgba(0,0,0,0.6) !important;*background-color: rgb(0,0,0) !important;}&#8221;][vc_column][vc_single_image image=&#8221;10634&#8243; img_size=&#8221;full&#8221; alignment=&#8221;center&#8221; el_class=&#8221;APD-logo&#8221;][\/vc_column][\/vc_row][vc_row full_width=&#8221;stretch_row_content_no_spaces&#8221; el_class=&#8221;APD-nadpis&#8221;][vc_column]\n\n\t<div class=\"sh-heading sh-heading-style1\" id=\"heading-zgRBkt8Gs6\">\n\t\t<h2 class=\"sh-heading-content nadpis-symbol size-l\">\n\t\t\t<\/span>\n<span style=\"text-align: center;\">APARTMAN B401<\/span>\n<span>\t\t<\/h2>\n\t<\/div>\n\n            <style type=\"text\/css\">\n                #heading-zgRBkt8Gs6 .sh-heading-content {font-weight: 200!important;}#heading-zgRBkt8Gs6 .sh-heading-content strong,#heading-zgRBkt8Gs6 .sh-heading-additional-text strong {font-family: 'Montserrat'!important;}            <\/style>\n        [\/vc_column][\/vc_row][vc_row full_width=&#8221;stretch_row&#8221; max_width_alignment=&#8221;left&#8221; max_width=&#8221;1600&#8243;][vc_column width=&#8221;1\/2&#8243; css=&#8221;.vc_custom_1580291026449{padding-right: 55px !important;}&#8221;][vc_single_image image=&#8221;10964&#8243; img_size=&#8221;full&#8221; alignment=&#8221;center&#8221; el_class=&#8221;apd-podlazie&#8221;][vc_single_image image=&#8221;11042&#8243; img_size=&#8221;full&#8221; alignment=&#8221;center&#8221; onclick=&#8221;custom_link&#8221; css=&#8221;.vc_custom_1621168164295{margin-top: 55px !important;}&#8221; el_class=&#8221;apd-podlazie&#8221; link=&#8221;https:\/\/www.rezidenciahrabovo.sk\/apartmanovy-dom-poschodie-4\/&#8221;][\/vc_column][vc_column width=&#8221;1\/2&#8243; css=&#8221;.vc_custom_1580235070466{margin-top: 15px !important;}&#8221; el_class=&#8221;apartmanovy-dom-pricing-table&#8221;]\n<div class=\"sh-pricing-container\">\n\t<div class=\"sh-pricing sh-pricing-style1 sh-pricing-content-center\" id=\"pricing-DX0xVu4wF7\">\n\t\t\n\t\t\t<div class=\"sh-pricing-top\">\n\t\t\t\t<div class=\"sh-table-full\">\n\t\t\t\t\t<div class=\"sh-table-cell\">\n\t\t\t\t\t\t<div class=\"sh-pricing-name\">\n\t\t\t\t\t\t\t\t\t\t\t\t\t<\/div>\n\t\t\t\t\t\t<div class=\"sh-pricing-top-aside\">\n\t\t\t\t\t\t\t\t\t\t\t\t\t\t\t\t\t\t\t\t<\/div>\n\t\t\t\t\t<\/div>\n\t\t\t\t<\/div>\n\t\t\t<\/div>\n\t\t\t<div class=\"sh-pricing-content\">\n\n\t\t\t\t\n\t\t\t\t\t\t\t\t\t<div class=\"sh-pricing-content-item\">\n\t\t\t\t\t\t<i class=\"\"><\/i>\n\t\t\t\t\t\t<span class=\"sh-pricing-amount\">Szoba<\/span>\n\t\t\t\t\t\t<span>16.19 m\u00b2<\/span>\n\t\t\t\t\t<\/div>\n\t\t\t\t\t\t\t\t\t<div class=\"sh-pricing-content-item\">\n\t\t\t\t\t\t<i class=\"\"><\/i>\n\t\t\t\t\t\t<span class=\"sh-pricing-amount\">El\u0151szoba<\/span>\n\t\t\t\t\t\t<span>5.61 m\u00b2<\/span>\n\t\t\t\t\t<\/div>\n\t\t\t\t\t\t\t\t\t<div class=\"sh-pricing-content-item\">\n\t\t\t\t\t\t<i class=\"\"><\/i>\n\t\t\t\t\t\t<span class=\"sh-pricing-amount\">A f\u00fcrd\u0151szoba<\/span>\n\t\t\t\t\t\t<span>2.80 m\u00b2<\/span>\n\t\t\t\t\t<\/div>\n\t\t\t\t\t\t\t\t\t<div class=\"sh-pricing-content-item\">\n\t\t\t\t\t\t<i class=\"\"><\/i>\n\t\t\t\t\t\t<span class=\"sh-pricing-amount\">WC<\/span>\n\t\t\t\t\t\t<span>1.28 m\u00b2<\/span>\n\t\t\t\t\t<\/div>\n\t\t\t\t\t\t\t\t\t<div class=\"sh-pricing-content-item\">\n\t\t\t\t\t\t<i class=\"\"><\/i>\n\t\t\t\t\t\t<span class=\"sh-pricing-amount\">Erk\u00e9ly<\/span>\n\t\t\t\t\t\t<span>10.12 m\u00b2<\/span>\n\t\t\t\t\t<\/div>\n\t\t\t\t\t\t\t\t\t<div class=\"sh-pricing-content-item\">\n\t\t\t\t\t\t<i class=\"\"><\/i>\n\t\t\t\t\t\t<span class=\"sh-pricing-amount\">Egy\u00fctt<\/span>\n\t\t\t\t\t\t<span>36.00 m\u00b2<\/span>\n\t\t\t\t\t<\/div>\n\t\t\t\t\n\t\t\t<\/div>\n\n\t\t\t\t\t<div class=\"sh-pricing-bottom\">\n\n\t\t\t\t<a href=\"#\" class=\"sh-pricing-button sh-pricing-button-button1\">\n\t\t\t\t\t<span><\/span>\n\t\t\t\t<\/a>\n\n\t\t\t<\/div>\n\t\t\t<\/div>\n<\/div>\n            <style type=\"text\/css\">\n                #pricing-DX0xVu4wF7.sh-pricing-style1 .sh-pricing-top,#pricing-DX0xVu4wF7.sh-pricing-style2 .sh-pricing-top,#pricing-DX0xVu4wF7.sh-pricing-style4 .sh-pricing-top,#pricing-DX0xVu4wF7.sh-pricing-style1 .sh-pricing-name h2,#pricing-DX0xVu4wF7.sh-pricing-style2 .sh-pricing-name h2,#pricing-DX0xVu4wF7.sh-pricing-style3 .sh-pricing-name h2,#pricing-DX0xVu4wF7.sh-pricing-style4 .sh-pricing-name h2 {color: #ffffff!important;}#pricing-DX0xVu4wF7 .sh-pricing-icon,#pricing-DX0xVu4wF7 {background-color: #ffffff;}#pricing-DX0xVu4wF7,#pricing-DX0xVu4wF7 .sh-pricing-content-item,#pricing-DX0xVu4wF7 .sh-pricing-style3 .sh-pricing-content-item:first-child,#pricing-DX0xVu4wF7 .sh-pricing-style4 .sh-pricing-content-item:first-child {border-color: rgba(0,0,0,0.08)!important;}#pricing-DX0xVu4wF7.sh-pricing-style1 .sh-pricing-top,#pricing-DX0xVu4wF7.sh-pricing-style2 .sh-pricing-top,#pricing-DX0xVu4wF7.sh-pricing-style3 .sh-pricing-name,#pricing-DX0xVu4wF7 .sh-pricing-button1 {background-color: #ccbca1;}#pricing-DX0xVu4wF7.sh-pricing-20 .sh-pricing-name:after {border-top-color: #ccbca1;}#pricing-DX0xVu4wF7 .sh-pricing-button2 {color: #ccbca1;}            <\/style>\n        \n<div class=\"sh-pricing-container\">\n\t<div class=\"sh-pricing sh-pricing-style1 sh-pricing-content-center\" id=\"pricing-P3LI8udmzp\">\n\t\t\n\t\t\t<div class=\"sh-pricing-top\">\n\t\t\t\t<div class=\"sh-table-full\">\n\t\t\t\t\t<div class=\"sh-table-cell\">\n\t\t\t\t\t\t<div class=\"sh-pricing-name\">\n\t\t\t\t\t\t\t\t\t\t\t\t\t<\/div>\n\t\t\t\t\t\t<div class=\"sh-pricing-top-aside\">\n\t\t\t\t\t\t\t\t\t\t\t\t\t\t\t\t\t\t\t\t<\/div>\n\t\t\t\t\t<\/div>\n\t\t\t\t<\/div>\n\t\t\t<\/div>\n\t\t\t<div class=\"sh-pricing-content\">\n\n\t\t\t\t\n\t\t\t\t\t\t\t\t\t<div class=\"sh-pricing-content-item\">\n\t\t\t\t\t\t<i class=\"\"><\/i>\n\t\t\t\t\t\t<span class=\"sh-pricing-amount\">\u00c1r \u00c1FA n\u00e9lk\u00fcl<\/span>\n\t\t\t\t\t\t<span>70 536,00 \u20ac<\/span>\n\t\t\t\t\t<\/div>\n\t\t\t\t\t\t\t\t\t<div class=\"sh-pricing-content-item\">\n\t\t\t\t\t\t<i class=\"\"><\/i>\n\t\t\t\t\t\t<span class=\"sh-pricing-amount\">\u00c1r \u00c1FA-val<\/span>\n\t\t\t\t\t\t<span>84 643,20 \u20ac<\/span>\n\t\t\t\t\t<\/div>\n\t\t\t\t\n\t\t\t<\/div>\n\n\t\t\t\t\t<div class=\"sh-pricing-bottom\">\n\n\t\t\t\t<a href=\"#\" class=\"sh-pricing-button sh-pricing-button-button1\">\n\t\t\t\t\t<span><\/span>\n\t\t\t\t<\/a>\n\n\t\t\t<\/div>\n\t\t\t<\/div>\n<\/div>\n            <style type=\"text\/css\">\n                #pricing-P3LI8udmzp.sh-pricing-style1 .sh-pricing-top,#pricing-P3LI8udmzp.sh-pricing-style2 .sh-pricing-top,#pricing-P3LI8udmzp.sh-pricing-style4 .sh-pricing-top,#pricing-P3LI8udmzp.sh-pricing-style1 .sh-pricing-name h2,#pricing-P3LI8udmzp.sh-pricing-style2 .sh-pricing-name h2,#pricing-P3LI8udmzp.sh-pricing-style3 .sh-pricing-name h2,#pricing-P3LI8udmzp.sh-pricing-style4 .sh-pricing-name h2 {color: #ffffff!important;}#pricing-P3LI8udmzp .sh-pricing-icon,#pricing-P3LI8udmzp {background-color: #f8f8f8;}#pricing-P3LI8udmzp,#pricing-P3LI8udmzp .sh-pricing-content-item,#pricing-P3LI8udmzp .sh-pricing-style3 .sh-pricing-content-item:first-child,#pricing-P3LI8udmzp .sh-pricing-style4 .sh-pricing-content-item:first-child {border-color: rgba(0,0,0,0.08)!important;}#pricing-P3LI8udmzp.sh-pricing-style1 .sh-pricing-top,#pricing-P3LI8udmzp.sh-pricing-style2 .sh-pricing-top,#pricing-P3LI8udmzp.sh-pricing-style3 .sh-pricing-name,#pricing-P3LI8udmzp .sh-pricing-button1 {background-color: #ccbca1;}#pricing-P3LI8udmzp.sh-pricing-20 .sh-pricing-name:after {border-top-color: #ccbca1;}#pricing-P3LI8udmzp .sh-pricing-button2 {color: #ccbca1;}            <\/style>\n        \n<div class=\"sh-pricing-container\">\n\t<div class=\"sh-pricing sh-pricing-style1 sh-pricing-content-center\" id=\"pricing-C1yn6Xa0gu\">\n\t\t\n\t\t\t<div class=\"sh-pricing-top\">\n\t\t\t\t<div class=\"sh-table-full\">\n\t\t\t\t\t<div class=\"sh-table-cell\">\n\t\t\t\t\t\t<div class=\"sh-pricing-name\">\n\t\t\t\t\t\t\t\t\t\t\t\t\t<\/div>\n\t\t\t\t\t\t<div class=\"sh-pricing-top-aside\">\n\t\t\t\t\t\t\t\t\t\t\t\t\t\t\t\t\t\t\t\t<\/div>\n\t\t\t\t\t<\/div>\n\t\t\t\t<\/div>\n\t\t\t<\/div>\n\t\t\t<div class=\"sh-pricing-content\">\n\n\t\t\t\t\n\t\t\t\t\t\t\t\t\t<div class=\"sh-pricing-content-item\">\n\t\t\t\t\t\t<i class=\"\"><\/i>\n\t\t\t\t\t\t<span class=\"sh-pricing-amount\">\u00c1r \u00c1FA n\u00e9lk\u00fcl<\/span>\n\t\t\t\t\t\t<span>105 860,00 \u20ac<\/span>\n\t\t\t\t\t<\/div>\n\t\t\t\t\t\t\t\t\t<div class=\"sh-pricing-content-item\">\n\t\t\t\t\t\t<i class=\"\"><\/i>\n\t\t\t\t\t\t<span class=\"sh-pricing-amount\">\u00c1r \u00c1FA-val<\/span>\n\t\t\t\t\t\t<span>127 032,00 \u20ac<\/span>\n\t\t\t\t\t<\/div>\n\t\t\t\t\n\t\t\t<\/div>\n\n\t\t\t\t\t<div class=\"sh-pricing-bottom\">\n\n\t\t\t\t<a href=\"#\" class=\"sh-pricing-button sh-pricing-button-button1\">\n\t\t\t\t\t<span><\/span>\n\t\t\t\t<\/a>\n\n\t\t\t<\/div>\n\t\t\t<\/div>\n<\/div>\n            <style type=\"text\/css\">\n                #pricing-C1yn6Xa0gu.sh-pricing-style1 .sh-pricing-top,#pricing-C1yn6Xa0gu.sh-pricing-style2 .sh-pricing-top,#pricing-C1yn6Xa0gu.sh-pricing-style4 .sh-pricing-top,#pricing-C1yn6Xa0gu.sh-pricing-style1 .sh-pricing-name h2,#pricing-C1yn6Xa0gu.sh-pricing-style2 .sh-pricing-name h2,#pricing-C1yn6Xa0gu.sh-pricing-style3 .sh-pricing-name h2,#pricing-C1yn6Xa0gu.sh-pricing-style4 .sh-pricing-name h2 {color: #ffffff!important;}#pricing-C1yn6Xa0gu .sh-pricing-icon,#pricing-C1yn6Xa0gu {background-color: #f8f8f8;}#pricing-C1yn6Xa0gu,#pricing-C1yn6Xa0gu .sh-pricing-content-item,#pricing-C1yn6Xa0gu .sh-pricing-style3 .sh-pricing-content-item:first-child,#pricing-C1yn6Xa0gu .sh-pricing-style4 .sh-pricing-content-item:first-child {border-color: rgba(0,0,0,0.08)!important;}#pricing-C1yn6Xa0gu.sh-pricing-style1 .sh-pricing-top,#pricing-C1yn6Xa0gu.sh-pricing-style2 .sh-pricing-top,#pricing-C1yn6Xa0gu.sh-pricing-style3 .sh-pricing-name,#pricing-C1yn6Xa0gu .sh-pricing-button1 {background-color: #ccbca1;}#pricing-C1yn6Xa0gu.sh-pricing-20 .sh-pricing-name:after {border-top-color: #ccbca1;}#pricing-C1yn6Xa0gu .sh-pricing-button2 {color: #ccbca1;}            <\/style>\n        [vc_column_text el_class=&#8221;popis-parkovanie&#8221;]<a class=\"mobx\" href=\"\/wp-content\/uploads\/2020\/02\/suteren-nahlad.png\" data-title=\"P\u00f4dorys - Suter\u00e9n\"><strong>Parkol\u00f3hely sz\u00e1ma 34 a pinc\u00e9ben<\/strong><br \/>\n<strong>Az alagsorban B401 k\u00fcls\u0151 t\u00e1rol\u00f3hely &#8211; 3,00 m2<\/strong><\/a>[\/vc_column_text][vc_column_text]<div id=\"quform-331b59\" class=\"quform quform-4 quform-theme-light quform-position-center quform-support-page-caching\"><form id=\"quform-form-331b59\" class=\"quform-form quform-form-4\" action=\"\/hu\/wp-json\/wp\/v2\/pages\/19473#quform-331b59\" method=\"post\" enctype=\"multipart\/form-data\" novalidate=\"novalidate\" data-options=\"{&quot;id&quot;:4,&quot;uniqueId&quot;:&quot;331b59&quot;,&quot;theme&quot;:&quot;light&quot;,&quot;ajax&quot;:true,&quot;logic&quot;:{&quot;logic&quot;:[],&quot;dependents&quot;:[],&quot;elementIds&quot;:[],&quot;dependentElementIds&quot;:[],&quot;animate&quot;:true},&quot;currentPageId&quot;:1,&quot;errorsIcon&quot;:&quot;&quot;,&quot;updateFancybox&quot;:true,&quot;hasPages&quot;:false,&quot;pages&quot;:[1],&quot;pageProgressType&quot;:&quot;percentage&quot;,&quot;tooltipsEnabled&quot;:true,&quot;tooltipClasses&quot;:&quot;qtip-quform-dark qtip-shadow&quot;,&quot;tooltipMy&quot;:&quot;left center&quot;,&quot;tooltipAt&quot;:&quot;right center&quot;,&quot;isRtl&quot;:false,&quot;scrollOffset&quot;:-50,&quot;scrollSpeed&quot;:800}\"><button class=\"quform-default-submit\" name=\"quform_submit\" type=\"submit\" value=\"submit\" aria-hidden=\"true\" tabindex=\"-1\"><\/button><div class=\"quform-form-inner quform-form-inner-4\"><input type=\"hidden\" name=\"quform_form_id\" value=\"4\" \/><input type=\"hidden\" name=\"quform_form_uid\" value=\"331b59\" \/><input type=\"hidden\" name=\"quform_count\" value=\"1\" \/><input type=\"hidden\" name=\"form_url\" value=\"https:\/\/www.rezidenciahrabovo.sk\/hu\/wp-json\/wp\/v2\/pages\/19473\" \/><input type=\"hidden\" name=\"referring_url\" value=\"\" \/><input type=\"hidden\" name=\"post_id\" value=\"\" \/><input type=\"hidden\" name=\"post_title\" value=\"\" \/><input type=\"hidden\" name=\"quform_current_page_id\" value=\"1\" \/><input type=\"hidden\" name=\"quform_loaded\" value=\"1775558995|509397057e6448ab5bd92dc7e212ec2e\" \/><input type=\"hidden\" name=\"quform_csrf_token\" value=\"jiMIIiglnz0jPSb3S5hbEs7yI0cTyX6jhxGG0741\" \/><div class=\"quform-elements quform-elements-4 quform-cf quform-responsive-elements-phone-landscape\"><div class=\"quform-element quform-element-page quform-page-1 quform-page-4_1 quform-cf quform-group-style-plain quform-first-page quform-last-page quform-current-page\"><div class=\"quform-child-elements\"><input type=\"hidden\" name=\"quform_4_11\" value=\"b401\" \/><div class=\"quform-element quform-element-name quform-element-4_3 quform-cf quform-element-required\"><div class=\"quform-spacer\"><div class=\"quform-label quform-label-4_3\"><label class=\"quform-label-text\" id=\"quform_4_3_331b59_label\">Kereszt\u2013 \u00e9s csal\u00e1dn\u00e9v<\/label><\/div><div class=\"quform-inner quform-inner-name quform-inner-4_3 quform-field-size-slim\"><div class=\"quform-input quform-input-name quform-input-4_3 quform-cf\"><div class=\"quform-element-row quform-1-columns quform-element-row-size-fixed quform-responsive-columns-phone-landscape\"><div class=\"quform-element-column\"><div class=\"quform-element quform-element-text quform-element-4_3_2 quform-cf quform-element-required\"><div class=\"quform-spacer\"><div class=\"quform-inner quform-inner-text quform-inner-4_3_2 quform-field-size-slim\"><div class=\"quform-input quform-input-text quform-input-4_3_2 quform-cf\"><input type=\"text\" id=\"quform_4_3_2_331b59\" name=\"quform_4_3[2]\" class=\"quform-field quform-field-text quform-field-4_3_2\" aria-labelledby=\"quform_4_3_331b59_label\" \/><\/div><\/div><\/div><\/div><\/div><\/div><\/div><\/div><\/div><\/div><div class=\"quform-element quform-element-text quform-element-4_8 quform-cf quform-element-required\"><div class=\"quform-spacer\"><div class=\"quform-label quform-label-4_8\"><label class=\"quform-label-text\" for=\"quform_4_8_331b59\">Telefonsz\u00e1m<\/label><\/div><div class=\"quform-inner quform-inner-text quform-inner-4_8 quform-field-size-slim\"><div class=\"quform-input quform-input-text quform-input-4_8 quform-cf\"><input type=\"text\" id=\"quform_4_8_331b59\" name=\"quform_4_8\" class=\"quform-field quform-field-text quform-field-4_8\" \/><\/div><\/div><\/div><\/div><div class=\"quform-element quform-element-email quform-element-4_9 quform-cf quform-element-optional\"><div class=\"quform-spacer\"><div class=\"quform-label quform-label-4_9\"><label class=\"quform-label-text\" for=\"quform_4_9_331b59\">Email<\/label><\/div><div class=\"quform-inner quform-inner-email quform-inner-4_9 quform-field-size-slim\"><div class=\"quform-input quform-input-email quform-input-4_9 quform-cf\"><input type=\"email\" id=\"quform_4_9_331b59\" name=\"quform_4_9\" class=\"quform-field quform-field-email quform-field-4_9\" \/><\/div><\/div><\/div><\/div><div class=\"quform-element quform-element-textarea quform-element-4_6 quform-cf quform-element-optional\"><div class=\"quform-spacer\"><div class=\"quform-label quform-label-4_6\"><label class=\"quform-label-text\" for=\"quform_4_6_331b59\">Chcesz nas o co\u015b zapyta\u0107?<\/label><\/div><div class=\"quform-inner quform-inner-textarea quform-inner-4_6 quform-field-size-slim\"><div class=\"quform-input quform-input-textarea quform-input-4_6 quform-cf\"><textarea id=\"quform_4_6_331b59\" name=\"quform_4_6\" class=\"quform-field quform-field-textarea quform-field-4_6\"><\/textarea><\/div><\/div><\/div><\/div><div class=\"quform-element quform-element-textarea quform-element-4_288259 quform-sr-only quform-cf\" style=\"clip: rect(1px, 1px, 1px, 1px); clip-path: inset(50%); position: absolute !important; height: 1px; width: 1px; overflow: hidden;\"><div class=\"quform-spacer\"><div class=\"quform-label quform-label-4_288259\"><label class=\"quform-label-text\" for=\"quform_4_288259_331b59\">Email Address<\/label><\/div><div class=\"quform-inner quform-inner-4_288259\"><textarea id=\"quform_4_288259_331b59\" name=\"quform_4_288259\" class=\"quform-field quform-field-textarea quform-field-4_288259\" tabindex=\"-1\" autocomplete=\"new-password\"><\/textarea><\/div><\/div><\/div><div class=\"quform-element quform-element-checkbox quform-element-4_7 quform-cf quform-element-required\"><div class=\"quform-spacer\"><div class=\"quform-inner quform-inner-checkbox quform-inner-4_7 quform-field-size-slim\"><div class=\"quform-input quform-input-checkbox quform-input-4_7 quform-cf\"><div class=\"quform-options quform-cf quform-options-block quform-options-simple\"><div class=\"quform-option\"><input type=\"checkbox\" name=\"quform_4_7[]\" id=\"quform_4_7_331b59_0\" class=\"quform-field quform-field-checkbox quform-field-4_7 quform-field-4_7_0\" value=\"\" \/><label for=\"quform_4_7_331b59_0\" class=\"quform-option-label quform-option-label-4_7_0\"><span class=\"quform-option-text\">K\u00e9rem hagyja j\u00f3v\u00e1 az \u00d6n szem\u00e9lyes adatai feldolgoz\u00e1s\u00e1t a\u00a0t\u00f6rv\u00e9ny \u00e9rtelm\u00e9ben <a href=\"https:\/\/www.zakonypreludi.sk\/zz\/2018-18\" target=\"_blank\">\u010d. 18\/2018 Z.z.<\/a><\/span><\/label><\/div><\/div><\/div><\/div><\/div><\/div><div class=\"quform-element quform-element-submit quform-element-4_2 quform-cf quform-button-style-theme quform-button-size-medium quform-button-width-full\"><div class=\"quform-button-submit quform-button-submit-default quform-button-submit-4_2\"><button name=\"quform_submit\" type=\"submit\" class=\"quform-submit\" value=\"submit\"><span class=\"quform-button-text quform-button-submit-text\">Apartman k\u00f6tetlen foglal\u00e1sa<\/span><\/button><\/div><div class=\"quform-loading quform-loading-position-right quform-loading-type-spinner-1\"><div class=\"quform-loading-inner\"><div class=\"quform-loading-spinner\"><div class=\"quform-loading-spinner-inner\"><\/div><\/div><\/div><\/div><\/div><\/div><\/div><\/div><\/div><\/form><\/div>[\/vc_column_text][\/vc_column][\/vc_row][vc_row disable_element=&#8221;yes&#8221;][vc_column][vc_raw_html css=&#8221;.vc_custom_1621168637088{margin-top: 20px !important;}&#8221; el_class=&#8221;rezervacia-apd-raw&#8221;]PGJ1dHRvbiBvbmNsaWNrPSJ3aW5kb3cubG9jYXRpb24uaHJlZj0nL3JlemVydmFjbnktZm9ybXVsYXItYXBhcnRtYW5vdnktZG9tP2FwYXJ0bWFuPWI0MDEnIiBjbGFzcz0ibWFwa2EtcmV6ZXJ2b3ZhdCI+PGEgaHJlZj0iaHR0cHM6Ly93d3cucmV6aWRlbmNpYWhyYWJvdm8uc2svaHUvZm9nbGFsYXNpLXVybGFwLWFwYXJ0bWFuaGF6Lz9hcGFydG1hbj1iNDAxIj5Gb2dsYWxqb24gYXBhcnRtYW50IGvDtnRlbGV6ZXR0c8OpZyBuw6lsa8O8bDwvYT48L2J1dHRvbj4=[\/vc_raw_html][\/vc_column][\/vc_row]<\/p>\n","protected":false},"excerpt":{"rendered":"<p>[vc_row full_width=&#8221;stretch_row_content_no_spaces&#8221; css=&#8221;.vc_custom_1621168620564{margin-top: -31px !important;background-color: rgba(0,0,0,0.6) !important;*background-color: rgb(0,0,0) !important;}&#8221;][vc_column][vc_single_image image=&#8221;10634&#8243; img_size=&#8221;full&#8221; alignment=&#8221;center&#8221; el_class=&#8221;APD-logo&#8221;][\/vc_column][\/vc_row][vc_row full_width=&#8221;stretch_row_content_no_spaces&#8221; el_class=&#8221;APD-nadpis&#8221;][vc_column] APARTMAN B401 [\/vc_column][\/vc_row][vc_row full_width=&#8221;stretch_row&#8221; max_width_alignment=&#8221;left&#8221; max_width=&#8221;1600&#8243;][vc_column width=&#8221;1\/2&#8243; css=&#8221;.vc_custom_1580291026449{padding-right: 55px !important;}&#8221;][vc_single_image image=&#8221;10964&#8243; img_size=&#8221;full&#8221; alignment=&#8221;center&#8221; el_class=&#8221;apd-podlazie&#8221;][vc_single_image image=&#8221;11042&#8243; img_size=&#8221;full&#8221; alignment=&#8221;center&#8221; onclick=&#8221;custom_link&#8221; css=&#8221;.vc_custom_1621168164295{margin-top: 55px !important;}&#8221; el_class=&#8221;apd-podlazie&#8221; link=&#8221;https:\/\/www.rezidenciahrabovo.sk\/apartmanovy-dom-poschodie-4\/&#8221;][\/vc_column][vc_column width=&#8221;1\/2&#8243; css=&#8221;.vc_custom_1580235070466{margin-top: 15px !important;}&#8221; el_class=&#8221;apartmanovy-dom-pricing-table&#8221;] Szoba 16.19&#8230;<\/p>\n","protected":false},"author":1,"featured_media":0,"parent":0,"menu_order":0,"comment_status":"closed","ping_status":"closed","template":"","meta":{"footnotes":""},"class_list":["post-19473","page","type-page","status-publish","hentry"],"_links":{"self":[{"href":"https:\/\/www.rezidenciahrabovo.sk\/hu\/wp-json\/wp\/v2\/pages\/19473","targetHints":{"allow":["GET"]}}],"collection":[{"href":"https:\/\/www.rezidenciahrabovo.sk\/hu\/wp-json\/wp\/v2\/pages"}],"about":[{"href":"https:\/\/www.rezidenciahrabovo.sk\/hu\/wp-json\/wp\/v2\/types\/page"}],"author":[{"embeddable":true,"href":"https:\/\/www.rezidenciahrabovo.sk\/hu\/wp-json\/wp\/v2\/users\/1"}],"replies":[{"embeddable":true,"href":"https:\/\/www.rezidenciahrabovo.sk\/hu\/wp-json\/wp\/v2\/comments?post=19473"}],"version-history":[{"count":2,"href":"https:\/\/www.rezidenciahrabovo.sk\/hu\/wp-json\/wp\/v2\/pages\/19473\/revisions"}],"predecessor-version":[{"id":19475,"href":"https:\/\/www.rezidenciahrabovo.sk\/hu\/wp-json\/wp\/v2\/pages\/19473\/revisions\/19475"}],"wp:attachment":[{"href":"https:\/\/www.rezidenciahrabovo.sk\/hu\/wp-json\/wp\/v2\/media?parent=19473"}],"curies":[{"name":"wp","href":"https:\/\/api.w.org\/{rel}","templated":true}]}}