{"id":19197,"date":"2020-02-01T16:57:47","date_gmt":"2020-02-01T15:57:47","guid":{"rendered":"https:\/\/www.rezidenciahrabovo.sk\/apartament-a204\/"},"modified":"2023-03-30T13:26:32","modified_gmt":"2023-03-30T11:26:32","slug":"apartament-a204","status":"publish","type":"page","link":"https:\/\/www.rezidenciahrabovo.sk\/hu\/apartament-a204\/","title":{"rendered":"Apartament A204"},"content":{"rendered":"<p>[vc_row full_width=&#8221;stretch_row_content_no_spaces&#8221; css=&#8221;.vc_custom_1621145995321{margin-top: -31px !important;background-color: rgba(0,0,0,0.6) !important;*background-color: rgb(0,0,0) !important;}&#8221;][vc_column][vc_single_image image=&#8221;10634&#8243; img_size=&#8221;full&#8221; alignment=&#8221;center&#8221; el_class=&#8221;APD-logo&#8221;][\/vc_column][\/vc_row][vc_row full_width=&#8221;stretch_row_content_no_spaces&#8221; el_class=&#8221;APD-nadpis&#8221;][vc_column]\n\n\t<div class=\"sh-heading sh-heading-style1\" id=\"heading-QVFSiEDHd4\">\n\t\t<h2 class=\"sh-heading-content nadpis-symbol size-l\">\n\t\t\t<\/span>\n<span style=\"text-align: center;\">APARTAMENT A204<\/span>\n<span>\t\t<\/h2>\n\t<\/div>\n\n            <style type=\"text\/css\">\n                #heading-QVFSiEDHd4 .sh-heading-content {font-weight: 200!important;}#heading-QVFSiEDHd4 .sh-heading-content strong,#heading-QVFSiEDHd4 .sh-heading-additional-text strong {font-family: 'Montserrat'!important;}            <\/style>\n        [\/vc_column][\/vc_row][vc_row full_width=&#8221;stretch_row&#8221; max_width_alignment=&#8221;left&#8221; max_width=&#8221;1600&#8243;][vc_column width=&#8221;1\/2&#8243; css=&#8221;.vc_custom_1580291026449{padding-right: 55px !important;}&#8221;][vc_single_image image=&#8221;10695&#8243; img_size=&#8221;full&#8221; alignment=&#8221;center&#8221; el_class=&#8221;apd-podlazie&#8221;][vc_single_image image=&#8221;10889&#8243; img_size=&#8221;full&#8221; alignment=&#8221;center&#8221; onclick=&#8221;custom_link&#8221; css=&#8221;.vc_custom_1621145578752{margin-top: 15px !important;}&#8221; el_class=&#8221;apd-podlazie&#8221; link=&#8221;https:\/\/www.rezidenciahrabovo.sk\/apartmanovy-dom-poschodie-2\/&#8221;][\/vc_column][vc_column width=&#8221;1\/2&#8243; css=&#8221;.vc_custom_1580235070466{margin-top: 15px !important;}&#8221; el_class=&#8221;apartmanovy-dom-pricing-table&#8221;]\n<div class=\"sh-pricing-container\">\n\t<div class=\"sh-pricing sh-pricing-style1 sh-pricing-content-center\" id=\"pricing-80JYwiVf7k\">\n\t\t\n\t\t\t<div class=\"sh-pricing-top\">\n\t\t\t\t<div class=\"sh-table-full\">\n\t\t\t\t\t<div class=\"sh-table-cell\">\n\t\t\t\t\t\t<div class=\"sh-pricing-name\">\n\t\t\t\t\t\t\t\t\t\t\t\t\t<\/div>\n\t\t\t\t\t\t<div class=\"sh-pricing-top-aside\">\n\t\t\t\t\t\t\t\t\t\t\t\t\t\t\t\t\t\t\t\t<\/div>\n\t\t\t\t\t<\/div>\n\t\t\t\t<\/div>\n\t\t\t<\/div>\n\t\t\t<div class=\"sh-pricing-content\">\n\n\t\t\t\t\n\t\t\t\t\t\t\t\t\t<div class=\"sh-pricing-content-item\">\n\t\t\t\t\t\t<i class=\"\"><\/i>\n\t\t\t\t\t\t<span class=\"sh-pricing-amount\">Konyha \u00e9s \u00e9tkez\u0151<\/span>\n\t\t\t\t\t\t<span>19.69 m\u00b2<\/span>\n\t\t\t\t\t<\/div>\n\t\t\t\t\t\t\t\t\t<div class=\"sh-pricing-content-item\">\n\t\t\t\t\t\t<i class=\"\"><\/i>\n\t\t\t\t\t\t<span class=\"sh-pricing-amount\">Nappali<\/span>\n\t\t\t\t\t\t<span>14.48 m\u00b2<\/span>\n\t\t\t\t\t<\/div>\n\t\t\t\t\t\t\t\t\t<div class=\"sh-pricing-content-item\">\n\t\t\t\t\t\t<i class=\"\"><\/i>\n\t\t\t\t\t\t<span class=\"sh-pricing-amount\">H\u00e1l\u00f3szoba<\/span>\n\t\t\t\t\t\t<span>17.41 m\u00b2<\/span>\n\t\t\t\t\t<\/div>\n\t\t\t\t\t\t\t\t\t<div class=\"sh-pricing-content-item\">\n\t\t\t\t\t\t<i class=\"\"><\/i>\n\t\t\t\t\t\t<span class=\"sh-pricing-amount\">A f\u00fcrd\u0151szoba<\/span>\n\t\t\t\t\t\t<span>3.24 m\u00b2<\/span>\n\t\t\t\t\t<\/div>\n\t\t\t\t\t\t\t\t\t<div class=\"sh-pricing-content-item\">\n\t\t\t\t\t\t<i class=\"\"><\/i>\n\t\t\t\t\t\t<span class=\"sh-pricing-amount\">WC<\/span>\n\t\t\t\t\t\t<span>1.35 m\u00b2<\/span>\n\t\t\t\t\t<\/div>\n\t\t\t\t\t\t\t\t\t<div class=\"sh-pricing-content-item\">\n\t\t\t\t\t\t<i class=\"\"><\/i>\n\t\t\t\t\t\t<span class=\"sh-pricing-amount\">Terasz<\/span>\n\t\t\t\t\t\t<span>8.34 m\u00b2<\/span>\n\t\t\t\t\t<\/div>\n\t\t\t\t\t\t\t\t\t<div class=\"sh-pricing-content-item\">\n\t\t\t\t\t\t<i class=\"\"><\/i>\n\t\t\t\t\t\t<span class=\"sh-pricing-amount\">Egy\u00fctt<\/span>\n\t\t\t\t\t\t<span>64.51 m\u00b2<\/span>\n\t\t\t\t\t<\/div>\n\t\t\t\t\n\t\t\t<\/div>\n\n\t\t\t\t\t<div class=\"sh-pricing-bottom\">\n\n\t\t\t\t<a href=\"#\" class=\"sh-pricing-button sh-pricing-button-button1\">\n\t\t\t\t\t<span><\/span>\n\t\t\t\t<\/a>\n\n\t\t\t<\/div>\n\t\t\t<\/div>\n<\/div>\n            <style type=\"text\/css\">\n                #pricing-80JYwiVf7k.sh-pricing-style1 .sh-pricing-top,#pricing-80JYwiVf7k.sh-pricing-style2 .sh-pricing-top,#pricing-80JYwiVf7k.sh-pricing-style4 .sh-pricing-top,#pricing-80JYwiVf7k.sh-pricing-style1 .sh-pricing-name h2,#pricing-80JYwiVf7k.sh-pricing-style2 .sh-pricing-name h2,#pricing-80JYwiVf7k.sh-pricing-style3 .sh-pricing-name h2,#pricing-80JYwiVf7k.sh-pricing-style4 .sh-pricing-name h2 {color: #ffffff!important;}#pricing-80JYwiVf7k .sh-pricing-icon,#pricing-80JYwiVf7k {background-color: #ffffff;}#pricing-80JYwiVf7k,#pricing-80JYwiVf7k .sh-pricing-content-item,#pricing-80JYwiVf7k .sh-pricing-style3 .sh-pricing-content-item:first-child,#pricing-80JYwiVf7k .sh-pricing-style4 .sh-pricing-content-item:first-child {border-color: rgba(0,0,0,0.08)!important;}#pricing-80JYwiVf7k.sh-pricing-style1 .sh-pricing-top,#pricing-80JYwiVf7k.sh-pricing-style2 .sh-pricing-top,#pricing-80JYwiVf7k.sh-pricing-style3 .sh-pricing-name,#pricing-80JYwiVf7k .sh-pricing-button1 {background-color: #ccbca1;}#pricing-80JYwiVf7k.sh-pricing-20 .sh-pricing-name:after {border-top-color: #ccbca1;}#pricing-80JYwiVf7k .sh-pricing-button2 {color: #ccbca1;}            <\/style>\n        \n<div class=\"sh-pricing-container\">\n\t<div class=\"sh-pricing sh-pricing-style1 sh-pricing-content-center\" id=\"pricing-2aSK1ycPsD\">\n\t\t\n\t\t\t<div class=\"sh-pricing-top\">\n\t\t\t\t<div class=\"sh-table-full\">\n\t\t\t\t\t<div class=\"sh-table-cell\">\n\t\t\t\t\t\t<div class=\"sh-pricing-name\">\n\t\t\t\t\t\t\t\t\t\t\t\t\t<\/div>\n\t\t\t\t\t\t<div class=\"sh-pricing-top-aside\">\n\t\t\t\t\t\t\t\t\t\t\t\t\t\t\t\t\t\t\t\t<\/div>\n\t\t\t\t\t<\/div>\n\t\t\t\t<\/div>\n\t\t\t<\/div>\n\t\t\t<div class=\"sh-pricing-content\">\n\n\t\t\t\t\n\t\t\t\t\t\t\t\t\t<div class=\"sh-pricing-content-item\">\n\t\t\t\t\t\t<i class=\"\"><\/i>\n\t\t\t\t\t\t<span class=\"sh-pricing-amount\">\u00c1r \u00c1FA n\u00e9lk\u00fcl<\/span>\n\t\t\t\t\t\t<span>152 492,50 \u20ac<\/span>\n\t\t\t\t\t<\/div>\n\t\t\t\t\t\t\t\t\t<div class=\"sh-pricing-content-item\">\n\t\t\t\t\t\t<i class=\"\"><\/i>\n\t\t\t\t\t\t<span class=\"sh-pricing-amount\">\u00c1r \u00c1FA-val<\/span>\n\t\t\t\t\t\t<span>182 991,00 \u20ac<\/span>\n\t\t\t\t\t<\/div>\n\t\t\t\t\n\t\t\t<\/div>\n\n\t\t\t\t\t<div class=\"sh-pricing-bottom\">\n\n\t\t\t\t<a href=\"#\" class=\"sh-pricing-button sh-pricing-button-button1\">\n\t\t\t\t\t<span><\/span>\n\t\t\t\t<\/a>\n\n\t\t\t<\/div>\n\t\t\t<\/div>\n<\/div>\n            <style type=\"text\/css\">\n                #pricing-2aSK1ycPsD.sh-pricing-style1 .sh-pricing-top,#pricing-2aSK1ycPsD.sh-pricing-style2 .sh-pricing-top,#pricing-2aSK1ycPsD.sh-pricing-style4 .sh-pricing-top,#pricing-2aSK1ycPsD.sh-pricing-style1 .sh-pricing-name h2,#pricing-2aSK1ycPsD.sh-pricing-style2 .sh-pricing-name h2,#pricing-2aSK1ycPsD.sh-pricing-style3 .sh-pricing-name h2,#pricing-2aSK1ycPsD.sh-pricing-style4 .sh-pricing-name h2 {color: #ffffff!important;}#pricing-2aSK1ycPsD .sh-pricing-icon,#pricing-2aSK1ycPsD {background-color: #f8f8f8;}#pricing-2aSK1ycPsD,#pricing-2aSK1ycPsD .sh-pricing-content-item,#pricing-2aSK1ycPsD .sh-pricing-style3 .sh-pricing-content-item:first-child,#pricing-2aSK1ycPsD .sh-pricing-style4 .sh-pricing-content-item:first-child {border-color: rgba(0,0,0,0.08)!important;}#pricing-2aSK1ycPsD.sh-pricing-style1 .sh-pricing-top,#pricing-2aSK1ycPsD.sh-pricing-style2 .sh-pricing-top,#pricing-2aSK1ycPsD.sh-pricing-style3 .sh-pricing-name,#pricing-2aSK1ycPsD .sh-pricing-button1 {background-color: #ccbca1;}#pricing-2aSK1ycPsD.sh-pricing-20 .sh-pricing-name:after {border-top-color: #ccbca1;}#pricing-2aSK1ycPsD .sh-pricing-button2 {color: #ccbca1;}            <\/style>\n        \n<div class=\"sh-pricing-container\">\n\t<div class=\"sh-pricing sh-pricing-style1 sh-pricing-content-center\" id=\"pricing-rAQjgWu8DM\">\n\t\t\n\t\t\t<div class=\"sh-pricing-top\">\n\t\t\t\t<div class=\"sh-table-full\">\n\t\t\t\t\t<div class=\"sh-table-cell\">\n\t\t\t\t\t\t<div class=\"sh-pricing-name\">\n\t\t\t\t\t\t\t\t\t\t\t\t\t<\/div>\n\t\t\t\t\t\t<div class=\"sh-pricing-top-aside\">\n\t\t\t\t\t\t\t\t\t\t\t\t\t\t\t\t\t\t\t\t<\/div>\n\t\t\t\t\t<\/div>\n\t\t\t\t<\/div>\n\t\t\t<\/div>\n\t\t\t<div class=\"sh-pricing-content\">\n\n\t\t\t\t\n\t\t\t\t\t\t\t\t\t<div class=\"sh-pricing-content-item\">\n\t\t\t\t\t\t<i class=\"\"><\/i>\n\t\t\t\t\t\t<span class=\"sh-pricing-amount\">\u00c1r \u00c1FA n\u00e9lk\u00fcl<\/span>\n\t\t\t\t\t\t<span>194 620,00 \u20ac<\/span>\n\t\t\t\t\t<\/div>\n\t\t\t\t\t\t\t\t\t<div class=\"sh-pricing-content-item\">\n\t\t\t\t\t\t<i class=\"\"><\/i>\n\t\t\t\t\t\t<span class=\"sh-pricing-amount\">\u00c1r \u00c1FA-val<\/span>\n\t\t\t\t\t\t<span>233 544,00 \u20ac<\/span>\n\t\t\t\t\t<\/div>\n\t\t\t\t\n\t\t\t<\/div>\n\n\t\t\t\t\t<div class=\"sh-pricing-bottom\">\n\n\t\t\t\t<a href=\"#\" class=\"sh-pricing-button sh-pricing-button-button1\">\n\t\t\t\t\t<span><\/span>\n\t\t\t\t<\/a>\n\n\t\t\t<\/div>\n\t\t\t<\/div>\n<\/div>\n            <style type=\"text\/css\">\n                #pricing-rAQjgWu8DM.sh-pricing-style1 .sh-pricing-top,#pricing-rAQjgWu8DM.sh-pricing-style2 .sh-pricing-top,#pricing-rAQjgWu8DM.sh-pricing-style4 .sh-pricing-top,#pricing-rAQjgWu8DM.sh-pricing-style1 .sh-pricing-name h2,#pricing-rAQjgWu8DM.sh-pricing-style2 .sh-pricing-name h2,#pricing-rAQjgWu8DM.sh-pricing-style3 .sh-pricing-name h2,#pricing-rAQjgWu8DM.sh-pricing-style4 .sh-pricing-name h2 {color: #ffffff!important;}#pricing-rAQjgWu8DM .sh-pricing-icon,#pricing-rAQjgWu8DM {background-color: #f8f8f8;}#pricing-rAQjgWu8DM,#pricing-rAQjgWu8DM .sh-pricing-content-item,#pricing-rAQjgWu8DM .sh-pricing-style3 .sh-pricing-content-item:first-child,#pricing-rAQjgWu8DM .sh-pricing-style4 .sh-pricing-content-item:first-child {border-color: rgba(0,0,0,0.08)!important;}#pricing-rAQjgWu8DM.sh-pricing-style1 .sh-pricing-top,#pricing-rAQjgWu8DM.sh-pricing-style2 .sh-pricing-top,#pricing-rAQjgWu8DM.sh-pricing-style3 .sh-pricing-name,#pricing-rAQjgWu8DM .sh-pricing-button1 {background-color: #ccbca1;}#pricing-rAQjgWu8DM.sh-pricing-20 .sh-pricing-name:after {border-top-color: #ccbca1;}#pricing-rAQjgWu8DM .sh-pricing-button2 {color: #ccbca1;}            <\/style>\n        [vc_column_text el_class=&#8221;popis-parkovanie&#8221;]<a class=\"mobx\" href=\"\/wp-content\/uploads\/2020\/02\/Podlazie-prizemie.png\" data-title=\"P\u00f4dorys - Pr\u00edzemie\"><strong>Parkol\u00f3hely sz\u00e1ma 52 A F\u00d6LDSZINTEN<\/strong><\/a><br \/>\n<a class=\"mobx\" href=\"\/wp-content\/uploads\/2020\/02\/suteren-nahlad.png\" data-title=\"P\u00f4dorys - Suter\u00e9n\"><strong>Az alagsorban A204 k\u00fcls\u0151 t\u00e1rol\u00f3hely &#8211; 3,00 m2<\/strong><\/a>[\/vc_column_text][vc_column_text]<div id=\"quform-f2799c\" class=\"quform quform-4 quform-theme-light quform-position-center quform-support-page-caching\"><form id=\"quform-form-f2799c\" class=\"quform-form quform-form-4\" action=\"\/hu\/wp-json\/wp\/v2\/pages\/19197#quform-f2799c\" method=\"post\" enctype=\"multipart\/form-data\" novalidate=\"novalidate\" data-options=\"{&quot;id&quot;:4,&quot;uniqueId&quot;:&quot;f2799c&quot;,&quot;theme&quot;:&quot;light&quot;,&quot;ajax&quot;:true,&quot;logic&quot;:{&quot;logic&quot;:[],&quot;dependents&quot;:[],&quot;elementIds&quot;:[],&quot;dependentElementIds&quot;:[],&quot;animate&quot;:true},&quot;currentPageId&quot;:1,&quot;errorsIcon&quot;:&quot;&quot;,&quot;updateFancybox&quot;:true,&quot;hasPages&quot;:false,&quot;pages&quot;:[1],&quot;pageProgressType&quot;:&quot;percentage&quot;,&quot;tooltipsEnabled&quot;:true,&quot;tooltipClasses&quot;:&quot;qtip-quform-dark qtip-shadow&quot;,&quot;tooltipMy&quot;:&quot;left center&quot;,&quot;tooltipAt&quot;:&quot;right center&quot;,&quot;isRtl&quot;:false,&quot;scrollOffset&quot;:-50,&quot;scrollSpeed&quot;:800}\"><button class=\"quform-default-submit\" name=\"quform_submit\" type=\"submit\" value=\"submit\" aria-hidden=\"true\" tabindex=\"-1\"><\/button><div class=\"quform-form-inner quform-form-inner-4\"><input type=\"hidden\" name=\"quform_form_id\" value=\"4\" \/><input type=\"hidden\" name=\"quform_form_uid\" value=\"f2799c\" \/><input type=\"hidden\" name=\"quform_count\" value=\"1\" \/><input type=\"hidden\" name=\"form_url\" value=\"https:\/\/www.rezidenciahrabovo.sk\/hu\/wp-json\/wp\/v2\/pages\/19197\" \/><input type=\"hidden\" name=\"referring_url\" value=\"\" \/><input type=\"hidden\" name=\"post_id\" value=\"\" \/><input type=\"hidden\" name=\"post_title\" value=\"\" \/><input type=\"hidden\" name=\"quform_current_page_id\" value=\"1\" \/><input type=\"hidden\" name=\"quform_loaded\" value=\"1777595897|209942363147fb7e09bd5a95521e9231\" \/><input type=\"hidden\" name=\"quform_csrf_token\" value=\"HZ3tgPwoS66JoyyUOm9Vmalowb4oiYDwljh7pLkq\" \/><div class=\"quform-elements quform-elements-4 quform-cf quform-responsive-elements-phone-landscape\"><div class=\"quform-element quform-element-page quform-page-1 quform-page-4_1 quform-cf quform-group-style-plain quform-first-page quform-last-page quform-current-page\"><div class=\"quform-child-elements\"><input type=\"hidden\" name=\"quform_4_11\" value=\"a204\" \/><div class=\"quform-element quform-element-name quform-element-4_3 quform-cf quform-element-required\"><div class=\"quform-spacer\"><div class=\"quform-label quform-label-4_3\"><label class=\"quform-label-text\" id=\"quform_4_3_f2799c_label\">Kereszt\u2013 \u00e9s csal\u00e1dn\u00e9v<\/label><\/div><div class=\"quform-inner quform-inner-name quform-inner-4_3 quform-field-size-slim\"><div class=\"quform-input quform-input-name quform-input-4_3 quform-cf\"><div class=\"quform-element-row quform-1-columns quform-element-row-size-fixed quform-responsive-columns-phone-landscape\"><div class=\"quform-element-column\"><div class=\"quform-element quform-element-text quform-element-4_3_2 quform-cf quform-element-required\"><div class=\"quform-spacer\"><div class=\"quform-inner quform-inner-text quform-inner-4_3_2 quform-field-size-slim\"><div class=\"quform-input quform-input-text quform-input-4_3_2 quform-cf\"><input type=\"text\" id=\"quform_4_3_2_f2799c\" name=\"quform_4_3[2]\" class=\"quform-field quform-field-text quform-field-4_3_2\" aria-labelledby=\"quform_4_3_f2799c_label\" \/><\/div><\/div><\/div><\/div><\/div><\/div><\/div><\/div><\/div><\/div><div class=\"quform-element quform-element-textarea quform-element-4_288259 quform-sr-only quform-cf\" style=\"clip: rect(1px, 1px, 1px, 1px); clip-path: inset(50%); position: absolute !important; height: 1px; width: 1px; overflow: hidden;\"><div class=\"quform-spacer\"><div class=\"quform-label quform-label-4_288259\"><label class=\"quform-label-text\" for=\"quform_4_288259_f2799c\">Website URL<\/label><\/div><div class=\"quform-inner quform-inner-4_288259\"><textarea id=\"quform_4_288259_f2799c\" name=\"quform_4_288259\" class=\"quform-field quform-field-textarea quform-field-4_288259\" tabindex=\"-1\" autocomplete=\"new-password\"><\/textarea><\/div><\/div><\/div><div class=\"quform-element quform-element-text quform-element-4_8 quform-cf quform-element-required\"><div class=\"quform-spacer\"><div class=\"quform-label quform-label-4_8\"><label class=\"quform-label-text\" for=\"quform_4_8_f2799c\">Telefonsz\u00e1m<\/label><\/div><div class=\"quform-inner quform-inner-text quform-inner-4_8 quform-field-size-slim\"><div class=\"quform-input quform-input-text quform-input-4_8 quform-cf\"><input type=\"text\" id=\"quform_4_8_f2799c\" name=\"quform_4_8\" class=\"quform-field quform-field-text quform-field-4_8\" \/><\/div><\/div><\/div><\/div><div class=\"quform-element quform-element-email quform-element-4_9 quform-cf quform-element-optional\"><div class=\"quform-spacer\"><div class=\"quform-label quform-label-4_9\"><label class=\"quform-label-text\" for=\"quform_4_9_f2799c\">Email<\/label><\/div><div class=\"quform-inner quform-inner-email quform-inner-4_9 quform-field-size-slim\"><div class=\"quform-input quform-input-email quform-input-4_9 quform-cf\"><input type=\"email\" id=\"quform_4_9_f2799c\" name=\"quform_4_9\" class=\"quform-field quform-field-email quform-field-4_9\" \/><\/div><\/div><\/div><\/div><div class=\"quform-element quform-element-textarea quform-element-4_6 quform-cf quform-element-optional\"><div class=\"quform-spacer\"><div class=\"quform-label quform-label-4_6\"><label class=\"quform-label-text\" for=\"quform_4_6_f2799c\">Chcesz nas o co\u015b zapyta\u0107?<\/label><\/div><div class=\"quform-inner quform-inner-textarea quform-inner-4_6 quform-field-size-slim\"><div class=\"quform-input quform-input-textarea quform-input-4_6 quform-cf\"><textarea id=\"quform_4_6_f2799c\" name=\"quform_4_6\" class=\"quform-field quform-field-textarea quform-field-4_6\"><\/textarea><\/div><\/div><\/div><\/div><div class=\"quform-element quform-element-checkbox quform-element-4_7 quform-cf quform-element-required\"><div class=\"quform-spacer\"><div class=\"quform-inner quform-inner-checkbox quform-inner-4_7 quform-field-size-slim\"><div class=\"quform-input quform-input-checkbox quform-input-4_7 quform-cf\"><div class=\"quform-options quform-cf quform-options-block quform-options-simple\"><div class=\"quform-option\"><input type=\"checkbox\" name=\"quform_4_7[]\" id=\"quform_4_7_f2799c_0\" class=\"quform-field quform-field-checkbox quform-field-4_7 quform-field-4_7_0\" value=\"\" \/><label for=\"quform_4_7_f2799c_0\" class=\"quform-option-label quform-option-label-4_7_0\"><span class=\"quform-option-text\">K\u00e9rem hagyja j\u00f3v\u00e1 az \u00d6n szem\u00e9lyes adatai feldolgoz\u00e1s\u00e1t a\u00a0t\u00f6rv\u00e9ny \u00e9rtelm\u00e9ben <a href=\"https:\/\/www.zakonypreludi.sk\/zz\/2018-18\" target=\"_blank\">\u010d. 18\/2018 Z.z.<\/a><\/span><\/label><\/div><\/div><\/div><\/div><\/div><\/div><div class=\"quform-element quform-element-submit quform-element-4_2 quform-cf quform-button-style-theme quform-button-size-medium quform-button-width-full\"><div class=\"quform-button-submit quform-button-submit-default quform-button-submit-4_2\"><button name=\"quform_submit\" type=\"submit\" class=\"quform-submit\" value=\"submit\"><span class=\"quform-button-text quform-button-submit-text\">Apartman k\u00f6tetlen foglal\u00e1sa<\/span><\/button><\/div><div class=\"quform-loading quform-loading-position-right quform-loading-type-spinner-1\"><div class=\"quform-loading-inner\"><div class=\"quform-loading-spinner\"><div class=\"quform-loading-spinner-inner\"><\/div><\/div><\/div><\/div><\/div><\/div><\/div><\/div><\/div><\/form><\/div>[\/vc_column_text][\/vc_column][\/vc_row][vc_row disable_element=&#8221;yes&#8221;][vc_column][vc_raw_html css=&#8221;.vc_custom_1621146012890{margin-top: 20px !important;}&#8221; el_class=&#8221;rezervacia-apd-raw&#8221;]PGJ1dHRvbiBvbmNsaWNrPSJ3aW5kb3cubG9jYXRpb24uaHJlZj0nL3JlemVydmFjbnktZm9ybXVsYXItYXBhcnRtYW5vdnktZG9tP2FwYXJ0bWFuPWEyMDQnIiBjbGFzcz0ibWFwa2EtcmV6ZXJ2b3ZhdCI+PGEgaHJlZj0iaHR0cHM6Ly93d3cucmV6aWRlbmNpYWhyYWJvdm8uc2svaHUvZm9nbGFsYXNpLXVybGFwLWFwYXJ0bWFuaGF6Lz9hcGFydG1hbj1hMjA0Ij5Gb2dsYWxqb24gYXBhcnRtYW50IGvDtnRlbGV6ZXR0c8OpZyBuw6lsa8O8bDwvYT48L2J1dHRvbj4=[\/vc_raw_html][\/vc_column][\/vc_row]<\/p>\n","protected":false},"excerpt":{"rendered":"<p>[vc_row full_width=&#8221;stretch_row_content_no_spaces&#8221; css=&#8221;.vc_custom_1621145995321{margin-top: -31px !important;background-color: rgba(0,0,0,0.6) !important;*background-color: rgb(0,0,0) !important;}&#8221;][vc_column][vc_single_image image=&#8221;10634&#8243; img_size=&#8221;full&#8221; alignment=&#8221;center&#8221; el_class=&#8221;APD-logo&#8221;][\/vc_column][\/vc_row][vc_row full_width=&#8221;stretch_row_content_no_spaces&#8221; el_class=&#8221;APD-nadpis&#8221;][vc_column] APARTAMENT A204 [\/vc_column][\/vc_row][vc_row full_width=&#8221;stretch_row&#8221; max_width_alignment=&#8221;left&#8221; max_width=&#8221;1600&#8243;][vc_column width=&#8221;1\/2&#8243; css=&#8221;.vc_custom_1580291026449{padding-right: 55px !important;}&#8221;][vc_single_image image=&#8221;10695&#8243; img_size=&#8221;full&#8221; alignment=&#8221;center&#8221; el_class=&#8221;apd-podlazie&#8221;][vc_single_image image=&#8221;10889&#8243; img_size=&#8221;full&#8221; alignment=&#8221;center&#8221; onclick=&#8221;custom_link&#8221; css=&#8221;.vc_custom_1621145578752{margin-top: 15px !important;}&#8221; el_class=&#8221;apd-podlazie&#8221; link=&#8221;https:\/\/www.rezidenciahrabovo.sk\/apartmanovy-dom-poschodie-2\/&#8221;][\/vc_column][vc_column width=&#8221;1\/2&#8243; css=&#8221;.vc_custom_1580235070466{margin-top: 15px !important;}&#8221; el_class=&#8221;apartmanovy-dom-pricing-table&#8221;] Konyha \u00e9s&#8230;<\/p>\n","protected":false},"author":1,"featured_media":0,"parent":0,"menu_order":0,"comment_status":"closed","ping_status":"closed","template":"","meta":{"footnotes":""},"class_list":["post-19197","page","type-page","status-publish","hentry"],"_links":{"self":[{"href":"https:\/\/www.rezidenciahrabovo.sk\/hu\/wp-json\/wp\/v2\/pages\/19197","targetHints":{"allow":["GET"]}}],"collection":[{"href":"https:\/\/www.rezidenciahrabovo.sk\/hu\/wp-json\/wp\/v2\/pages"}],"about":[{"href":"https:\/\/www.rezidenciahrabovo.sk\/hu\/wp-json\/wp\/v2\/types\/page"}],"author":[{"embeddable":true,"href":"https:\/\/www.rezidenciahrabovo.sk\/hu\/wp-json\/wp\/v2\/users\/1"}],"replies":[{"embeddable":true,"href":"https:\/\/www.rezidenciahrabovo.sk\/hu\/wp-json\/wp\/v2\/comments?post=19197"}],"version-history":[{"count":2,"href":"https:\/\/www.rezidenciahrabovo.sk\/hu\/wp-json\/wp\/v2\/pages\/19197\/revisions"}],"predecessor-version":[{"id":19199,"href":"https:\/\/www.rezidenciahrabovo.sk\/hu\/wp-json\/wp\/v2\/pages\/19197\/revisions\/19199"}],"wp:attachment":[{"href":"https:\/\/www.rezidenciahrabovo.sk\/hu\/wp-json\/wp\/v2\/media?parent=19197"}],"curies":[{"name":"wp","href":"https:\/\/api.w.org\/{rel}","templated":true}]}}