{"id":16873,"date":"2021-04-06T23:04:34","date_gmt":"2021-04-06T21:04:34","guid":{"rendered":"https:\/\/www.rezidenciahrabovo.sk\/chalet-b36-2\/"},"modified":"2022-03-20T12:58:57","modified_gmt":"2022-03-20T11:58:57","slug":"chalet-b36","status":"publish","type":"page","link":"https:\/\/www.rezidenciahrabovo.sk\/hu\/chalet-b36\/","title":{"rendered":"Chalet B36"},"content":{"rendered":"<p>[vc_row full_width=&#8221;stretch_row_content&#8221; el_class=&#8221;vyber-apartmanu&#8221;][vc_column][vc_row_inner][vc_column_inner]\n\n\t<div class=\"sh-heading sh-heading-style1\" id=\"heading-aLNPr78IqU\">\n\t\t<h2 class=\"sh-heading-content nadpis-symbol size-l\">\n\t\t\t<\/span>\n<span style=\"text-align: center;\">CHALET B36<\/span>\n<span>\t\t<\/h2>\n\t<\/div>\n\n            <style type=\"text\/css\">\n                #heading-aLNPr78IqU .sh-heading-content {font-weight: 200!important;}#heading-aLNPr78IqU .sh-heading-content strong,#heading-aLNPr78IqU .sh-heading-additional-text strong {font-family: 'Montserrat'!important;}            <\/style>\n        [\/vc_column_inner][\/vc_row_inner][vc_row_inner css=&#8221;.vc_custom_1618045598065{margin-top: 50px !important;}&#8221;][vc_column_inner width=&#8221;1\/3&#8243; css=&#8221;.vc_custom_1618045640497{padding-right: 40px !important;padding-left: 80px !important;}&#8221;]\n\n\t<div class=\"sh-heading sh-heading-style1\" id=\"heading-1yAFOIYQEN\">\n\t\t<h3 class=\"sh-heading-content chalet-apartman size-m\">\n\t\t\t<\/span>\n<span style=\"text-align: center;\"><a href=\"https:\/\/www.rezidenciahrabovo.sk\/hu\/fahaz-apartmanok\/\">VISSZA A TELEKV\u00c1LASZT\u00c1SHOZ<\/a><\/span>\n<span>\t\t<\/h3>\n\t<\/div>\n\n            <style type=\"text\/css\">\n                #heading-1yAFOIYQEN {margin: 0px 0px 20px 0px;}#heading-1yAFOIYQEN .sh-heading-content {font-weight: 200!important;}#heading-1yAFOIYQEN .sh-heading-content strong,#heading-1yAFOIYQEN .sh-heading-additional-text strong {font-family: 'Montserrat'!important;}            <\/style>\n        [vc_single_image image=&#8221;12549&#8243; img_size=&#8221;full&#8221; alignment=&#8221;center&#8221; onclick=&#8221;custom_link&#8221; el_class=&#8221;apd-podlazie&#8221; link=&#8221;https:\/\/www.rezidenciahrabovo.sk\/hu\/fahaz-apartmanok\/&#8221; css=&#8221;.vc_custom_1647504318704{margin-top: 5px !important;}&#8221;][\/vc_column_inner][vc_column_inner el_class=&#8221;pricing-table-apartmany&#8221; width=&#8221;1\/3&#8243;]\n\n\t<div class=\"sh-heading sh-heading-style1\" id=\"heading-pbJZw2OYWx\">\n\t\t<h3 class=\"sh-heading-content chalet-apartman size-m\">\n\t\t\t<\/span>\n<span style=\"text-align: center;\">V\u00c1LASSZA LAK\u00c1S\u00c1T<\/span>\n<span>\t\t<\/h3>\n\t<\/div>\n\n            <style type=\"text\/css\">\n                #heading-pbJZw2OYWx .sh-heading-content {font-weight: 200!important;}#heading-pbJZw2OYWx .sh-heading-content strong,#heading-pbJZw2OYWx .sh-heading-additional-text strong {font-family: 'Montserrat'!important;}            <\/style>\n        [vc_column_text el_class=&#8221;max-width-500&#8243;]<\/p>\n<p style=\"text-align: center;\"><div id=\"mapsvg-12719\" data-id=\"12719\" class=\"mapsvg\" data-autoload=\"true\" data-load-db=\"true\" data-loading-text=\"Na\u010d\u00edtavam apartm\u00e1ny...\" style=\"width: 100%; height: 0; padding-bottom: 74.39%\"><\/div>\n<p>[\/vc_column_text][\/vc_column_inner][vc_column_inner width=&#8221;1\/3&#8243; css=&#8221;.vc_custom_1618045620025{padding-right: 80px !important;padding-left: 40px !important;}&#8221;]\n\n\t<div class=\"sh-heading sh-heading-style1\" id=\"heading-mgnISM15UT\">\n\t\t<h3 class=\"sh-heading-content chalet-apartman size-m\">\n\t\t\t<\/span>\n<span style=\"text-align: center;\">APARTMANOK &#8211; TYP B<\/span>\n<span>\t\t<\/h3>\n\t<\/div>\n\n            <style type=\"text\/css\">\n                #heading-mgnISM15UT .sh-heading-content {font-weight: 200!important;}#heading-mgnISM15UT .sh-heading-content strong,#heading-mgnISM15UT .sh-heading-additional-text strong {font-family: 'Montserrat'!important;}            <\/style>\n        [vc_column_text el_class=&#8221;max-width-500&#8243; css=&#8221;.vc_custom_1617565010862{margin-top: 25px !important;}&#8221;]\n\t\t<!-- MasterSlider -->\n\t\t<div id=\"P_MS69d00d539a86c\" class=\"master-slider-parent ms-parent-id-42\"  >\n\n\t\t\t\n\t\t\t<!-- MasterSlider Main -->\n\t\t\t<div id=\"MS69d00d539a86c\" class=\"master-slider ms-skin-default\" >\n\t\t\t\t \t\t\t\t \n\t\t\t<div id=\"3\" class=\"ms-slide masterslider\" data-delay=\"6\" data-fill-mode=\"fill\"   >\n\t\t\t\t\t<img decoding=\"async\" src=\"https:\/\/www.rezidenciahrabovo.sk\/wp-content\/plugins\/masterslider\/public\/assets\/css\/blank.gif\" alt=\"\" title=\"\" data-src=\"https:\/\/www.rezidenciahrabovo.sk\/wp-content\/uploads\/2019\/11\/VIZUALIZACIA-B-1-660x450.jpg\" \/>\n\t<a href=\"https:\/\/www.rezidenciahrabovo.sk\/wp-content\/uploads\/2019\/11\/VIZUALIZACIA-B-1.jpg\" target=\"_self\" data-rel=\"typ-a-slide\" title=\"1\" class=\"1\" id=\"1\" data-thumb=\"https:\/\/www.rezidenciahrabovo.sk\/wp-content\/uploads\/2019\/11\/VIZUALIZACIA-B-1.jpg\" ><\/a>\n\n\n\t\t\t\t<\/div>\n\t\t\t<div id=\"3\" class=\"ms-slide masterslider\" data-delay=\"6\" data-fill-mode=\"fill\"   >\n\t\t\t\t\t<img decoding=\"async\" src=\"https:\/\/www.rezidenciahrabovo.sk\/wp-content\/plugins\/masterslider\/public\/assets\/css\/blank.gif\" alt=\"\" title=\"\" data-src=\"https:\/\/www.rezidenciahrabovo.sk\/wp-content\/uploads\/2021\/04\/b1-2-660x450.jpg\" \/>\n\t<a href=\"https:\/\/www.rezidenciahrabovo.sk\/wp-content\/uploads\/2021\/04\/b1-2.jpg\" target=\"_self\" data-rel=\"typ-a-slide\" title=\"1\" class=\"1\" id=\"1\" data-thumb=\"https:\/\/www.rezidenciahrabovo.sk\/wp-content\/uploads\/2021\/04\/b1-2.jpg\" ><\/a>\n\n\n\t\t\t\t<\/div>\n\t\t\t<div id=\"3\" class=\"ms-slide masterslider\" data-delay=\"6\" data-fill-mode=\"fill\"   >\n\t\t\t\t\t<img decoding=\"async\" src=\"https:\/\/www.rezidenciahrabovo.sk\/wp-content\/plugins\/masterslider\/public\/assets\/css\/blank.gif\" alt=\"\" title=\"\" data-src=\"https:\/\/www.rezidenciahrabovo.sk\/wp-content\/uploads\/2021\/04\/b3-3-660x450.jpg\" \/>\n\t<a href=\"https:\/\/www.rezidenciahrabovo.sk\/wp-content\/uploads\/2021\/04\/b3-3.jpg\" target=\"_self\" data-rel=\"typ-a-slide\" title=\"1\" class=\"1\" id=\"1\" data-thumb=\"https:\/\/www.rezidenciahrabovo.sk\/wp-content\/uploads\/2021\/04\/b3-3.jpg\" ><\/a>\n\n\n\t\t\t\t<\/div>\n\t\t\t<div id=\"3\" class=\"ms-slide masterslider\" data-delay=\"6\" data-fill-mode=\"fill\"   >\n\t\t\t\t\t<img decoding=\"async\" src=\"https:\/\/www.rezidenciahrabovo.sk\/wp-content\/plugins\/masterslider\/public\/assets\/css\/blank.gif\" alt=\"\" title=\"\" data-src=\"https:\/\/www.rezidenciahrabovo.sk\/wp-content\/uploads\/2021\/04\/b3-7-660x450.jpg\" \/>\n\t<a href=\"https:\/\/www.rezidenciahrabovo.sk\/wp-content\/uploads\/2021\/04\/b3-7.jpg\" target=\"_self\" data-rel=\"typ-a-slide\" title=\"1\" class=\"1\" id=\"1\" data-thumb=\"https:\/\/www.rezidenciahrabovo.sk\/wp-content\/uploads\/2021\/04\/b3-7.jpg\" ><\/a>\n\n\n\t\t\t\t<\/div>\n\t\t\t<div id=\"3\" class=\"ms-slide masterslider\" data-delay=\"6\" data-fill-mode=\"fill\"   >\n\t\t\t\t\t<img decoding=\"async\" src=\"https:\/\/www.rezidenciahrabovo.sk\/wp-content\/plugins\/masterslider\/public\/assets\/css\/blank.gif\" alt=\"\" title=\"\" data-src=\"https:\/\/www.rezidenciahrabovo.sk\/wp-content\/uploads\/2021\/04\/b3-9-660x450.jpg\" \/>\n\t<a href=\"https:\/\/www.rezidenciahrabovo.sk\/wp-content\/uploads\/2021\/04\/b3-9.jpg\" target=\"_self\" data-rel=\"typ-a-slide\" title=\"1\" class=\"1\" id=\"1\" data-thumb=\"https:\/\/www.rezidenciahrabovo.sk\/wp-content\/uploads\/2021\/04\/b3-9.jpg\" ><\/a>\n\n\n\t\t\t\t<\/div>\n\n\t\t\t<\/div>\n\t\t\t<!-- END MasterSlider Main -->\n\n\t\t\t \n\t\t<\/div>\n\t\t<!-- END MasterSlider -->\n\n\t\t<script>\n\t\t( window.MSReady = window.MSReady || [] ).push( function( $ ) {\n\n\t\t\t\"use strict\";\n\t\t\tvar masterslider_a86c = new MasterSlider();\n\n\t\t\t\/\/ slider controls\n\t\t\tmasterslider_a86c.control('arrows'     ,{ autohide:false, overVideo:true  });\n\t\t\tmasterslider_a86c.control('bullets'    ,{ autohide:true, overVideo:true, dir:'h', align:'bottom', space:6 , margin:10  });\n\t\t\t\/\/ slider setup\n\t\t\tmasterslider_a86c.setup(\"MS69d00d539a86c\", {\n\t\t\t\twidth           : 660,\n\t\t\t\theight          : 450,\n\t\t\t\tminHeight       : 0,\n\t\t\t\tspace           : 0,\n\t\t\t\tstart           : 1,\n\t\t\t\tgrabCursor      : true,\n\t\t\t\tswipe           : false,\n\t\t\t\tmouse           : true,\n\t\t\t\tkeyboard        : false,\n\t\t\t\tlayout          : \"fillwidth\",\n\t\t\t\twheel           : false,\n\t\t\t\tautoplay        : true,\n                instantStartLayers:false,\n\t\t\t\tmobileBGVideo:false,\n\t\t\t\tloop            : true,\n\t\t\t\tshuffle         : false,\n\t\t\t\tpreload         : 0,\n\t\t\t\theightLimit     : true,\n\t\t\t\tautoHeight      : true,\n\t\t\t\tsmoothHeight    : true,\n\t\t\t\tendPause        : false,\n\t\t\t\toverPause       : true,\n\t\t\t\tfillMode        : \"fill\",\n\t\t\t\tcenterControls  : true,\n\t\t\t\tstartOnAppear   : false,\n\t\t\t\tlayersMode      : \"center\",\n\t\t\t\tautofillTarget  : \"\",\n\t\t\t\thideLayers      : false,\n\t\t\t\tfullscreenMargin: 0,\n\t\t\t\tspeed           : 8,\n\t\t\t\tdir             : \"h\",\n\t\t\t\tview            : \"scale\"\n\t\t\t});\n\n\t\t\t\n\t\t\twindow.masterslider_instances = window.masterslider_instances || [];\n\t\t\twindow.masterslider_instances.push( masterslider_a86c );\n\t\t});\n\t\t<\/script>\n\n[\/vc_column_text][\/vc_column_inner][\/vc_row_inner][\/vc_column][\/vc_row]<\/p>\n","protected":false},"excerpt":{"rendered":"<p>[vc_row full_width=&#8221;stretch_row_content&#8221; el_class=&#8221;vyber-apartmanu&#8221;][vc_column][vc_row_inner][vc_column_inner] CHALET B36 [\/vc_column_inner][\/vc_row_inner][vc_row_inner css=&#8221;.vc_custom_1618045598065{margin-top: 50px !important;}&#8221;][vc_column_inner width=&#8221;1\/3&#8243; css=&#8221;.vc_custom_1618045640497{padding-right: 40px !important;padding-left: 80px !important;}&#8221;] VISSZA A TELEKV\u00c1LASZT\u00c1SHOZ [vc_single_image image=&#8221;12549&#8243; img_size=&#8221;full&#8221; alignment=&#8221;center&#8221; onclick=&#8221;custom_link&#8221; el_class=&#8221;apd-podlazie&#8221; link=&#8221;https:\/\/www.rezidenciahrabovo.sk\/hu\/fahaz-apartmanok\/&#8221; css=&#8221;.vc_custom_1647504318704{margin-top: 5px !important;}&#8221;][\/vc_column_inner][vc_column_inner el_class=&#8221;pricing-table-apartmany&#8221; width=&#8221;1\/3&#8243;] V\u00c1LASSZA LAK\u00c1S\u00c1T [vc_column_text el_class=&#8221;max-width-500&#8243;] [\/vc_column_text][\/vc_column_inner][vc_column_inner width=&#8221;1\/3&#8243; css=&#8221;.vc_custom_1618045620025{padding-right: 80px !important;padding-left: 40px !important;}&#8221;] APARTMANOK &#8211; TYP B&#8230;<\/p>\n","protected":false},"author":1,"featured_media":0,"parent":0,"menu_order":0,"comment_status":"closed","ping_status":"closed","template":"","meta":{"footnotes":""},"class_list":["post-16873","page","type-page","status-publish","hentry"],"_links":{"self":[{"href":"https:\/\/www.rezidenciahrabovo.sk\/hu\/wp-json\/wp\/v2\/pages\/16873","targetHints":{"allow":["GET"]}}],"collection":[{"href":"https:\/\/www.rezidenciahrabovo.sk\/hu\/wp-json\/wp\/v2\/pages"}],"about":[{"href":"https:\/\/www.rezidenciahrabovo.sk\/hu\/wp-json\/wp\/v2\/types\/page"}],"author":[{"embeddable":true,"href":"https:\/\/www.rezidenciahrabovo.sk\/hu\/wp-json\/wp\/v2\/users\/1"}],"replies":[{"embeddable":true,"href":"https:\/\/www.rezidenciahrabovo.sk\/hu\/wp-json\/wp\/v2\/comments?post=16873"}],"version-history":[{"count":22,"href":"https:\/\/www.rezidenciahrabovo.sk\/hu\/wp-json\/wp\/v2\/pages\/16873\/revisions"}],"predecessor-version":[{"id":17975,"href":"https:\/\/www.rezidenciahrabovo.sk\/hu\/wp-json\/wp\/v2\/pages\/16873\/revisions\/17975"}],"wp:attachment":[{"href":"https:\/\/www.rezidenciahrabovo.sk\/hu\/wp-json\/wp\/v2\/media?parent=16873"}],"curies":[{"name":"wp","href":"https:\/\/api.w.org\/{rel}","templated":true}]}}