{"id":16528,"date":"2021-03-07T21:05:45","date_gmt":"2021-03-07T20:05:45","guid":{"rendered":"https:\/\/www.rezidenciahrabovo.sk\/fenykepgaleria\/kulso\/"},"modified":"2022-03-14T18:10:49","modified_gmt":"2022-03-14T17:10:49","slug":"kulso","status":"publish","type":"page","link":"https:\/\/www.rezidenciahrabovo.sk\/hu\/fenykepgaleria\/kulso\/","title":{"rendered":"K\u00dcLS\u0150"},"content":{"rendered":"<p>[vc_row css=&#8221;.vc_custom_1574246390011{margin-top: 55px !important;}&#8221;][vc_column]\n\n\t<div class=\"sh-heading sh-heading-style1\" id=\"heading-HXwJBS3aDm\">\n\t\t<h2 class=\"sh-heading-content nadpis-symbol size-default\">\n\t\t\t<\/span>\n<span style=\"text-align: left;\">FOT\u00d3GAL\u00c9RIA &#8211; K\u00dcLS\u0150<\/span>\n<span>\t\t<\/h2>\n\t<\/div>\n\n            <style type=\"text\/css\">\n                #heading-HXwJBS3aDm .sh-heading-content {font-weight: 300!important;}#heading-HXwJBS3aDm .sh-heading-content strong,#heading-HXwJBS3aDm .sh-heading-additional-text strong {font-family: 'Montserrat'!important;}            <\/style>\n        [\/vc_column][\/vc_row][vc_row css=&#8221;.vc_custom_1574246419532{margin-top: 20px !important;margin-bottom: 80px !important;}&#8221;][vc_column]<div style=\"color: red; text-align: center; font-weight: bold;\" >Gallery Factory error: The folder\/album with ID 3 was not found.<\/div>[\/vc_column][\/vc_row]<\/p>\n","protected":false},"excerpt":{"rendered":"<p>[vc_row css=&#8221;.vc_custom_1574246390011{margin-top: 55px !important;}&#8221;][vc_column] FOT\u00d3GAL\u00c9RIA &#8211; K\u00dcLS\u0150 [\/vc_column][\/vc_row][vc_row css=&#8221;.vc_custom_1574246419532{margin-top: 20px !important;margin-bottom: 80px !important;}&#8221;][vc_column]Gallery Factory error: The folder\/album with ID 3 was not found.[\/vc_column][\/vc_row]<\/p>\n","protected":false},"author":1,"featured_media":14989,"parent":16077,"menu_order":0,"comment_status":"closed","ping_status":"closed","template":"","meta":{"footnotes":""},"class_list":["post-16528","page","type-page","status-publish","has-post-thumbnail","hentry"],"_links":{"self":[{"href":"https:\/\/www.rezidenciahrabovo.sk\/hu\/wp-json\/wp\/v2\/pages\/16528","targetHints":{"allow":["GET"]}}],"collection":[{"href":"https:\/\/www.rezidenciahrabovo.sk\/hu\/wp-json\/wp\/v2\/pages"}],"about":[{"href":"https:\/\/www.rezidenciahrabovo.sk\/hu\/wp-json\/wp\/v2\/types\/page"}],"author":[{"embeddable":true,"href":"https:\/\/www.rezidenciahrabovo.sk\/hu\/wp-json\/wp\/v2\/users\/1"}],"replies":[{"embeddable":true,"href":"https:\/\/www.rezidenciahrabovo.sk\/hu\/wp-json\/wp\/v2\/comments?post=16528"}],"version-history":[{"count":2,"href":"https:\/\/www.rezidenciahrabovo.sk\/hu\/wp-json\/wp\/v2\/pages\/16528\/revisions"}],"predecessor-version":[{"id":16530,"href":"https:\/\/www.rezidenciahrabovo.sk\/hu\/wp-json\/wp\/v2\/pages\/16528\/revisions\/16530"}],"up":[{"embeddable":true,"href":"https:\/\/www.rezidenciahrabovo.sk\/hu\/wp-json\/wp\/v2\/pages\/16077"}],"wp:featuredmedia":[{"embeddable":true,"href":"https:\/\/www.rezidenciahrabovo.sk\/hu\/wp-json\/wp\/v2\/media\/14989"}],"wp:attachment":[{"href":"https:\/\/www.rezidenciahrabovo.sk\/hu\/wp-json\/wp\/v2\/media?parent=16528"}],"curies":[{"name":"wp","href":"https:\/\/api.w.org\/{rel}","templated":true}]}}