{"id":16522,"date":"2020-06-11T10:23:23","date_gmt":"2020-06-11T08:23:23","guid":{"rendered":"https:\/\/www.rezidenciahrabovo.sk\/foglalasi-urlap-fahaz-apartman-a3-b3\/"},"modified":"2022-03-14T18:01:59","modified_gmt":"2022-03-14T17:01:59","slug":"foglalasi-urlap-fahaz-apartman-a3-b3","status":"publish","type":"page","link":"https:\/\/www.rezidenciahrabovo.sk\/hu\/foglalasi-urlap-fahaz-apartman-a3-b3\/","title":{"rendered":"Foglal\u00e1si \u0171rlap &#8211; Fah\u00e1z apartman A3, B3"},"content":{"rendered":"<p>[vc_row full_width=&#8221;stretch_row&#8221; max_width_alignment=&#8221;left&#8221; css=&#8221;.vc_custom_1565786960755{margin-top: 60px !important;}&#8221; max_width=&#8221;1600&#8243;][vc_column css=&#8221;.vc_custom_1565182833752{margin-top: 20px !important;padding-right: 25px !important;}&#8221;]\n\n\t<div class=\"sh-heading sh-heading-style1\" id=\"heading-OosKHIJ4bq\">\n\t\t<h2 class=\"sh-heading-content size-l\">\n\t\t\t<\/span>\n<span style=\"text-align: center;\">FOGLAL\u00c1SI \u0170RLAP<\/span>\n<span>\t\t<\/h2>\n\t<\/div>\n\n            <style type=\"text\/css\">\n                #heading-OosKHIJ4bq {margin: 0px 0px 35px 0px;}#heading-OosKHIJ4bq .sh-heading-content {font-weight: 200!important;}#heading-OosKHIJ4bq .sh-heading-content strong,#heading-OosKHIJ4bq .sh-heading-additional-text strong {font-family: 'Montserrat'!important;}            <\/style>\n        [vc_column_text el_class=&#8221;rezervacny-formular-typ-nadpis&#8221;]<\/p>\n<p style=\"text-align: center;\"><\/p>\n<p>[\/vc_column_text][vc_column_text]<div id=\"quform-e6c973\" class=\"quform quform-7 quform-theme-light quform-position-center quform-support-page-caching\"><form id=\"quform-form-e6c973\" class=\"quform-form quform-form-7\" action=\"\/hu\/wp-json\/wp\/v2\/pages\/16522#quform-e6c973\" method=\"post\" enctype=\"multipart\/form-data\" novalidate=\"novalidate\" data-options=\"{&quot;id&quot;:7,&quot;uniqueId&quot;:&quot;e6c973&quot;,&quot;theme&quot;:&quot;light&quot;,&quot;ajax&quot;:true,&quot;logic&quot;:{&quot;logic&quot;:[],&quot;dependents&quot;:[],&quot;elementIds&quot;:[],&quot;dependentElementIds&quot;:[],&quot;animate&quot;:true},&quot;currentPageId&quot;:1,&quot;errorsIcon&quot;:&quot;&quot;,&quot;updateFancybox&quot;:true,&quot;hasPages&quot;:false,&quot;pages&quot;:[1],&quot;pageProgressType&quot;:&quot;percentage&quot;,&quot;tooltipsEnabled&quot;:true,&quot;tooltipClasses&quot;:&quot;qtip-quform-dark qtip-shadow&quot;,&quot;tooltipMy&quot;:&quot;left center&quot;,&quot;tooltipAt&quot;:&quot;right center&quot;,&quot;isRtl&quot;:false,&quot;scrollOffset&quot;:-50,&quot;scrollSpeed&quot;:800}\"><button class=\"quform-default-submit\" name=\"quform_submit\" type=\"submit\" value=\"submit\" aria-hidden=\"true\" tabindex=\"-1\"><\/button><div class=\"quform-form-inner quform-form-inner-7\"><input type=\"hidden\" name=\"quform_form_id\" value=\"7\" \/><input type=\"hidden\" name=\"quform_form_uid\" value=\"e6c973\" \/><input type=\"hidden\" name=\"quform_count\" value=\"1\" \/><input type=\"hidden\" name=\"form_url\" value=\"https:\/\/www.rezidenciahrabovo.sk\/hu\/wp-json\/wp\/v2\/pages\/16522\" \/><input type=\"hidden\" name=\"referring_url\" value=\"\" \/><input type=\"hidden\" name=\"post_id\" value=\"\" \/><input type=\"hidden\" name=\"post_title\" value=\"\" \/><input type=\"hidden\" name=\"quform_current_page_id\" value=\"1\" \/><input type=\"hidden\" name=\"quform_loaded\" value=\"1777611750|1b4ce187f5243d7e27ba790a08bb65af\" \/><input type=\"hidden\" name=\"quform_csrf_token\" value=\"pdzIwoc5618BSpj9EYH6B3BNM6LnHJXQTXmKDkLs\" \/><div class=\"quform-elements quform-elements-7 quform-cf quform-responsive-elements-phone-landscape\"><div class=\"quform-element quform-element-page quform-page-1 quform-page-7_1 quform-cf quform-group-style-plain quform-first-page quform-last-page quform-current-page\"><div class=\"quform-child-elements\"><input type=\"hidden\" name=\"quform_7_16\" value=\"\" \/><div class=\"quform-element quform-element-name quform-element-7_3 quform-cf quform-element-required\"><div class=\"quform-spacer\"><div class=\"quform-label quform-label-7_3\"><label class=\"quform-label-text\" id=\"quform_7_3_e6c973_label\">Kereszt\u2013 \u00e9s csal\u00e1dn\u00e9v<\/label><\/div><div class=\"quform-inner quform-inner-name quform-inner-7_3 quform-field-size-slim\"><div class=\"quform-input quform-input-name quform-input-7_3 quform-cf\"><div class=\"quform-element-row quform-1-columns quform-element-row-size-fixed quform-responsive-columns-phone-landscape\"><div class=\"quform-element-column\"><div class=\"quform-element quform-element-text quform-element-7_3_2 quform-cf quform-element-required\"><div class=\"quform-spacer\"><div class=\"quform-inner quform-inner-text quform-inner-7_3_2 quform-field-size-slim\"><div class=\"quform-input quform-input-text quform-input-7_3_2 quform-cf\"><input type=\"text\" id=\"quform_7_3_2_e6c973\" name=\"quform_7_3[2]\" class=\"quform-field quform-field-text quform-field-7_3_2\" aria-labelledby=\"quform_7_3_e6c973_label\" \/><\/div><\/div><\/div><\/div><\/div><\/div><\/div><\/div><\/div><\/div><div class=\"quform-element quform-element-text quform-element-7_8 quform-cf quform-element-required\"><div class=\"quform-spacer\"><div class=\"quform-label quform-label-7_8\"><label class=\"quform-label-text\" for=\"quform_7_8_e6c973\">Telefonsz\u00e1m<\/label><\/div><div class=\"quform-inner quform-inner-text quform-inner-7_8 quform-field-size-slim\"><div class=\"quform-input quform-input-text quform-input-7_8 quform-cf\"><input type=\"text\" id=\"quform_7_8_e6c973\" name=\"quform_7_8\" class=\"quform-field quform-field-text quform-field-7_8\" \/><\/div><\/div><\/div><\/div><div class=\"quform-element quform-element-textarea quform-element-7_514574 quform-sr-only quform-cf\" style=\"clip: rect(1px, 1px, 1px, 1px); clip-path: inset(50%); position: absolute !important; height: 1px; width: 1px; overflow: hidden;\"><div class=\"quform-spacer\"><div class=\"quform-label quform-label-7_514574\"><label class=\"quform-label-text\" for=\"quform_7_514574_e6c973\">Business Email<\/label><\/div><div class=\"quform-inner quform-inner-7_514574\"><textarea id=\"quform_7_514574_e6c973\" name=\"quform_7_514574\" class=\"quform-field quform-field-textarea quform-field-7_514574\" tabindex=\"-1\" autocomplete=\"new-password\"><\/textarea><\/div><\/div><\/div><div class=\"quform-element quform-element-email quform-element-7_9 quform-cf quform-element-optional\"><div class=\"quform-spacer\"><div class=\"quform-label quform-label-7_9\"><label class=\"quform-label-text\" for=\"quform_7_9_e6c973\">Email<\/label><\/div><div class=\"quform-inner quform-inner-email quform-inner-7_9 quform-field-size-slim\"><div class=\"quform-input quform-input-email quform-input-7_9 quform-cf\"><input type=\"email\" id=\"quform_7_9_e6c973\" name=\"quform_7_9\" class=\"quform-field quform-field-email quform-field-7_9\" \/><\/div><\/div><\/div><\/div><div class=\"quform-element quform-element-textarea quform-element-7_6 quform-cf quform-element-optional\"><div class=\"quform-spacer\"><div class=\"quform-label quform-label-7_6\"><label class=\"quform-label-text\" for=\"quform_7_6_e6c973\">Chcesz nas o co\u015b zapyta\u0107?<\/label><\/div><div class=\"quform-inner quform-inner-textarea quform-inner-7_6 quform-field-size-slim\"><div class=\"quform-input quform-input-textarea quform-input-7_6 quform-cf\"><textarea id=\"quform_7_6_e6c973\" name=\"quform_7_6\" class=\"quform-field quform-field-textarea quform-field-7_6\"><\/textarea><\/div><\/div><\/div><\/div><div class=\"quform-element quform-element-checkbox quform-element-7_7 quform-cf quform-element-required\"><div class=\"quform-spacer\"><div class=\"quform-inner quform-inner-checkbox quform-inner-7_7 quform-field-size-slim\"><div class=\"quform-input quform-input-checkbox quform-input-7_7 quform-cf\"><div class=\"quform-options quform-cf quform-options-block quform-options-simple\"><div class=\"quform-option\"><input type=\"checkbox\" name=\"quform_7_7[]\" id=\"quform_7_7_e6c973_0\" class=\"quform-field quform-field-checkbox quform-field-7_7 quform-field-7_7_0\" value=\"\" \/><label for=\"quform_7_7_e6c973_0\" class=\"quform-option-label quform-option-label-7_7_0\"><span class=\"quform-option-text\">K\u00e9rem hagyja j\u00f3v\u00e1 az \u00d6n szem\u00e9lyes adatai feldolgoz\u00e1s\u00e1t a\u00a0t\u00f6rv\u00e9ny \u00e9rtelm\u00e9ben <a href=\"https:\/\/www.zakonypreludi.sk\/zz\/2018-18\" target=\"_blank\">\u010d. 18\/2018 Z.z.<\/a><\/span><\/label><\/div><\/div><\/div><\/div><\/div><\/div><div class=\"quform-element quform-element-submit quform-element-7_2 quform-cf quform-button-style-theme quform-button-size-medium quform-button-width-full\"><div class=\"quform-button-submit quform-button-submit-default quform-button-submit-7_2\"><button name=\"quform_submit\" type=\"submit\" class=\"quform-submit\" value=\"submit\"><span class=\"quform-button-text quform-button-submit-text\">Apartman k\u00f6tetlen foglal\u00e1sa<\/span><\/button><\/div><div class=\"quform-loading quform-loading-position-right quform-loading-type-spinner-1\"><div class=\"quform-loading-inner\"><div class=\"quform-loading-spinner\"><div class=\"quform-loading-spinner-inner\"><\/div><\/div><\/div><\/div><\/div><\/div><\/div><\/div><\/div><\/form><\/div>[\/vc_column_text][\/vc_column][\/vc_row]<\/p>\n","protected":false},"excerpt":{"rendered":"<p>[vc_row full_width=&#8221;stretch_row&#8221; max_width_alignment=&#8221;left&#8221; css=&#8221;.vc_custom_1565786960755{margin-top: 60px !important;}&#8221; max_width=&#8221;1600&#8243;][vc_column css=&#8221;.vc_custom_1565182833752{margin-top: 20px !important;padding-right: 25px !important;}&#8221;] FOGLAL\u00c1SI \u0170RLAP [vc_column_text el_class=&#8221;rezervacny-formular-typ-nadpis&#8221;] [\/vc_column_text][vc_column_text]Kereszt\u2013 \u00e9s csal\u00e1dn\u00e9vTelefonsz\u00e1mEmailChcesz nas o co\u015b zapyta\u0107?K\u00e9rem hagyja j\u00f3v\u00e1 az \u00d6n szem\u00e9lyes adatai feldolgoz\u00e1s\u00e1t a\u00a0t\u00f6rv\u00e9ny \u00e9rtelm\u00e9ben \u010d. 18\/2018 Z.z.Contact EmailApartman k\u00f6tetlen foglal\u00e1sa[\/vc_column_text][\/vc_column][\/vc_row]<\/p>\n","protected":false},"author":1,"featured_media":0,"parent":0,"menu_order":0,"comment_status":"closed","ping_status":"closed","template":"","meta":{"footnotes":""},"class_list":["post-16522","page","type-page","status-publish","hentry"],"_links":{"self":[{"href":"https:\/\/www.rezidenciahrabovo.sk\/hu\/wp-json\/wp\/v2\/pages\/16522","targetHints":{"allow":["GET"]}}],"collection":[{"href":"https:\/\/www.rezidenciahrabovo.sk\/hu\/wp-json\/wp\/v2\/pages"}],"about":[{"href":"https:\/\/www.rezidenciahrabovo.sk\/hu\/wp-json\/wp\/v2\/types\/page"}],"author":[{"embeddable":true,"href":"https:\/\/www.rezidenciahrabovo.sk\/hu\/wp-json\/wp\/v2\/users\/1"}],"replies":[{"embeddable":true,"href":"https:\/\/www.rezidenciahrabovo.sk\/hu\/wp-json\/wp\/v2\/comments?post=16522"}],"version-history":[{"count":2,"href":"https:\/\/www.rezidenciahrabovo.sk\/hu\/wp-json\/wp\/v2\/pages\/16522\/revisions"}],"predecessor-version":[{"id":16524,"href":"https:\/\/www.rezidenciahrabovo.sk\/hu\/wp-json\/wp\/v2\/pages\/16522\/revisions\/16524"}],"wp:attachment":[{"href":"https:\/\/www.rezidenciahrabovo.sk\/hu\/wp-json\/wp\/v2\/media?parent=16522"}],"curies":[{"name":"wp","href":"https:\/\/api.w.org\/{rel}","templated":true}]}}