{"id":16477,"date":"2020-01-09T09:31:53","date_gmt":"2020-01-09T08:31:53","guid":{"rendered":"https:\/\/www.rezidenciahrabovo.sk\/figyelem\/"},"modified":"2022-03-16T13:12:28","modified_gmt":"2022-03-16T12:12:28","slug":"figyelem","status":"publish","type":"page","link":"https:\/\/www.rezidenciahrabovo.sk\/hu\/figyelem\/","title":{"rendered":"Figyelem"},"content":{"rendered":"<p>[vc_row full_width=&#8221;stretch_row&#8221; max_width_alignment=&#8221;left&#8221; css=&#8221;.vc_custom_1565786960755{margin-top: 60px !important;}&#8221; max_width=&#8221;1600&#8243;][vc_column css=&#8221;.vc_custom_1565182833752{margin-top: 20px !important;padding-right: 25px !important;}&#8221;]\n\n\t<div class=\"sh-heading sh-heading-style1\" id=\"heading-RbLWvtYeU6\">\n\t\t<h2 class=\"sh-heading-content nadpis-symbol size-l\">\n\t\t\t<\/span>\n<span style=\"text-align: left;\">FIGYELEM<\/span>\n<span>\t\t<\/h2>\n\t<\/div>\n\n            <style type=\"text\/css\">\n                #heading-RbLWvtYeU6 .sh-heading-content {font-weight: 200!important;}#heading-RbLWvtYeU6 .sh-heading-content strong,#heading-RbLWvtYeU6 .sh-heading-additional-text strong {font-family: 'Montserrat'!important;}            <\/style>\n        [vc_column_text]Az ezen az oldalon tal\u00e1lhat\u00f3 minden inform\u00e1ci\u00f3, bele\u00e9rtve a f\u00e9nyk\u00e9peket, a terveket \u00e9s a k\u00fcls\u0151 \u00e9s bels\u0151 \u00e1br\u00e1zol\u00e1sokat, a 2009\/2003. 618\/2003 Coll. a szerz\u0151i jogr\u00f3l \u00e9s szomsz\u00e9dos jogokr\u00f3l \u00e9s egy\u00e9b kapcsol\u00f3d\u00f3 jogszab\u00e1lyokr\u00f3l, \u00e9s kiz\u00e1r\u00f3lag a l\u00e1togat\u00f3 t\u00e1j\u00e9koztat\u00e1s\u00e1ra szolg\u00e1lnak. Ezen inform\u00e1ci\u00f3k tartalma \u00e9s szerkezete, bele\u00e9rtve az \u00e1rinform\u00e1ci\u00f3kat, valamint az oldalon k\u00f6zz\u00e9tett dokumentumok \u00e9s szerz\u0151d\u00e9sek tervezetei, csak t\u00e1j\u00e9koztat\u00f3 jelleg\u0171ek, jogilag nem k\u00f6telez\u0151 \u00e9rv\u00e9ny\u0171ek, nem min\u0151s\u00fclnek nyilv\u00e1nos k\u00f6telezetts\u00e9gv\u00e1llal\u00e1snak \u00e9s nem \u00e9rtelmezhet\u0151k k\u00f6telez\u0151 \u00e9rv\u00e9ny\u0171nek. \u00e9s megv\u00e1ltoztathatatlan aj\u00e1nlat a l\u00e1togat\u00f3nak. Az \u00fczemeltet\u0151, a befektet\u0151 vagy az oldalon k\u00f6zz\u00e9tett m\u00e1s szem\u00e9lyek nem k\u00f6telesek az oldalon tal\u00e1lhat\u00f3 szolg\u00e1ltat\u00e1sokat vagy term\u00e9keket ny\u00fajtani. Annak ellen\u00e9re, hogy minden, az oldalon k\u00f6z\u00f6lt inform\u00e1ci\u00f3 kell\u0151 gondoss\u00e1ggal ker\u00fclt beszerz\u00e9sre, az \u00fczemeltet\u0151, a befektet\u0151 \u00e9s az oldalon k\u00f6zz\u00e9tett egy\u00e9b szem\u00e9lyek semmilyen felel\u0151ss\u00e9get nem v\u00e1llalnak az oldalon k\u00f6zz\u00e9tett inform\u00e1ci\u00f3k id\u0151szer\u0171s\u00e9g\u00e9\u00e9rt, pontoss\u00e1g\u00e1\u00e9rt vagy helyess\u00e9g\u00e9\u00e9rt, \u00e9s fenntartj\u00e1k a joga van azt b\u00e1rmikor, el\u0151zetes \u00e9rtes\u00edt\u00e9s n\u00e9lk\u00fcl megv\u00e1ltoztatni.[\/vc_column_text][\/vc_column][\/vc_row]<\/p>\n","protected":false},"excerpt":{"rendered":"<p>[vc_row full_width=&#8221;stretch_row&#8221; max_width_alignment=&#8221;left&#8221; css=&#8221;.vc_custom_1565786960755{margin-top: 60px !important;}&#8221; max_width=&#8221;1600&#8243;][vc_column css=&#8221;.vc_custom_1565182833752{margin-top: 20px !important;padding-right: 25px !important;}&#8221;] FIGYELEM [vc_column_text]Az ezen az oldalon tal\u00e1lhat\u00f3 minden inform\u00e1ci\u00f3, bele\u00e9rtve a f\u00e9nyk\u00e9peket, a terveket \u00e9s a k\u00fcls\u0151 \u00e9s bels\u0151 \u00e1br\u00e1zol\u00e1sokat, a 2009\/2003. 618\/2003 Coll. a szerz\u0151i jogr\u00f3l \u00e9s szomsz\u00e9dos jogokr\u00f3l \u00e9s egy\u00e9b kapcsol\u00f3d\u00f3 jogszab\u00e1lyokr\u00f3l,&#8230;<\/p>\n","protected":false},"author":1,"featured_media":0,"parent":0,"menu_order":0,"comment_status":"closed","ping_status":"closed","template":"","meta":{"footnotes":""},"class_list":["post-16477","page","type-page","status-publish","hentry"],"_links":{"self":[{"href":"https:\/\/www.rezidenciahrabovo.sk\/hu\/wp-json\/wp\/v2\/pages\/16477","targetHints":{"allow":["GET"]}}],"collection":[{"href":"https:\/\/www.rezidenciahrabovo.sk\/hu\/wp-json\/wp\/v2\/pages"}],"about":[{"href":"https:\/\/www.rezidenciahrabovo.sk\/hu\/wp-json\/wp\/v2\/types\/page"}],"author":[{"embeddable":true,"href":"https:\/\/www.rezidenciahrabovo.sk\/hu\/wp-json\/wp\/v2\/users\/1"}],"replies":[{"embeddable":true,"href":"https:\/\/www.rezidenciahrabovo.sk\/hu\/wp-json\/wp\/v2\/comments?post=16477"}],"version-history":[{"count":5,"href":"https:\/\/www.rezidenciahrabovo.sk\/hu\/wp-json\/wp\/v2\/pages\/16477\/revisions"}],"predecessor-version":[{"id":17055,"href":"https:\/\/www.rezidenciahrabovo.sk\/hu\/wp-json\/wp\/v2\/pages\/16477\/revisions\/17055"}],"wp:attachment":[{"href":"https:\/\/www.rezidenciahrabovo.sk\/hu\/wp-json\/wp\/v2\/media?parent=16477"}],"curies":[{"name":"wp","href":"https:\/\/api.w.org\/{rel}","templated":true}]}}