{"id":16474,"date":"2019-03-30T15:34:39","date_gmt":"2019-03-30T14:34:39","guid":{"rendered":"https:\/\/www.rezidenciahrabovo.sk\/wellness-2\/"},"modified":"2022-03-14T16:11:55","modified_gmt":"2022-03-14T15:11:55","slug":"wellness-2","status":"publish","type":"page","link":"https:\/\/www.rezidenciahrabovo.sk\/hu\/wellness-2\/","title":{"rendered":"Wellness"},"content":{"rendered":"<p>[vc_row full_width=&#8221;stretch_row&#8221; max_width_alignment=&#8221;left&#8221; css=&#8221;.vc_custom_1565786960755{margin-top: 60px !important;}&#8221; max_width=&#8221;1600&#8243;][vc_column width=&#8221;1\/2&#8243; css=&#8221;.vc_custom_1565182833752{margin-top: 20px !important;padding-right: 25px !important;}&#8221;]\n\n\t<div class=\"sh-heading sh-heading-style1\" id=\"heading-tHbcI83yTX\">\n\t\t<h2 class=\"sh-heading-content nadpis-symbol size-l\">\n\t\t\t<\/span>\n<span style=\"text-align: left;\">WELLNESS<\/span>\n<span>\t\t<\/h2>\n\t<\/div>\n\n            <style type=\"text\/css\">\n                #heading-tHbcI83yTX .sh-heading-content {font-weight: 200!important;}#heading-tHbcI83yTX .sh-heading-content strong,#heading-tHbcI83yTX .sh-heading-additional-text strong {font-family: 'Montserrat'!important;}            <\/style>\n        [vc_column_text]Szeretn\u00e9nk adni egy pillanatot csak magunknak. Az er\u0151, az energia \u00e9s a sz\u00e9ps\u00e9g felt\u00f6lt\u0151d\u00e9se az \u00e9lm\u00e9nyszer\u0171 SKY wellness c\u00e9lja, mellyel \u00d6n\u00f6knek k\u00e9sz\u00fcl\u00fcnk, ahol csak \u00fagy telik az id\u0151.[\/vc_column_text][vc_column_text el_class=&#8221;text-druhy&#8221;]Hihetetlen\u00fcl sok \u00f6tlet\u00fcnk van arra vonatkoz\u00f3an, hogyan tehetj\u00fck kellemesebb\u00e9 a pihen\u00e9s \u00e9s kikapcsol\u00f3d\u00e1s minden pillanat\u00e1t egy olyan t\u00e9rben, amely megsokszorozza \u00e9rzelmeit Hrabovsk\u00e1 dolina-i tart\u00f3zkod\u00e1sa sor\u00e1n. \u00c1ll\u00edt\u00e1saink bizony\u00edt\u00e9ka lesz a SKY wellness az apartmanh\u00e1z tetej\u00e9n.[\/vc_column_text][\/vc_column][vc_column width=&#8221;1\/2&#8243; css=&#8221;.vc_custom_1565182856719{margin-top: 15px !important;}&#8221;][vc_single_image image=&#8221;9890&#8243; img_size=&#8221;full&#8221; alignment=&#8221;center&#8221;][\/vc_column][\/vc_row][vc_row css=&#8221;.vc_custom_1565786974117{margin-bottom: 45px !important;}&#8221;][vc_column][vc_btn title=&#8221;F\u00c9NYK\u00c9PGAL\u00c9RIA&#8221; shape=&#8221;square&#8221; align=&#8221;center&#8221; button_block=&#8221;true&#8221; el_class=&#8221;button-prehliadka&#8221; css=&#8221;.vc_custom_1578668612210{margin-top: 40px !important;}&#8221; link=&#8221;url:https%3A%2F%2Fwww.rezidenciahrabovo.sk%2Fhu%2Ffenykepgaleria%2F|title:F%C3%A9nyk%C3%A9pgal%C3%A9ria|&#8221;][\/vc_column][\/vc_row]<\/p>\n","protected":false},"excerpt":{"rendered":"<p>[vc_row full_width=&#8221;stretch_row&#8221; max_width_alignment=&#8221;left&#8221; css=&#8221;.vc_custom_1565786960755{margin-top: 60px !important;}&#8221; max_width=&#8221;1600&#8243;][vc_column width=&#8221;1\/2&#8243; css=&#8221;.vc_custom_1565182833752{margin-top: 20px !important;padding-right: 25px !important;}&#8221;] WELLNESS [vc_column_text]Szeretn\u00e9nk adni egy pillanatot csak magunknak. Az er\u0151, az energia \u00e9s a sz\u00e9ps\u00e9g felt\u00f6lt\u0151d\u00e9se az \u00e9lm\u00e9nyszer\u0171 SKY wellness c\u00e9lja, mellyel \u00d6n\u00f6knek k\u00e9sz\u00fcl\u00fcnk, ahol csak \u00fagy telik az id\u0151.[\/vc_column_text][vc_column_text el_class=&#8221;text-druhy&#8221;]Hihetetlen\u00fcl sok \u00f6tlet\u00fcnk&#8230;<\/p>\n","protected":false},"author":1,"featured_media":0,"parent":0,"menu_order":0,"comment_status":"closed","ping_status":"closed","template":"","meta":{"footnotes":""},"class_list":["post-16474","page","type-page","status-publish","hentry"],"_links":{"self":[{"href":"https:\/\/www.rezidenciahrabovo.sk\/hu\/wp-json\/wp\/v2\/pages\/16474","targetHints":{"allow":["GET"]}}],"collection":[{"href":"https:\/\/www.rezidenciahrabovo.sk\/hu\/wp-json\/wp\/v2\/pages"}],"about":[{"href":"https:\/\/www.rezidenciahrabovo.sk\/hu\/wp-json\/wp\/v2\/types\/page"}],"author":[{"embeddable":true,"href":"https:\/\/www.rezidenciahrabovo.sk\/hu\/wp-json\/wp\/v2\/users\/1"}],"replies":[{"embeddable":true,"href":"https:\/\/www.rezidenciahrabovo.sk\/hu\/wp-json\/wp\/v2\/comments?post=16474"}],"version-history":[{"count":2,"href":"https:\/\/www.rezidenciahrabovo.sk\/hu\/wp-json\/wp\/v2\/pages\/16474\/revisions"}],"predecessor-version":[{"id":16476,"href":"https:\/\/www.rezidenciahrabovo.sk\/hu\/wp-json\/wp\/v2\/pages\/16474\/revisions\/16476"}],"wp:attachment":[{"href":"https:\/\/www.rezidenciahrabovo.sk\/hu\/wp-json\/wp\/v2\/media?parent=16474"}],"curies":[{"name":"wp","href":"https:\/\/api.w.org\/{rel}","templated":true}]}}