{"id":16368,"date":"2019-02-27T16:13:38","date_gmt":"2019-02-27T15:13:38","guid":{"rendered":"https:\/\/www.rezidenciahrabovo.sk\/profit-a-befektetesbol\/"},"modified":"2022-03-11T11:03:13","modified_gmt":"2022-03-11T10:03:13","slug":"profit-a-befektetesbol","status":"publish","type":"page","link":"https:\/\/www.rezidenciahrabovo.sk\/hu\/profit-a-befektetesbol\/","title":{"rendered":"Profit a befektet\u00e9sb\u0151l"},"content":{"rendered":"<p>[vc_row full_width=&#8221;stretch_row&#8221; max_width_alignment=&#8221;left&#8221; css=&#8221;.vc_custom_1551279043059{margin-top: 60px !important;margin-bottom: 45px !important;}&#8221; max_width=&#8221;1600&#8243;][vc_column width=&#8221;1\/2&#8243; css=&#8221;.vc_custom_1551279036461{margin-top: 10px !important;}&#8221;]\n\n\t<div class=\"sh-heading sh-heading-style1\" id=\"heading-Wh72BxfitY\">\n\t\t<h2 class=\"sh-heading-content nadpis-symbol size-l\">\n\t\t\t<\/span>\n<span style=\"text-align: left;\">\u00c9LVEZZE A B\u00c9RLETI BEV\u00c9TELT<\/span>\n<span>\t\t<\/h2>\n\t<\/div>\n\n            <style type=\"text\/css\">\n                #heading-Wh72BxfitY .sh-heading-content {font-weight: 200!important;}#heading-Wh72BxfitY .sh-heading-content strong,#heading-Wh72BxfitY .sh-heading-additional-text strong {font-family: 'Montserrat'!important;}            <\/style>\n        [vc_column_text]<\/p>\n<p>Ha ingatlanja b\u00e9rbead\u00e1sa ir\u00e1nt \u00e9rdekl\u0151dik, a vev\u0151nek 2 m\u00f3dja van h\u00e1za haszn\u00e1lat\u00e1ra:<\/p>\n<p>[\/vc_column_text][vc_column_text]<\/p>\n<p><strong>1. Opci\u00f3<\/strong><\/p>\n<p>A h\u00e1z tulajdonosa biztos\u00edtja a lakhat\u00e1st \u00e9s a h\u00e1zat korl\u00e1toz\u00e1s n\u00e9lk\u00fcl haszn\u00e1lja.<\/p>\n<p>[\/vc_column_text][vc_column_text]<\/p>\n<p><strong>2. Opci\u00f3<\/strong><\/p>\n<p>\u00c9rdekl\u0151d\u00e9s eset\u00e9n lehet\u0151s\u00e9get biztos\u00edtunk a tulajdonosoknak ingatlanuk igazgat\u00e1sunkban t\u00f6rt\u00e9n\u0151 hasznos\u00edt\u00e1s\u00e1ra, el\u0151re egyeztetett szerz\u0151d\u00e9ses felt\u00e9telek szerint.<\/p>\n<p>[\/vc_column_text][\/vc_column][vc_column width=&#8221;1\/2&#8243;][vc_single_image image=&#8221;9048&#8243; img_size=&#8221;full&#8221; alignment=&#8221;center&#8221;][\/vc_column][\/vc_row]<\/p>\n","protected":false},"excerpt":{"rendered":"<p>[vc_row full_width=&#8221;stretch_row&#8221; max_width_alignment=&#8221;left&#8221; css=&#8221;.vc_custom_1551279043059{margin-top: 60px !important;margin-bottom: 45px !important;}&#8221; max_width=&#8221;1600&#8243;][vc_column width=&#8221;1\/2&#8243; css=&#8221;.vc_custom_1551279036461{margin-top: 10px !important;}&#8221;] \u00c9LVEZZE A B\u00c9RLETI BEV\u00c9TELT [vc_column_text] Ha ingatlanja b\u00e9rbead\u00e1sa ir\u00e1nt \u00e9rdekl\u0151dik, a vev\u0151nek 2 m\u00f3dja van h\u00e1za haszn\u00e1lat\u00e1ra: [\/vc_column_text][vc_column_text] 1. Opci\u00f3 A h\u00e1z tulajdonosa biztos\u00edtja a lakhat\u00e1st \u00e9s a h\u00e1zat korl\u00e1toz\u00e1s n\u00e9lk\u00fcl haszn\u00e1lja&#8230;.<\/p>\n","protected":false},"author":1,"featured_media":0,"parent":0,"menu_order":0,"comment_status":"closed","ping_status":"closed","template":"","meta":{"footnotes":""},"class_list":["post-16368","page","type-page","status-publish","hentry"],"_links":{"self":[{"href":"https:\/\/www.rezidenciahrabovo.sk\/hu\/wp-json\/wp\/v2\/pages\/16368","targetHints":{"allow":["GET"]}}],"collection":[{"href":"https:\/\/www.rezidenciahrabovo.sk\/hu\/wp-json\/wp\/v2\/pages"}],"about":[{"href":"https:\/\/www.rezidenciahrabovo.sk\/hu\/wp-json\/wp\/v2\/types\/page"}],"author":[{"embeddable":true,"href":"https:\/\/www.rezidenciahrabovo.sk\/hu\/wp-json\/wp\/v2\/users\/1"}],"replies":[{"embeddable":true,"href":"https:\/\/www.rezidenciahrabovo.sk\/hu\/wp-json\/wp\/v2\/comments?post=16368"}],"version-history":[{"count":2,"href":"https:\/\/www.rezidenciahrabovo.sk\/hu\/wp-json\/wp\/v2\/pages\/16368\/revisions"}],"predecessor-version":[{"id":16370,"href":"https:\/\/www.rezidenciahrabovo.sk\/hu\/wp-json\/wp\/v2\/pages\/16368\/revisions\/16370"}],"wp:attachment":[{"href":"https:\/\/www.rezidenciahrabovo.sk\/hu\/wp-json\/wp\/v2\/media?parent=16368"}],"curies":[{"name":"wp","href":"https:\/\/api.w.org\/{rel}","templated":true}]}}