{"id":16059,"date":"2021-03-07T22:09:48","date_gmt":"2021-03-07T21:09:48","guid":{"rendered":"https:\/\/www.rezidenciahrabovo.sk\/kiveteles-kornyezet\/"},"modified":"2022-03-16T12:26:58","modified_gmt":"2022-03-16T11:26:58","slug":"kiveteles-kornyezet","status":"publish","type":"page","link":"https:\/\/www.rezidenciahrabovo.sk\/hu\/kiveteles-kornyezet\/","title":{"rendered":"Elhelyezked\u00e9s"},"content":{"rendered":"<p>[vc_row full_width=&#8221;stretch_row&#8221; css=&#8221;.vc_custom_1617226805509{margin-top: -31px !important;background-color: #031323 !important;}&#8221;][vc_column][vc_column_text]<a class=\"mobx\" href=\"https:\/\/www.rezidenciahrabovo.sk\/wp-content\/uploads\/2021\/03\/lokalita-mapka.jpg\"><img loading=\"lazy\" decoding=\"async\" class=\"aligncenter wp-image-11704 size-full\" src=\"https:\/\/www.rezidenciahrabovo.sk\/wp-content\/uploads\/2021\/04\/lokalita-mapka-bez-loga.jpg\" alt=\"\" width=\"2048\" height=\"1360\" \/><\/a><br \/>\n[\/vc_column_text][\/vc_column][\/vc_row][vc_row full_width=&#8221;stretch_row&#8221; max_width_alignment=&#8221;left&#8221; css=&#8221;.vc_custom_1615151864142{margin-top: 10px !important;margin-bottom: 45px !important;}&#8221; max_width=&#8221;1600&#8243;][vc_column width=&#8221;1\/2&#8243; css=&#8221;.vc_custom_1565183342138{margin-top: 10px !important;padding-right: 25px !important;}&#8221;]\n\n\t<div class=\"sh-heading sh-heading-style1\" id=\"heading-ZFszUhTW94\">\n\t\t<h2 class=\"sh-heading-content size-default\">\n\t\t\t<\/span>\n<span style=\"text-align: left;\">KIV\u00c9TELES K\u00d6RNYEZET<\/span>\n<span>\t\t<\/h2>\n\t<\/div>\n\n            <style type=\"text\/css\">\n                #heading-ZFszUhTW94 .sh-heading-content {font-weight: 700!important;}#heading-ZFszUhTW94 .sh-heading-content strong,#heading-ZFszUhTW94 .sh-heading-additional-text strong {font-family: 'Montserrat'!important;}            <\/style>\n        [vc_column_text]A rezidenci\u00f3 elhelyez\u00e9se egyenesen a s\u00edp\u00e1lya als\u00f3 r\u00e9sz\u00e9n lehet\u0151v\u00e9 teszi a tulajdonosoknak hogy s\u00edl\u00e9cen eg\u00e9szen a chalet bej\u00e1rat\u00e1ig jussanak (SKI in \u2013 SKI out).[\/vc_column_text][vc_column_text el_class=&#8221;text-druhy&#8221;]A Malin\u00f4 Brdo s\u00edk\u00f6zpont a t\u00e9li h\u00f3napok folyam\u00e1n a s\u00edel\u00e9sen k\u00edv\u00fcl snowboard parkot, skialpinista \u00e9s s\u00edfut\u00f3 p\u00e1ly\u00e1kat k\u00edn\u00e1l fel. A ny\u00e1ri szezonban turista \u00fatvonalak , ker\u00e9kp\u00e1r utak , ker\u00e9kp\u00e1r, roller \u00e9s tricikli k\u00f6lcs\u00f6nz\u0151, sikl\u00f3 ker\u00e9kparoz\u00e1sra megfelel\u0151 downhill park, tov\u00e1bb\u00e1 f\u00fcrd\u00e9s \u00e9s cs\u00f3nak\u00e1z\u00e1s lehet\u0151s\u00e9g\u00e9t k\u00edn\u00e1lja. F\u00f6ldi paradicsom a turist\u00e1k \u00e9s a sportol\u00f3k sz\u00e1m\u00e1ra egyar\u00e1nt. Malin\u00f4 Brdo a Nagy F\u00e1tra hegygerinc r\u00e9sze amelyen \u00e1t a turizmus rajong\u00f3i eljuthatnak eg\u00e9szen a Smrekovica \u00e9s Kr\u00ed\u017en\u00e1 \u2013 ra.[\/vc_column_text][\/vc_column][vc_column width=&#8221;1\/2&#8243; css=&#8221;.vc_custom_1565183362564{margin-top: 15px !important;}&#8221;][rev_slider_vc alias=&#8221;lokalita&#8221;][\/vc_column][\/vc_row][vc_row][vc_column][vc_empty_space height=&#8221;40px&#8221;]\n\n\t<div class=\"sh-heading sh-heading-style1\" id=\"heading-yuicW1DpB9\">\n\t\t<h2 class=\"sh-heading-content size-l\">\n\t\t\t<\/span>\n<span style=\"text-align: center;\">\u00dcD\u00dcLJ\u00d6N LIPT\u00d3N<\/span>\n<span>\t\t<\/h2>\n\t<\/div>\n\n            <style type=\"text\/css\">\n                #heading-yuicW1DpB9 .sh-heading-content {font-weight: 200!important;}#heading-yuicW1DpB9 .sh-heading-content strong,#heading-yuicW1DpB9 .sh-heading-additional-text strong {font-family: 'Montserrat'!important;}            <\/style>\n        [vc_empty_space height=&#8221;40px&#8221;][vc_row_inner][vc_column_inner width=&#8221;1\/3&#8243;][vc_btn title=&#8221;Turisztika Lipt\u00f3ban&#8221; shape=&#8221;square&#8221; align=&#8221;center&#8221; button_block=&#8221;true&#8221; link=&#8221;url:https%3A%2F%2Fwww.visitliptov.sk%2Fzazitky%2Fturistika%2F|target:%20_blank|&#8221; el_class=&#8221;button-prehliadka&#8221; css=&#8221;.vc_custom_1615568817930{margin-top: 20px !important;}&#8221;][\/vc_column_inner][vc_column_inner width=&#8221;1\/3&#8243;][vc_btn title=&#8221;Ker\u00e9kp\u00e1rutak Lipt\u00f3ban&#8221; shape=&#8221;square&#8221; align=&#8221;center&#8221; button_block=&#8221;true&#8221; link=&#8221;url:https%3A%2F%2Fwww.visitliptov.sk%2Fzazitky%2Fcyklistika%2F|target:%20_blank|&#8221; el_class=&#8221;button-prehliadka&#8221; css=&#8221;.vc_custom_1615568827679{margin-top: 20px !important;}&#8221;][\/vc_column_inner][vc_column_inner width=&#8221;1\/3&#8243;][vc_btn title=&#8221;Rendezv\u00e9nyek Lipt\u00f3ban&#8221; shape=&#8221;square&#8221; align=&#8221;center&#8221; button_block=&#8221;true&#8221; link=&#8221;url:https%3A%2F%2Fwww.visitliptov.sk%2Fzazitky%2Fpodujatia%2F|target:%20_blank|&#8221; el_class=&#8221;button-prehliadka&#8221; css=&#8221;.vc_custom_1615568836749{margin-top: 20px !important;}&#8221;][\/vc_column_inner][\/vc_row_inner][\/vc_column][\/vc_row][vc_row][vc_column][vc_empty_space height=&#8221;80px&#8221;][\/vc_column][\/vc_row][vc_row full_width=&#8221;stretch_row_content&#8221; css=&#8221;.vc_custom_1615152217443{padding-bottom: 50px !important;}&#8221;][vc_column][vc_row_inner][vc_column_inner width=&#8221;1\/5&#8243;][vc_single_image image=&#8221;11760&#8243; img_size=&#8221;full&#8221; alignment=&#8221;center&#8221;]\n\n\t<div class=\"sh-heading sh-heading-style1\" id=\"heading-KWEt402SZJ\">\n\t\t<h3 class=\"sh-heading-content size-m\">\n\t\t\t<\/span>\n<span style=\"text-align: center;\">Thermal park Be\u0161e\u0148ov\u00e1<\/span>\n<span>\t\t<\/h3>\n\t<\/div>\n\n            <style type=\"text\/css\">\n                #heading-KWEt402SZJ .sh-heading-content {font-weight: 200!important;color: #998e70;}#heading-KWEt402SZJ .sh-heading-content strong,#heading-KWEt402SZJ .sh-heading-additional-text strong {font-family: 'Montserrat'!important;}            <\/style>\n        [vc_column_text]<\/p>\n<p style=\"text-align: center;\">15 perc aut\u00f3val<\/p>\n<p>[\/vc_column_text][\/vc_column_inner][vc_column_inner width=&#8221;1\/5&#8243;][vc_single_image image=&#8221;11761&#8243; img_size=&#8221;full&#8221; alignment=&#8221;center&#8221;]\n\n\t<div class=\"sh-heading sh-heading-style1\" id=\"heading-swplSTy1Oi\">\n\t\t<h3 class=\"sh-heading-content size-m\">\n\t\t\t<\/span>\n<span style=\"text-align: center;\">\u010cutkovsk\u00e1 Dolina<\/span>\n<span>\t\t<\/h3>\n\t<\/div>\n\n            <style type=\"text\/css\">\n                #heading-swplSTy1Oi .sh-heading-content {font-weight: 200!important;color: #998e70;}#heading-swplSTy1Oi .sh-heading-content strong,#heading-swplSTy1Oi .sh-heading-additional-text strong {font-family: 'Montserrat'!important;}            <\/style>\n        [vc_column_text]<\/p>\n<p style=\"text-align: center;\">15 perc s\u00e9t\u00e1ra<\/p>\n<p>[\/vc_column_text][\/vc_column_inner][vc_column_inner width=&#8221;1\/5&#8243;][vc_single_image image=&#8221;11762&#8243; img_size=&#8221;full&#8221; alignment=&#8221;center&#8221;]\n\n\t<div class=\"sh-heading sh-heading-style1\" id=\"heading-7G9zXdE8lv\">\n\t\t<h3 class=\"sh-heading-content size-m\">\n\t\t\t<\/span>\n<span style=\"text-align: center;\">Dem\u00e4novsk\u00e1 jasky\u0148a slobody<\/span>\n<span>\t\t<\/h3>\n\t<\/div>\n\n            <style type=\"text\/css\">\n                #heading-7G9zXdE8lv .sh-heading-content {font-weight: 200!important;color: #998e70;}#heading-7G9zXdE8lv .sh-heading-content strong,#heading-7G9zXdE8lv .sh-heading-additional-text strong {font-family: 'Montserrat'!important;}            <\/style>\n        [vc_column_text]<\/p>\n<p style=\"text-align: center;\">35 perc aut\u00f3val<\/p>\n<p>[\/vc_column_text][\/vc_column_inner][vc_column_inner width=&#8221;1\/5&#8243;][vc_single_image image=&#8221;11763&#8243; img_size=&#8221;full&#8221; alignment=&#8221;center&#8221;]\n\n\t<div class=\"sh-heading sh-heading-style1\" id=\"heading-HzsoXIb5hD\">\n\t\t<h3 class=\"sh-heading-content size-m\">\n\t\t\t<\/span>\n<span style=\"text-align: center;\">Park Snow Donovaly<\/span>\n<span>\t\t<\/h3>\n\t<\/div>\n\n            <style type=\"text\/css\">\n                #heading-HzsoXIb5hD .sh-heading-content {font-weight: 200!important;color: #998e70;}#heading-HzsoXIb5hD .sh-heading-content strong,#heading-HzsoXIb5hD .sh-heading-additional-text strong {font-family: 'Montserrat'!important;}            <\/style>\n        [vc_column_text]<\/p>\n<p style=\"text-align: center;\">35 perc aut\u00f3val<\/p>\n<p>[\/vc_column_text][\/vc_column_inner][vc_column_inner width=&#8221;1\/5&#8243;][vc_single_image image=&#8221;11764&#8243; img_size=&#8221;full&#8221; alignment=&#8221;center&#8221;]\n\n\t<div class=\"sh-heading sh-heading-style1\" id=\"heading-xjvwHmN42E\">\n\t\t<h3 class=\"sh-heading-content size-m\">\n\t\t\t<\/span>\n<span style=\"text-align: center;\">Gothal Liptovsk\u00e1 Osada<\/span>\n<span>\t\t<\/h3>\n\t<\/div>\n\n            <style type=\"text\/css\">\n                #heading-xjvwHmN42E .sh-heading-content {font-weight: 200!important;color: #998e70;}#heading-xjvwHmN42E .sh-heading-content strong,#heading-xjvwHmN42E .sh-heading-additional-text strong {font-family: 'Montserrat'!important;}            <\/style>\n        [vc_column_text]<\/p>\n<p style=\"text-align: center;\">20 perc aut\u00f3val<\/p>\n<p>[\/vc_column_text][\/vc_column_inner][\/vc_row_inner][vc_row_inner][vc_column_inner width=&#8221;1\/5&#8243;][vc_single_image image=&#8221;11765&#8243; img_size=&#8221;full&#8221; alignment=&#8221;center&#8221;]\n\n\t<div class=\"sh-heading sh-heading-style1\" id=\"heading-cbwoApr6DU\">\n\t\t<h3 class=\"sh-heading-content size-m\">\n\t\t\t<\/span>\n<span style=\"text-align: center;\">Ly\u017eiarske stredisko Jasn\u00e1<br \/>\nAlacsony-T\u00e1tra<\/span>\n<span>\t\t<\/h3>\n\t<\/div>\n\n            <style type=\"text\/css\">\n                #heading-cbwoApr6DU .sh-heading-content {font-weight: 200!important;color: #998e70;}#heading-cbwoApr6DU .sh-heading-content strong,#heading-cbwoApr6DU .sh-heading-additional-text strong {font-family: 'Montserrat'!important;}            <\/style>\n        [vc_column_text]<\/p>\n<p style=\"text-align: center;\">40 perc aut\u00f3val<\/p>\n<p>[\/vc_column_text][\/vc_column_inner][vc_column_inner width=&#8221;1\/5&#8243;][vc_single_image image=&#8221;11766&#8243; img_size=&#8221;full&#8221; alignment=&#8221;center&#8221;]\n\n\t<div class=\"sh-heading sh-heading-style1\" id=\"heading-LhaNbjGvg4\">\n\t\t<h3 class=\"sh-heading-content size-m\">\n\t\t\t<\/span>\n<span style=\"text-align: center;\">Ski Park Kub\u00ednska Ho\u013ea<\/span>\n<span>\t\t<\/h3>\n\t<\/div>\n\n            <style type=\"text\/css\">\n                #heading-LhaNbjGvg4 .sh-heading-content {font-weight: 200!important;color: #998e70;}#heading-LhaNbjGvg4 .sh-heading-content strong,#heading-LhaNbjGvg4 .sh-heading-additional-text strong {font-family: 'Montserrat'!important;}            <\/style>\n        [vc_column_text]<\/p>\n<p style=\"text-align: center;\">25 perc aut\u00f3val<\/p>\n<p>[\/vc_column_text][\/vc_column_inner][vc_column_inner width=&#8221;1\/5&#8243;][vc_single_image image=&#8221;11767&#8243; img_size=&#8221;full&#8221; alignment=&#8221;center&#8221;]\n\n\t<div class=\"sh-heading sh-heading-style1\" id=\"heading-NsPkXyfjVb\">\n\t\t<h3 class=\"sh-heading-content size-m\">\n\t\t\t<\/span>\n<span style=\"text-align: center;\">K\u00fapele L\u00fa\u010dky<\/span>\n<span>\t\t<\/h3>\n\t<\/div>\n\n            <style type=\"text\/css\">\n                #heading-NsPkXyfjVb .sh-heading-content {font-weight: 200!important;color: #998e70;}#heading-NsPkXyfjVb .sh-heading-content strong,#heading-NsPkXyfjVb .sh-heading-additional-text strong {font-family: 'Montserrat'!important;}            <\/style>\n        [vc_column_text]<\/p>\n<p style=\"text-align: center;\">20 perc aut\u00f3val<\/p>\n<p>[\/vc_column_text][\/vc_column_inner][vc_column_inner width=&#8221;1\/5&#8243;][vc_single_image image=&#8221;11768&#8243; img_size=&#8221;full&#8221; alignment=&#8221;center&#8221;]\n\n\t<div class=\"sh-heading sh-heading-style1\" id=\"heading-BM5JrhknYj\">\n\t\t<h3 class=\"sh-heading-content size-m\">\n\t\t\t<\/span>\n<span style=\"text-align: center;\">Kva\u010dianska dolina<\/span>\n<span>\t\t<\/h3>\n\t<\/div>\n\n            <style type=\"text\/css\">\n                #heading-BM5JrhknYj .sh-heading-content {font-weight: 200!important;color: #998e70;}#heading-BM5JrhknYj .sh-heading-content strong,#heading-BM5JrhknYj .sh-heading-additional-text strong {font-family: 'Montserrat'!important;}            <\/style>\n        [vc_column_text]<\/p>\n<p style=\"text-align: center;\">35 perc aut\u00f3val<\/p>\n<p>[\/vc_column_text][\/vc_column_inner][vc_column_inner width=&#8221;1\/5&#8243;][vc_single_image image=&#8221;11769&#8243; img_size=&#8221;full&#8221; alignment=&#8221;center&#8221;]\n\n\t<div class=\"sh-heading sh-heading-style1\" id=\"heading-kgSAsw8nBP\">\n\t\t<h3 class=\"sh-heading-content size-m\">\n\t\t\t<\/span>\n<span style=\"text-align: center;\">Liptovsk\u00e1 Mara<\/span>\n<span>\t\t<\/h3>\n\t<\/div>\n\n            <style type=\"text\/css\">\n                #heading-kgSAsw8nBP .sh-heading-content {font-weight: 200!important;color: #998e70;}#heading-kgSAsw8nBP .sh-heading-content strong,#heading-kgSAsw8nBP .sh-heading-additional-text strong {font-family: 'Montserrat'!important;}            <\/style>\n        [vc_column_text]<\/p>\n<p style=\"text-align: center;\">25 perc aut\u00f3val<\/p>\n<p>[\/vc_column_text][\/vc_column_inner][\/vc_row_inner][vc_row_inner][vc_column_inner width=&#8221;1\/5&#8243;][vc_single_image image=&#8221;11770&#8243; img_size=&#8221;full&#8221; alignment=&#8221;center&#8221;]\n\n\t<div class=\"sh-heading sh-heading-style1\" id=\"heading-fE72sTeNUL\">\n\t\t<h3 class=\"sh-heading-content size-m\">\n\t\t\t<\/span>\n<span style=\"text-align: center;\">\u00dasz\u00f3medence Liptovsk\u00fd J\u00e1n<\/span>\n<span>\t\t<\/h3>\n\t<\/div>\n\n            <style type=\"text\/css\">\n                #heading-fE72sTeNUL .sh-heading-content {font-weight: 200!important;color: #998e70;}#heading-fE72sTeNUL .sh-heading-content strong,#heading-fE72sTeNUL .sh-heading-additional-text strong {font-family: 'Montserrat'!important;}            <\/style>\n        [vc_column_text]<\/p>\n<p style=\"text-align: center;\">35 perc aut\u00f3val<\/p>\n<p>[\/vc_column_text][\/vc_column_inner][vc_column_inner width=&#8221;1\/5&#8243;][vc_single_image image=&#8221;11771&#8243; img_size=&#8221;full&#8221; alignment=&#8221;center&#8221;]\n\n\t<div class=\"sh-heading sh-heading-style1\" id=\"heading-l546fsPIy2\">\n\t\t<h3 class=\"sh-heading-content size-m\">\n\t\t\t<\/span>\n<span style=\"text-align: center;\">\u013dubochnianska Dolina<\/span>\n<span>\t\t<\/h3>\n\t<\/div>\n\n            <style type=\"text\/css\">\n                #heading-l546fsPIy2 .sh-heading-content {font-weight: 200!important;color: #998e70;}#heading-l546fsPIy2 .sh-heading-content strong,#heading-l546fsPIy2 .sh-heading-additional-text strong {font-family: 'Montserrat'!important;}            <\/style>\n        [vc_column_text]<\/p>\n<p style=\"text-align: center;\">15 perc aut\u00f3val<\/p>\n<p>[\/vc_column_text][\/vc_column_inner][vc_column_inner width=&#8221;1\/5&#8243;][vc_single_image image=&#8221;11772&#8243; img_size=&#8221;full&#8221; alignment=&#8221;center&#8221;]\n\n\t<div class=\"sh-heading sh-heading-style1\" id=\"heading-v9usBURh2l\">\n\t\t<h3 class=\"sh-heading-content size-m\">\n\t\t\t<\/span>\n<span style=\"text-align: center;\">Ski &amp; Bike Park Malin\u00f4 Brdo<\/span>\n<span>\t\t<\/h3>\n\t<\/div>\n\n            <style type=\"text\/css\">\n                #heading-v9usBURh2l .sh-heading-content {font-weight: 200!important;color: #998e70;}#heading-v9usBURh2l .sh-heading-content strong,#heading-v9usBURh2l .sh-heading-additional-text strong {font-family: 'Montserrat'!important;}            <\/style>\n        [vc_column_text]<\/p>\n<p style=\"text-align: center;\">1 perc s\u00e9ta<\/p>\n<p>[\/vc_column_text][\/vc_column_inner][vc_column_inner width=&#8221;1\/5&#8243;][vc_single_image image=&#8221;11773&#8243; img_size=&#8221;full&#8221; alignment=&#8221;center&#8221;]\n\n\t<div class=\"sh-heading sh-heading-style1\" id=\"heading-HYKsVcZEog\">\n\t\t<h3 class=\"sh-heading-content size-m\">\n\t\t\t<\/span>\n<span style=\"text-align: center;\">Aquapark Tatralandia<\/span>\n<span>\t\t<\/h3>\n\t<\/div>\n\n            <style type=\"text\/css\">\n                #heading-HYKsVcZEog .sh-heading-content {font-weight: 200!important;color: #998e70;}#heading-HYKsVcZEog .sh-heading-content strong,#heading-HYKsVcZEog .sh-heading-additional-text strong {font-family: 'Montserrat'!important;}            <\/style>\n        [vc_column_text]<\/p>\n<p style=\"text-align: center;\">30 perc aut\u00f3val<\/p>\n<p>[\/vc_column_text][\/vc_column_inner][vc_column_inner width=&#8221;1\/5&#8243;][vc_single_image image=&#8221;11774&#8243; img_size=&#8221;full&#8221; alignment=&#8221;center&#8221;]\n\n\t<div class=\"sh-heading sh-heading-style1\" id=\"heading-d7GBHEetzv\">\n\t\t<h3 class=\"sh-heading-content size-m\">\n\t\t\t<\/span>\n<span style=\"text-align: center;\">Vlkol\u00ednec<\/span>\n<span>\t\t<\/h3>\n\t<\/div>\n\n            <style type=\"text\/css\">\n                #heading-d7GBHEetzv .sh-heading-content {font-weight: 200!important;color: #998e70;}#heading-d7GBHEetzv .sh-heading-content strong,#heading-d7GBHEetzv .sh-heading-additional-text strong {font-family: 'Montserrat'!important;}            <\/style>\n        [vc_column_text]<\/p>\n<p style=\"text-align: center;\">90 perc s\u00e9t\u00e1ra<\/p>\n<p>[\/vc_column_text][\/vc_column_inner][\/vc_row_inner][\/vc_column][\/vc_row]<\/p>\n","protected":false},"excerpt":{"rendered":"<p>[vc_row full_width=&#8221;stretch_row&#8221; css=&#8221;.vc_custom_1617226805509{margin-top: -31px !important;background-color: #031323 !important;}&#8221;][vc_column][vc_column_text] [\/vc_column_text][\/vc_column][\/vc_row][vc_row full_width=&#8221;stretch_row&#8221; max_width_alignment=&#8221;left&#8221; css=&#8221;.vc_custom_1615151864142{margin-top: 10px !important;margin-bottom: 45px !important;}&#8221; max_width=&#8221;1600&#8243;][vc_column width=&#8221;1\/2&#8243; css=&#8221;.vc_custom_1565183342138{margin-top: 10px !important;padding-right: 25px !important;}&#8221;] KIV\u00c9TELES K\u00d6RNYEZET [vc_column_text]A rezidenci\u00f3 elhelyez\u00e9se egyenesen a s\u00edp\u00e1lya als\u00f3 r\u00e9sz\u00e9n lehet\u0151v\u00e9 teszi a tulajdonosoknak hogy s\u00edl\u00e9cen eg\u00e9szen a chalet bej\u00e1rat\u00e1ig jussanak (SKI in&#8230;<\/p>\n","protected":false},"author":1,"featured_media":0,"parent":0,"menu_order":0,"comment_status":"closed","ping_status":"closed","template":"","meta":{"footnotes":""},"class_list":["post-16059","page","type-page","status-publish","hentry"],"_links":{"self":[{"href":"https:\/\/www.rezidenciahrabovo.sk\/hu\/wp-json\/wp\/v2\/pages\/16059","targetHints":{"allow":["GET"]}}],"collection":[{"href":"https:\/\/www.rezidenciahrabovo.sk\/hu\/wp-json\/wp\/v2\/pages"}],"about":[{"href":"https:\/\/www.rezidenciahrabovo.sk\/hu\/wp-json\/wp\/v2\/types\/page"}],"author":[{"embeddable":true,"href":"https:\/\/www.rezidenciahrabovo.sk\/hu\/wp-json\/wp\/v2\/users\/1"}],"replies":[{"embeddable":true,"href":"https:\/\/www.rezidenciahrabovo.sk\/hu\/wp-json\/wp\/v2\/comments?post=16059"}],"version-history":[{"count":7,"href":"https:\/\/www.rezidenciahrabovo.sk\/hu\/wp-json\/wp\/v2\/pages\/16059\/revisions"}],"predecessor-version":[{"id":17049,"href":"https:\/\/www.rezidenciahrabovo.sk\/hu\/wp-json\/wp\/v2\/pages\/16059\/revisions\/17049"}],"wp:attachment":[{"href":"https:\/\/www.rezidenciahrabovo.sk\/hu\/wp-json\/wp\/v2\/media?parent=16059"}],"curies":[{"name":"wp","href":"https:\/\/api.w.org\/{rel}","templated":true}]}}