{"id":16056,"date":"2019-02-27T14:40:28","date_gmt":"2019-02-27T13:40:28","guid":{"rendered":"https:\/\/www.rezidenciahrabovo.sk\/a-projektrol\/"},"modified":"2022-03-16T17:28:46","modified_gmt":"2022-03-16T16:28:46","slug":"a-projektrol","status":"publish","type":"page","link":"https:\/\/www.rezidenciahrabovo.sk\/hu\/a-projektrol\/","title":{"rendered":"A\u00a0projektr\u0151l"},"content":{"rendered":"<p>[vc_row full_width=&#8221;stretch_row&#8221; max_width_alignment=&#8221;left&#8221; css=&#8221;.vc_custom_1646996364537{margin-top: 60px !important;}&#8221; max_width=&#8221;1600&#8243;][vc_column css=&#8221;.vc_custom_1565182833752{margin-top: 20px !important;padding-right: 25px !important;}&#8221;]\n\n\t<div class=\"sh-heading sh-heading-style1\" id=\"heading-bLHVm1jtR8\">\n\t\t<h2 class=\"sh-heading-content nadpis-symbol size-default\">\n\t\t\tA PROJEKTR\u0150L\t\t<\/h2>\n\t<\/div>\n\n            <style type=\"text\/css\">\n                #heading-bLHVm1jtR8 .sh-heading-content {font-weight: 700!important;}#heading-bLHVm1jtR8 .sh-heading-content strong,#heading-bLHVm1jtR8 .sh-heading-additional-text strong {font-family: 'Montserrat'!important;}            <\/style>\n        [vc_column_text]A Hrabovo Rezidenci\u00e1t <b>186 befektet\u00e9si apartman alkotja 62 chaletban<\/b>. Jelenleg apartmanokat k\u00edn\u00e1lunk felv\u00e1s\u00e1rl\u00e1sra, amelyek remek befektet\u00e9snek \u00edg\u00e9rkeznek \u00e9s egy\u00fattal mened\u00e9ket ny\u00fajtanak a v\u00e1ros zaj\u00e1t\u00f3l Lipt\u00f3 gy\u00f6ny\u00f6r\u0171 term\u00e9szet\u00e9be. \u00d6n d\u00f6nti el mennyi id\u0151t szeretne itt t\u00f6lteni \u00e9s az \u00e9v t\u00f6bbi r\u00e9sz\u00e9ben b\u00e9rbe adhatja. Az \u00e1ltalunk k\u00edn\u00e1lt ingatlankezel\u0151i programnak h\u00e1la ez egy remek lehet\u0151s\u00e9g a hossz\u00fat\u00e1v\u00fa passz\u00edv bev\u00e9telnek.[\/vc_column_text][vc_column_text]<\/p>\n<div>Jelenleg <b>62 A \u00e9s B t\u00edpus\u00fa h\u00e1z<\/b> \u00e9p\u00edt\u00e9se \u00e9s \u00e9rt\u00e9kes\u00edt\u00e9se van folyamatban. Ezek alapter\u00fcletben k\u00fcl\u00f6nb\u00f6znek. A B t\u00edpus\u00fa h\u00e1z nagyobb \u00e9s a bennetal\u00e1lhat\u00f3 apartmanok t\u00e1gasabbak. Minden <b>h\u00e1z 3 emeletes<\/b>. <b>Az egyes emeletek k\u00fcl\u00f6n\u00e1ll\u00f3 apartmanokat<\/b> alkotnak saj\u00e1t bej\u00e1rattal \u00e9s terasszal. Minden apartmanhoz saj\u00e1t parkol\u00f3hely tartozik \u00e9s saj\u00e1t helye van a k\u00f6z\u00f6s rakt\u00e1rhelys\u00e9gben a s\u00edkell\u00e9kek \u00e9s ker\u00e9kp\u00e1rok t\u00e1rol\u00e1s\u00e1ra.<\/div>\n<p>[\/vc_column_text][vc_column_text]<\/p>\n<div class=\"x_-257807507gmail_signature\">A <b><em>m\u00e1sodik etapon bel\u00fcl<\/em><\/b> tov\u00e1bbi apartmanok \u00e9p\u00edt\u00e9se van tervben egy k\u00fcl\u00f6n\u00e1ll\u00f3 apartmanh\u00e1zban- \u00fa.n. SKY apartmanok, amelynek tov\u00e1bb\u00e1 wellness r\u00e9szleg, k\u00e1vez\u00f3, \u00e9tterem \u00e9s gyereksarok is r\u00e9sze lesz.<\/div>\n<p>[\/vc_column_text][\/vc_column][\/vc_row][vc_row full_width=&#8221;stretch_row&#8221; max_width_alignment=&#8221;left&#8221; max_width=&#8221;1600&#8243;][vc_column width=&#8221;1\/2&#8243; css=&#8221;.vc_custom_1565182833752{margin-top: 20px !important;padding-right: 25px !important;}&#8221;]\n\n\t<div class=\"sh-heading sh-heading-style1\" id=\"heading-VObkW5f9CU\">\n\t\t<h2 class=\"sh-heading-content size-default\">\n\t\t\t<\/span>\n<span style=\"text-align: left;\">A PROJEKTR\u0150L<\/span>\n<span>\t\t<\/h2>\n\t<\/div>\n\n            <style type=\"text\/css\">\n                #heading-VObkW5f9CU .sh-heading-content {font-weight: 700!important;}#heading-VObkW5f9CU .sh-heading-content strong,#heading-VObkW5f9CU .sh-heading-additional-text strong {font-family: 'Montserrat'!important;}            <\/style>\n        [vc_column_text]A Hrabovo Rezidenciaa term\u00e9szet \u00e9s a modern id\u0151t\u00e1ll\u00f3 \u00e9p\u00edteszet \u00f6sszeolvad\u00e1s\u00e1nak eredm\u00e9nye mik\u00f6zben egyedi k\u00e9pet ny\u00fajt az ide\u00e1lis pihen\u00e9sr\u0151l. A meg\u00e1lmod\u00f3ja a szlov\u00e1k modern \u00e9p\u00edt\u00e9szet ikonikus szem\u00e9lyis\u00e9ge Ing.arch. P.C.Abonyi- tbb neves \u00e9p\u00edteszeti d\u00edj tulajdonosa (Du\u0161an Jurkovi\u010d d\u00edj, Az \u00e9v \u00e9p\u00edtm\u00e9nye d\u00edj, Krist\u00e1ly sz\u00e1rny \u00e9s az el\u0151kel\u0151 CE.ZA.AR).[\/vc_column_text][vc_column_text]A projekt 40000m2 ter\u00fcleten k\u00edn\u00e1l apartmanokattipiz\u00e1lt modern \u201echalet\u201c-okban a Malin\u00f4 Brdo alatt tal\u00e1lhat\u00f3 Hrabovska v\u00f6lgyben. A SKY-apartmanh\u00e1z amelynek \u00e9p\u00edt\u00e9s\u00e9t 2022-ben tervezz\u00fck elkezdeni egy k\u00fcl\u00f6n \u00e9p\u00edt\u00e9szeti \u00e9kess\u00e9gnek \u00edg\u00e9rkezik.[\/vc_column_text][vc_column_text]<\/p>\n<p style=\"text-align: justify;\">Apartman v\u00e1s\u00e1rl\u00e1s\u00e1n gondolkozik? Agg\u00f3dik hogy nem fogja tudni el\u00e9gg\u00e9 kihaszn\u00e1lni? Ezek helyen\u00e1ll\u00f3 k\u00e9rd\u00e9sek a befektet\u00e9si d\u00f6nt\u00e9s meghozatala el\u0151tt. Az \u00d6n \u00faj apartmanja besorol\u00e1s\u00e1val az ingatlankezel\u0151i programunkba bebiztos\u00edtjuk annak gondtalan b\u00e9rbead\u00e1s\u00e1t \u00e9s \u00d6nnek stabil passz\u00edv j\u00f6vedelmet.<\/p>\n<p>[\/vc_column_text][vc_raw_html]PCEtLSA8YSBjbGFzcz0ibW9ieCIgZGF0YS1yZWw9ImhvdGVsb3Z5LXByb2dyYW0temFrbGFkIiBocmVmPSJodHRwczovL3d3dy5yZXppZGVuY2lhaHJhYm92by5zay9ob3RlbG92eS1wcm9ncmFtLyIgZGF0YS10eXBlPSJpZnJhbWUiIGRhdGEtdGl0bGU9IkhvdGVsb3bDvSBwcm9ncmFtICYgdsO9aG9keSBpbnZlc3TDrWNpZSI+SG90ZWxvdsO9IHByb2dyYW08L2E+Ci0tPg==[\/vc_raw_html][vc_raw_html]PCEtLSA8YSBjbGFzcz0ibW9ieCIgZGF0YS1yZWw9ImRpemFqbi1tYW51YWwiIGRhdGEtc3JjPSJodHRwczovL2RvY3MuZ29vZ2xlLmNvbS9ndmlldz91cmw9aHR0cHM6Ly93d3cucmV6aWRlbmNpYWhyYWJvdm8uc2svd3AtY29udGVudC91cGxvYWRzLzIwMTkvMTIvZGl6YWpuLW1hbnVhbC1sZW4tbmEtdWthemt1LnBkZiZlbWJlZGRlZD10cnVlIiBkYXRhLXR5cGU9ImlmcmFtZSIgZGF0YS10aXRsZT0iRElaQUpOIE1BTlXDgUwiPkRpemFqbiBNYW51w6FsPC9hPgotLT4=[\/vc_raw_html][\/vc_column][vc_column width=&#8221;1\/2&#8243;][vc_single_image image=&#8221;10084&#8243; img_size=&#8221;full&#8221; alignment=&#8221;center&#8221; css=&#8221;.vc_custom_1621182775413{margin-top: 30px !important;}&#8221;][\/vc_column][\/vc_row][vc_row full_width=&#8221;stretch_row&#8221; css=&#8221;.vc_custom_1618501261448{margin-top: 20px !important;margin-bottom: 0px !important;background-color: #ededed !important;}&#8221;][vc_column]\n\n\t<div class=\"sh-heading sh-heading-style1\" id=\"heading-I2v4Z5X0Wu\">\n\t\t<h2 class=\"sh-heading-content nadpis-symbol size-l\">\n\t\t\t<\/span>\n<span style=\"text-align: left;\">Peter C. Abonyi &#8211; projekt \u00e9p\u00edt\u00e9sz Rezidencie Hrabovo<\/span>\n<span>\t\t<\/h2>\n\t<\/div>\n\n            <style type=\"text\/css\">\n                #heading-I2v4Z5X0Wu .sh-heading-content {font-weight: 200!important;}#heading-I2v4Z5X0Wu .sh-heading-content strong,#heading-I2v4Z5X0Wu .sh-heading-additional-text strong {font-family: 'Montserrat'!important;}            <\/style>\n        [vc_row_inner css=&#8221;.vc_custom_1618499560707{margin-top: 30px !important;}&#8221;][vc_column_inner width=&#8221;1\/5&#8243;][vc_single_image image=&#8221;9174&#8243; img_size=&#8221;full&#8221; alignment=&#8221;center&#8221;][vc_column_text css=&#8221;.vc_custom_1558092249147{margin-top: -30px !important;}&#8221; el_class=&#8221;popis-ceny&#8221;]<\/p>\n<p style=\"text-align: center;\">Krist\u00e1ly sz\u00e1rny 2012<br \/>\nM\u0171\u00e9p\u00edt\u00e9szet kateg\u00f3ri\u00e1ban<\/p>\n<p>[\/vc_column_text][\/vc_column_inner][vc_column_inner width=&#8221;1\/5&#8243;][vc_single_image image=&#8221;9172&#8243; img_size=&#8221;full&#8221; alignment=&#8221;center&#8221;][vc_column_text css=&#8221;.vc_custom_1644246704427{margin-top: -30px !important;}&#8221; el_class=&#8221;popis-ceny&#8221;]<\/p>\n<p style=\"text-align: center;\"><b>CE*ZA*AR<\/b> 2012<\/p>\n<p>[\/vc_column_text][\/vc_column_inner][vc_column_inner width=&#8221;1\/5&#8243;][vc_single_image image=&#8221;9166&#8243; img_size=&#8221;full&#8221; alignment=&#8221;center&#8221;][vc_column_text css=&#8221;.vc_custom_1558093294547{margin-top: -30px !important;}&#8221; el_class=&#8221;citacia&#8221;]<\/p>\n<p style=\"text-align: center;\">\u201cAz architekt\u00fara szintetikus<br \/>\na kult\u00fara \u00e9s a civiliz\u00e1ci\u00f3 mutat\u00f3ja.\u201d<\/p>\n<p>[\/vc_column_text][\/vc_column_inner][vc_column_inner width=&#8221;1\/5&#8243;][vc_single_image image=&#8221;9173&#8243; img_size=&#8221;full&#8221; alignment=&#8221;center&#8221;][vc_column_text css=&#8221;.vc_custom_1558092169920{margin-top: -30px !important;}&#8221; el_class=&#8221;popis-ceny&#8221;]<\/p>\n<p style=\"text-align: center;\">Kit\u00fcntet\u00e9sek Du\u0161ana Jurkovi\u010da<\/p>\n<p>[\/vc_column_text][\/vc_column_inner][vc_column_inner width=&#8221;1\/5&#8243;][vc_single_image image=&#8221;9175&#8243; img_size=&#8221;full&#8221; alignment=&#8221;center&#8221;][vc_column_text css=&#8221;.vc_custom_1558092279902{margin-top: -30px !important;}&#8221; el_class=&#8221;popis-ceny&#8221;]<\/p>\n<p style=\"text-align: center;\">Az \u00e9v \u00e9p\u00edt\u00e9se<\/p>\n<p>[\/vc_column_text][\/vc_column_inner][\/vc_row_inner][\/vc_column][\/vc_row][vc_row full_width=&#8221;stretch_row&#8221; css=&#8221;.vc_custom_1618501299337{padding-top: 30px !important;padding-right: 40px !important;padding-bottom: 50px !important;padding-left: 40px !important;background-color: #f4f2ec !important;}&#8221;][vc_column][vc_column_text]<\/p>\n<h2 class=\"nadpis-symbol\" style=\"text-align: left;\">INGATLANKEZEL\u0150I PROGRAM<\/h2>\n<p><strong>M\u00e9lt\u00e1nyoss\u00e1g &#8211;<\/strong> az \u00d6n apartmanja eg\u00e9sz\u00e9ves kihaszn\u00e1l\u00e1sra bocs\u00e1t\u00e1sa amely a programba helyez\u00e9se ut\u00e1n a kihaszn\u00e1lts\u00e1gi program r\u00e9sz\u00e9v\u00e9 v\u00e1lik<\/p>\n<p><strong>Rugalmass\u00e1g &#8211;<\/strong> \u00e9lvezheti az \u00fcd\u00fcl\u00e9st apartmanj\u00e1ban az \u00d6n \u00e1ltal v\u00e1lasztott id\u0151pontban az \u00e9v \u00f6sszes szak\u00e1ban<\/p>\n<p><strong>Gondtalans\u00e1g &#8211;<\/strong> mindenr\u0151l gondoskodva lesz az \u00d6n szem\u00e9lyes r\u00e9szv\u00e9tele sz\u00fcks\u00e9ge n\u00e9lk\u00fcl, nem kell semmivel t\u00f6r\u0151dnie, mindent az ingatlankezel\u0151 int\u00e9z<\/p>\n<p><strong>Rend- \u00e9s karbantart\u00e1s &#8211;<\/strong> az apartmanok takar\u00edt\u00e1s\u00e1t, a z\u00f6ld ter\u00fcletek \u00e9s a rezidenci\u00f3 gondoz\u00e1s\u00e1t \u00e9s a k\u00fcls\u0151 ter\u00fcletek eg\u00e9sz\u00e9ves gondoz\u00e1s\u00e1t a karbantart\u00f3 t\u00e1rsas\u00e1g biztos\u00edtja<\/p>\n<p><strong>Szolg\u00e1ltat\u00e1sok &#8211;<\/strong> \u00e1rengedm\u00e9ny a s\u00edkell\u00e9kek \u00e9s ker\u00e9kp\u00e1rok k\u00f6lcs\u00f6nz\u00e9s\u00e9re, s\u00edleck\u00e9kre, wellness csomagok, baby sitting \u00e9s sok m\u00e1s..[\/vc_column_text][vc_row_inner css=&#8221;.vc_custom_1617143048354{padding-top: 10px !important;}&#8221;][vc_column_inner width=&#8221;1\/6&#8243;][\/vc_column_inner][vc_column_inner width=&#8221;2\/3&#8243;][vc_raw_html]JTNDZGl2JTIwY2xhc3MlM0QlMjJidXR0b24tcHJlaGxpYWRrYSUyMiUzRSUwQSUzQ2ElMjBjbGFzcyUzRCUyMm1vYnglMjB2Y19nZW5lcmFsJTIwdmNfYnRuMyUyMHZjX2J0bjMtc2l6ZS1tZCUyMHZjX2J0bjMtc2hhcGUtc3F1YXJlJTIwdmNfYnRuMy1zdHlsZS1tb2Rlcm4lMjB2Y19idG4zLWJsb2NrJTIwdmNfYnRuMy1jb2xvci1ncmV5JTIyJTIwZGF0YS1yZWwlM0QlMjJob3RlbG92eS1wcm9ncmFtLXpha2xhZCUyMiUyMGhyZWYlM0QlMjJodHRwcyUzQSUyRiUyRnd3dy5yZXppZGVuY2lhaHJhYm92by5zayUyRmh1JTJGaG90ZWxvdnktcHJvZ3JhbSUyRiUyMiUyMGRhdGEtdHlwZSUzRCUyMmlmcmFtZSUyMiUyMGRhdGEtdGl0bGUlM0QlMjJIb3RlbG92JUMzJUJEJTIwcHJvZ3JhbSUyMCUyNmFtcCUzQiUyMHYlQzMlQkRob2R5JTIwaW52ZXN0JUMzJUFEY2llJTIyJTNFQiVDNSU5MFZFQkJFTiUzQyUyRmElM0UlMEElM0MlMkZkaXYlM0U=[\/vc_raw_html][\/vc_column_inner][vc_column_inner width=&#8221;1\/6&#8243;][\/vc_column_inner][\/vc_row_inner][\/vc_column][\/vc_row][vc_row disable_element=&#8221;yes&#8221; css=&#8221;.vc_custom_1615146001991{margin-bottom: 45px !important;}&#8221;][vc_column width=&#8221;1\/2&#8243;][vc_btn title=&#8221;SZ\u00c1LLODAI PROGRAM&#8221; shape=&#8221;square&#8221; align=&#8221;center&#8221; button_block=&#8221;true&#8221; el_class=&#8221;button-prehliadka&#8221; css=&#8221;.vc_custom_1592379133998{margin-top: 40px !important;}&#8221; link=&#8221;url:https%3A%2F%2Fwww.rezidenciahrabovo.sk%2Fhu%2Fszallodai-program%2F|title:Sz%C3%A1llodai%20program|target:%20_blank|&#8221;][\/vc_column][vc_column width=&#8221;1\/2&#8243;][vc_btn title=&#8221;F\u00c9NYK\u00c9PGAL\u00c9RIA&#8221; shape=&#8221;square&#8221; align=&#8221;center&#8221; button_block=&#8221;true&#8221; el_class=&#8221;button-prehliadka&#8221; css=&#8221;.vc_custom_1577531304090{margin-top: 40px !important;}&#8221; link=&#8221;url:https%3A%2F%2Fwww.rezidenciahrabovo.sk%2Fhu%2Ffenykepgaleria%2F|title:F%C3%A9nyk%C3%A9pgal%C3%A9ria|&#8221;][\/vc_column][\/vc_row][vc_row full_width=&#8221;stretch_row&#8221; disable_element=&#8221;yes&#8221; max_width_alignment=&#8221;left&#8221; css=&#8221;.vc_custom_1616436342982{margin-top: 60px !important;padding-top: 40px !important;padding-bottom: 60px !important;background-color: #e8e8e8 !important;}&#8221; max_width=&#8221;1600&#8243;][vc_column css=&#8221;.vc_custom_1565182856719{margin-top: 15px !important;}&#8221;][vc_row_inner][vc_column_inner width=&#8221;1\/2&#8243;][vc_single_image image=&#8221;10278&#8243; img_size=&#8221;full&#8221; alignment=&#8221;center&#8221;][\/vc_column_inner][vc_column_inner width=&#8221;1\/2&#8243;]\n\n\t<div class=\"sh-heading sh-heading-style1\" id=\"heading-XBKIEtM8eu\">\n\t\t<h2 class=\"sh-heading-content nadpis-symbol size-l\">\n\t\t\t<\/span>\n<span style=\"text-align: left;\">INGATLANKEZEL\u0150I PROGRAM<\/span>\n<span>\t\t<\/h2>\n\t<\/div>\n\n            <style type=\"text\/css\">\n                #heading-XBKIEtM8eu .sh-heading-content {font-weight: 200!important;}#heading-XBKIEtM8eu .sh-heading-content strong,#heading-XBKIEtM8eu .sh-heading-additional-text strong {font-family: 'Montserrat'!important;}            <\/style>\n        [vc_column_text]Fah\u00e1z vagy apartman v\u00e1s\u00e1rl\u00e1s\u00e1n gondolkodik? Agg\u00f3dik hogy nem fogja tudni el\u00e9gg\u00e9 kihaszn\u00e1lni? Ezek a k\u00e9rd\u00e9sek mindig a d\u00f6nt\u00e9s el\u0151tt \u00e1llnak a hely\u00fck\u00f6n. Befektet\u00e9s\u00e9nek a sz\u00e1llodai programba val\u00f3 bevon\u00e1sa biztos\u00edtja annak gondtalan b\u00e9rl\u00e9s\u00e9t, \u00e9s ebb\u0151l a b\u00e9rbead\u00e1sb\u00f3l bev\u00e9telhez jut a k\u00f6lts\u00e9gek \u00e9s jutal\u00e9kok levon\u00e1sa ut\u00e1n.<\/p>\n<p>A Rezidencie Hrabovo alapkezel\u0151 t\u00e1rsas\u00e1g gondoskodik az \u00d6n b\u00e9rl\u00e9ssel kapcsolatos minden gondj\u00e1r\u00f3l, mik\u00f6zben a nyaral\u00f3k \u00e9s apartmanok tulajdonosai bev\u00e9tel\u00e9nek maximaliz\u00e1l\u00e1s\u00e1\u00e9rt is felel\u0151s. Ezenk\u00edv\u00fcl biztos\u00edtja a sz\u00fcks\u00e9ges szolg\u00e1ltat\u00e1si sz\u00ednvonalat a tulajdonos vagy m\u00e1s tart\u00f3zkod\u00e1sok sz\u00e1m\u00e1ra.[\/vc_column_text][\/vc_column_inner][\/vc_row_inner]\n\n\t<div class=\"sh-heading sh-heading-style1\" id=\"heading-yvHGzIfOpQ\">\n\t\t<h2 class=\"sh-heading-content nadpis-symbol size-l\">\n\t\t\t<\/span>\n<span style=\"text-align: left;\">A BEFEKTET\u00c9S EL\u0150NYEI<\/span>\n<span>\t\t<\/h2>\n\t<\/div>\n\n            <style type=\"text\/css\">\n                #heading-yvHGzIfOpQ .sh-heading-content {font-weight: 200!important;}#heading-yvHGzIfOpQ .sh-heading-content strong,#heading-yvHGzIfOpQ .sh-heading-additional-text strong {font-family: 'Montserrat'!important;}            <\/style>\n        [vc_column_text]<strong>Rugalmass\u00e1g &#8211;<\/strong> Ingatlan\u00e1t csak saj\u00e1t ig\u00e9nyeire haszn\u00e1lhatja, vagy b\u00e9relheti egy alapkezel\u0151 t\u00e1rsas\u00e1gon kereszt\u00fcl, amely biztos\u00edtja a rezidencia m\u0171k\u00f6d\u00e9s\u00e9t.<\/p>\n<p><strong>Gondtalans\u00e1g &#8211;<\/strong> mindenr\u0151l gondoskodva lesz az \u00d6n szem\u00e9lyes r\u00e9szv\u00e9tele sz\u00fcks\u00e9ge n\u00e9lk\u00fcl, nem kell semmivel t\u00f6r\u0151dnie, mindent az ingatlankezel\u0151 int\u00e9z<\/p>\n<p><strong>Rend \u00e9s karbantart\u00e1s &#8211;<\/strong> a rezidencia vezet\u0151j\u00e9nek munkat\u00e1rsai gondoskodnak a lak\u00e1s rendj\u00e9r\u0151l, a tereprendez\u00e9sr\u0151l \u00e9s az eg\u00e9sz \u00e9ves karbantart\u00e1sr\u00f3l.<\/p>\n<p><strong>Szolg\u00e1ltat\u00e1sok &#8211;<\/strong> \u00e9tterem, k\u00e1v\u00e9z\u00f3, wellness, gyereksarok \u00e9s egyebek<\/p>\n<p><strong>Tev\u00e9kenys\u00e9gek &#8211;<\/strong> S\u00cd &amp; KER\u00c9KP\u00c1R &amp; WELLNESS &amp; TERM\u00c9SZETTURIZMUS[\/vc_column_text][\/vc_column][\/vc_row]<\/p>\n","protected":false},"excerpt":{"rendered":"<p>[vc_row full_width=&#8221;stretch_row&#8221; max_width_alignment=&#8221;left&#8221; css=&#8221;.vc_custom_1646996364537{margin-top: 60px !important;}&#8221; max_width=&#8221;1600&#8243;][vc_column css=&#8221;.vc_custom_1565182833752{margin-top: 20px !important;padding-right: 25px !important;}&#8221;] A PROJEKTR\u0150L [vc_column_text]A Hrabovo Rezidenci\u00e1t 186 befektet\u00e9si apartman alkotja 62 chaletban. Jelenleg apartmanokat k\u00edn\u00e1lunk felv\u00e1s\u00e1rl\u00e1sra, amelyek remek befektet\u00e9snek \u00edg\u00e9rkeznek \u00e9s egy\u00fattal mened\u00e9ket ny\u00fajtanak a v\u00e1ros zaj\u00e1t\u00f3l Lipt\u00f3 gy\u00f6ny\u00f6r\u0171 term\u00e9szet\u00e9be. \u00d6n d\u00f6nti el mennyi&#8230;<\/p>\n","protected":false},"author":1,"featured_media":0,"parent":0,"menu_order":0,"comment_status":"closed","ping_status":"closed","template":"","meta":{"footnotes":""},"class_list":["post-16056","page","type-page","status-publish","hentry"],"_links":{"self":[{"href":"https:\/\/www.rezidenciahrabovo.sk\/hu\/wp-json\/wp\/v2\/pages\/16056","targetHints":{"allow":["GET"]}}],"collection":[{"href":"https:\/\/www.rezidenciahrabovo.sk\/hu\/wp-json\/wp\/v2\/pages"}],"about":[{"href":"https:\/\/www.rezidenciahrabovo.sk\/hu\/wp-json\/wp\/v2\/types\/page"}],"author":[{"embeddable":true,"href":"https:\/\/www.rezidenciahrabovo.sk\/hu\/wp-json\/wp\/v2\/users\/1"}],"replies":[{"embeddable":true,"href":"https:\/\/www.rezidenciahrabovo.sk\/hu\/wp-json\/wp\/v2\/comments?post=16056"}],"version-history":[{"count":14,"href":"https:\/\/www.rezidenciahrabovo.sk\/hu\/wp-json\/wp\/v2\/pages\/16056\/revisions"}],"predecessor-version":[{"id":17381,"href":"https:\/\/www.rezidenciahrabovo.sk\/hu\/wp-json\/wp\/v2\/pages\/16056\/revisions\/17381"}],"wp:attachment":[{"href":"https:\/\/www.rezidenciahrabovo.sk\/hu\/wp-json\/wp\/v2\/media?parent=16056"}],"curies":[{"name":"wp","href":"https:\/\/api.w.org\/{rel}","templated":true}]}}